{"id":135990,"date":"2023-11-10T08:33:58","date_gmt":"2023-11-10T07:40:22","guid":{"rendered":"https:\/\/www.sylvie-monthule.com\/?post_type=product&#038;p=135990"},"modified":"2025-01-10T11:41:16","modified_gmt":"2025-01-10T10:41:16","slug":"collar-senos-manzana-crujiente-plata","status":"publish","type":"product","link":"https:\/\/www.sylvie-monthule.com\/es\/joya\/collar-senos-manzana-crujiente-plata\/","title":{"rendered":"Collar senos manzana crujiente Plata"},"content":{"rendered":"<p>La manzana de plata en su escote es una fruta deliciosa. Del\u00e9itese con las caricias de una joya que despierta los sentidos: admire su redondez, suavidad y resplandor. So\u00f1ar\u00e1 con coger la fruta cuyas cadenas bajo la tela&#8230; Imaginar\u00e1s el plata abrazando los pezones, las hojas colgantes en miniatura&#8230; Una joya \u00edntima para saborear la sensualidad \u00a1y morder el amor!<\/p>\n","protected":false},"excerpt":{"rendered":"<p>Gracias a la cadena de ajuste del cuello,<br \/>\nPuedes ajustar la posici\u00f3n del colgante como desees.<br \/>\nCollar\u00edn de pecho con sistema no perforador, indoloro<br \/>\ny deslizante, adapt\u00e1ndose a todos los di\u00e1metros de tetina.<\/p>\n<p>Manzana y adornos:<br \/>\nChapado en plata de 10 micras sobre metal.<br \/>\nAltura de la manzana: 1,5 cm (aprox.)<br \/>\nHipoalerg\u00e9nico.<\/p>\n","protected":false},"featured_media":135435,"template":"","meta":{"_acf_changed":false},"product_brand":[],"product_cat":[90,95],"product_tag":[],"class_list":{"0":"post-135990","1":"product","2":"type-product","3":"status-publish","4":"has-post-thumbnail","6":"product_cat-joyerias-mujeres","7":"product_cat-joyerias-pechos-sin-piercing","8":"collection-el-jardin-prohibido","10":"first","11":"instock","12":"taxable","13":"shipping-taxable","14":"purchasable","15":"product-type-simple"},"acf":[],"_links":{"self":[{"href":"https:\/\/www.sylvie-monthule.com\/es\/wp-json\/wp\/v2\/product\/135990","targetHints":{"allow":["GET"]}}],"collection":[{"href":"https:\/\/www.sylvie-monthule.com\/es\/wp-json\/wp\/v2\/product"}],"about":[{"href":"https:\/\/www.sylvie-monthule.com\/es\/wp-json\/wp\/v2\/types\/product"}],"wp:featuredmedia":[{"embeddable":true,"href":"https:\/\/www.sylvie-monthule.com\/es\/wp-json\/wp\/v2\/media\/135435"}],"wp:attachment":[{"href":"https:\/\/www.sylvie-monthule.com\/es\/wp-json\/wp\/v2\/media?parent=135990"}],"wp:term":[{"taxonomy":"product_brand","embeddable":true,"href":"https:\/\/www.sylvie-monthule.com\/es\/wp-json\/wp\/v2\/product_brand?post=135990"},{"taxonomy":"product_cat","embeddable":true,"href":"https:\/\/www.sylvie-monthule.com\/es\/wp-json\/wp\/v2\/product_cat?post=135990"},{"taxonomy":"product_tag","embeddable":true,"href":"https:\/\/www.sylvie-monthule.com\/es\/wp-json\/wp\/v2\/product_tag?post=135990"}],"curies":[{"name":"wp","href":"https:\/\/api.w.org\/{rel}","templated":true}]}}