{"id":135987,"date":"2023-11-10T08:33:58","date_gmt":"2023-11-10T07:33:58","guid":{"rendered":"https:\/\/www.sylvie-monthule.com\/?post_type=product&#038;p=135987"},"modified":"2025-01-10T11:41:17","modified_gmt":"2025-01-10T10:41:17","slug":"collar-senos-rosa-del-amor-oro","status":"publish","type":"product","link":"https:\/\/www.sylvie-monthule.com\/es\/joya\/collar-senos-rosa-del-amor-oro\/","title":{"rendered":"Collar senos Rosa del amor Oro"},"content":{"rendered":"<p>Una rosa de p\u00e9talos de oro centellea en la abertura de su vestido. Su coraz\u00f3n de terciopelo parece albergar una perla en miniatura La rosa suelta una gota de oro y roc\u00edo como una l\u00e1grima de perfume sobre la piel temblorosa. Y cuando su pecho est\u00e1 por fin desnudo, las cadenas acarician sus pechos y los destellos puros abrazan sus pezones&#8230; El amor se convierte en pasi\u00f3n, en placer infinito&#8230;<\/p>\n","protected":false},"excerpt":{"rendered":"<p>Gracias a la cadena de ajuste del cuello,<br \/>\nPuedes ajustar la posici\u00f3n del colgante como desees.<br \/>\nCollar\u00edn de pecho con sistema no piercing, indoloro<br \/>\ny deslizante, adapt\u00e1ndose a todos los di\u00e1metros de tetina.<\/p>\n<p>Rosa y adornos:<br \/>\nAcabado de 1 micra de 16 kilates y 24 kilates sobre metal.<br \/>\nPiedras de cristal de colores cristalinos.<br \/>\nAltura de la rosa: 2,5 cm (aprox.)<br \/>\nHipoalerg\u00e9nico.<\/p>\n","protected":false},"featured_media":135459,"template":"","meta":{"_acf_changed":false},"product_brand":[],"product_cat":[90,95],"product_tag":[],"class_list":{"0":"post-135987","1":"product","2":"type-product","3":"status-publish","4":"has-post-thumbnail","6":"product_cat-joyerias-mujeres","7":"product_cat-joyerias-pechos-sin-piercing","8":"collection-el-jardin-prohibido","10":"first","11":"instock","12":"taxable","13":"shipping-taxable","14":"purchasable","15":"product-type-simple"},"acf":[],"_links":{"self":[{"href":"https:\/\/www.sylvie-monthule.com\/es\/wp-json\/wp\/v2\/product\/135987","targetHints":{"allow":["GET"]}}],"collection":[{"href":"https:\/\/www.sylvie-monthule.com\/es\/wp-json\/wp\/v2\/product"}],"about":[{"href":"https:\/\/www.sylvie-monthule.com\/es\/wp-json\/wp\/v2\/types\/product"}],"wp:featuredmedia":[{"embeddable":true,"href":"https:\/\/www.sylvie-monthule.com\/es\/wp-json\/wp\/v2\/media\/135459"}],"wp:attachment":[{"href":"https:\/\/www.sylvie-monthule.com\/es\/wp-json\/wp\/v2\/media?parent=135987"}],"wp:term":[{"taxonomy":"product_brand","embeddable":true,"href":"https:\/\/www.sylvie-monthule.com\/es\/wp-json\/wp\/v2\/product_brand?post=135987"},{"taxonomy":"product_cat","embeddable":true,"href":"https:\/\/www.sylvie-monthule.com\/es\/wp-json\/wp\/v2\/product_cat?post=135987"},{"taxonomy":"product_tag","embeddable":true,"href":"https:\/\/www.sylvie-monthule.com\/es\/wp-json\/wp\/v2\/product_tag?post=135987"}],"curies":[{"name":"wp","href":"https:\/\/api.w.org\/{rel}","templated":true}]}}