{"id":135927,"date":"2023-11-10T08:33:48","date_gmt":"2023-11-10T07:33:48","guid":{"rendered":"https:\/\/www.sylvie-monthule.com\/?post_type=product&#038;p=135927"},"modified":"2025-01-10T11:41:30","modified_gmt":"2025-01-10T10:41:30","slug":"joya-de-cintura-rosa-del-amor-oro","status":"publish","type":"product","link":"https:\/\/www.sylvie-monthule.com\/es\/joya\/joya-de-cintura-rosa-del-amor-oro\/","title":{"rendered":"Joya de cintura Rosa del amor Oro"},"content":{"rendered":"<p>Reg\u00e1lale una rosa de oro para decirle \u00abte quiero\u00bb&#8230; Reg\u00e1lale una rosa \u00fanica para realzar su feminidad. La flor con sus p\u00e9talos de terciopelo se coloca donde se revelan sus curvas&#8230; y la rosa se desliza entre sus nalgas una gota de perfume con un coraz\u00f3n rebosante de roc\u00edo, una piedra redonda, abovedada, transparente, con reflejos cristalinos&#8230; Y si una rosa \u00fanica, una rosa joya coronara tu feminidad.<\/p>\n","protected":false},"excerpt":{"rendered":"<p>Indique su elecci\u00f3n en el bloque de tama\u00f1o:<br \/>\nS, M, L, XL&#8230;. Sea cual sea la talla que elijas<br \/>\nnuestra joyer\u00eda de cintura tiene un ajuste.<\/p>\n<p>Rosa y adornos:<br \/>\nAcabado de 1 micra de 16 kilates y 24 kilates sobre metal.<br \/>\nPiedra de cristal de color transparente.<br \/>\nAltura Rosa; 2,5 cm (aprox.)<br \/>\nHipoalerg\u00e9nico.<\/p>\n","protected":false},"featured_media":135375,"template":"","meta":{"_acf_changed":false},"product_brand":[],"product_cat":[90,97],"product_tag":[],"class_list":{"0":"post-135927","1":"product","2":"type-product","3":"status-publish","4":"has-post-thumbnail","6":"product_cat-joyerias-mujeres","7":"product_cat-joyerias-cintura-y-tobillo","8":"collection-el-jardin-prohibido","10":"first","11":"instock","12":"taxable","13":"shipping-taxable","14":"purchasable","15":"product-type-variable","16":"has-default-attributes"},"acf":[],"_links":{"self":[{"href":"https:\/\/www.sylvie-monthule.com\/es\/wp-json\/wp\/v2\/product\/135927","targetHints":{"allow":["GET"]}}],"collection":[{"href":"https:\/\/www.sylvie-monthule.com\/es\/wp-json\/wp\/v2\/product"}],"about":[{"href":"https:\/\/www.sylvie-monthule.com\/es\/wp-json\/wp\/v2\/types\/product"}],"wp:featuredmedia":[{"embeddable":true,"href":"https:\/\/www.sylvie-monthule.com\/es\/wp-json\/wp\/v2\/media\/135375"}],"wp:attachment":[{"href":"https:\/\/www.sylvie-monthule.com\/es\/wp-json\/wp\/v2\/media?parent=135927"}],"wp:term":[{"taxonomy":"product_brand","embeddable":true,"href":"https:\/\/www.sylvie-monthule.com\/es\/wp-json\/wp\/v2\/product_brand?post=135927"},{"taxonomy":"product_cat","embeddable":true,"href":"https:\/\/www.sylvie-monthule.com\/es\/wp-json\/wp\/v2\/product_cat?post=135927"},{"taxonomy":"product_tag","embeddable":true,"href":"https:\/\/www.sylvie-monthule.com\/es\/wp-json\/wp\/v2\/product_tag?post=135927"}],"curies":[{"name":"wp","href":"https:\/\/api.w.org\/{rel}","templated":true}]}}