{"id":135915,"date":"2023-11-10T08:33:46","date_gmt":"2023-11-10T07:40:32","guid":{"rendered":"https:\/\/www.sylvie-monthule.com\/?post_type=product&#038;p=135915"},"modified":"2025-01-10T11:40:56","modified_gmt":"2025-01-10T10:40:56","slug":"joya-pene-hoja-plata","status":"publish","type":"product","link":"https:\/\/www.sylvie-monthule.com\/es\/joya\/joya-pene-hoja-plata\/","title":{"rendered":"Joya pene Hoja Plata"},"content":{"rendered":"<p>Una Hoja de plata adorna la base de su pene, engarzada con una piedra redonda y azul. Una joya con un dise\u00f1o puro y sobrio inspirado en la naturaleza y las formas que tan bellamente realzan la desnudez. La gota llena que se balancea bajo su sexo y acaricia la piel es un recuerdo del deseo. Una joya para \u00c9l en armon\u00eda con la l\u00ednea Hoja para Ella&#8230;<\/p>\n","protected":false},"excerpt":{"rendered":"<p>Joyas para el pene con base el\u00e1stica.<br \/>\npara un soporte perfecto.<\/p>\n<p>Hoja y adornos:<br \/>\nChapado en plata de 10 micras sobre metal.<br \/>\nPiedra de cristal color aguamarina.<br \/>\nColgante de gota completa.<br \/>\nHipoalerg\u00e9nico.<\/p>\n","protected":false},"featured_media":135079,"template":"","meta":{"_acf_changed":false},"product_brand":[],"product_cat":[102,104],"product_tag":[],"class_list":{"0":"post-135915","1":"product","2":"type-product","3":"status-publish","4":"has-post-thumbnail","6":"product_cat-joyerias-hombres","7":"product_cat-joyerias-intimo-sexo","8":"collection-el-jardin-prohibido","10":"first","11":"instock","12":"taxable","13":"shipping-taxable","14":"purchasable","15":"product-type-simple"},"acf":[],"_links":{"self":[{"href":"https:\/\/www.sylvie-monthule.com\/es\/wp-json\/wp\/v2\/product\/135915","targetHints":{"allow":["GET"]}}],"collection":[{"href":"https:\/\/www.sylvie-monthule.com\/es\/wp-json\/wp\/v2\/product"}],"about":[{"href":"https:\/\/www.sylvie-monthule.com\/es\/wp-json\/wp\/v2\/types\/product"}],"wp:featuredmedia":[{"embeddable":true,"href":"https:\/\/www.sylvie-monthule.com\/es\/wp-json\/wp\/v2\/media\/135079"}],"wp:attachment":[{"href":"https:\/\/www.sylvie-monthule.com\/es\/wp-json\/wp\/v2\/media?parent=135915"}],"wp:term":[{"taxonomy":"product_brand","embeddable":true,"href":"https:\/\/www.sylvie-monthule.com\/es\/wp-json\/wp\/v2\/product_brand?post=135915"},{"taxonomy":"product_cat","embeddable":true,"href":"https:\/\/www.sylvie-monthule.com\/es\/wp-json\/wp\/v2\/product_cat?post=135915"},{"taxonomy":"product_tag","embeddable":true,"href":"https:\/\/www.sylvie-monthule.com\/es\/wp-json\/wp\/v2\/product_tag?post=135915"}],"curies":[{"name":"wp","href":"https:\/\/api.w.org\/{rel}","templated":true}]}}