{"id":135900,"date":"2023-11-10T08:33:44","date_gmt":"2023-11-10T07:40:33","guid":{"rendered":"https:\/\/www.sylvie-monthule.com\/?post_type=product&#038;p=135900"},"modified":"2025-01-10T11:40:58","modified_gmt":"2025-01-10T10:40:58","slug":"joya-testiculos-oro-trio-bolas-hematites","status":"publish","type":"product","link":"https:\/\/www.sylvie-monthule.com\/es\/joya\/joya-testiculos-oro-trio-bolas-hematites\/","title":{"rendered":"Joya test\u00edculos oro trio bolas hematites"},"content":{"rendered":"<p>Las 3 bolas de hematites enroscadas bajo tu pene \u00a1juegan con tus sentidos! Las bolas s\u00f3lidas suspendidas con cadenas de oro tintinean y se agitan sin cesar sobre tus test\u00edculos. Una joya para el pene que sentir\u00e1s en la piel y que su pareja le encantar\u00e1 tocar durante el sexo&#8230;<\/p>\n","protected":false},"excerpt":{"rendered":"<p>Joyas para test\u00edculos con base el\u00e1stica.<br \/>\npara un soporte perfecto.<\/p>\n<p>Cadena alta dorada 1 micra 16 kilates<br \/>\ny acabado de 24 quilates sobre metal.<br \/>\nBolas de hematita como colgantes.<br \/>\nHipoalerg\u00e9nico.<\/p>\n","protected":false},"featured_media":135159,"template":"","meta":{"_acf_changed":false},"product_brand":[],"product_cat":[102,104],"product_tag":[],"class_list":{"0":"post-135900","1":"product","2":"type-product","3":"status-publish","4":"has-post-thumbnail","6":"product_cat-joyerias-hombres","7":"product_cat-joyerias-intimo-sexo","8":"collection-el-jardin-prohibido","10":"first","11":"instock","12":"taxable","13":"shipping-taxable","14":"purchasable","15":"product-type-simple"},"acf":[],"_links":{"self":[{"href":"https:\/\/www.sylvie-monthule.com\/es\/wp-json\/wp\/v2\/product\/135900","targetHints":{"allow":["GET"]}}],"collection":[{"href":"https:\/\/www.sylvie-monthule.com\/es\/wp-json\/wp\/v2\/product"}],"about":[{"href":"https:\/\/www.sylvie-monthule.com\/es\/wp-json\/wp\/v2\/types\/product"}],"wp:featuredmedia":[{"embeddable":true,"href":"https:\/\/www.sylvie-monthule.com\/es\/wp-json\/wp\/v2\/media\/135159"}],"wp:attachment":[{"href":"https:\/\/www.sylvie-monthule.com\/es\/wp-json\/wp\/v2\/media?parent=135900"}],"wp:term":[{"taxonomy":"product_brand","embeddable":true,"href":"https:\/\/www.sylvie-monthule.com\/es\/wp-json\/wp\/v2\/product_brand?post=135900"},{"taxonomy":"product_cat","embeddable":true,"href":"https:\/\/www.sylvie-monthule.com\/es\/wp-json\/wp\/v2\/product_cat?post=135900"},{"taxonomy":"product_tag","embeddable":true,"href":"https:\/\/www.sylvie-monthule.com\/es\/wp-json\/wp\/v2\/product_tag?post=135900"}],"curies":[{"name":"wp","href":"https:\/\/api.w.org\/{rel}","templated":true}]}}