{"id":130062,"date":"2022-11-07T14:49:27","date_gmt":"2022-11-06T14:49:27","guid":{"rendered":"https:\/\/www.sylvie-monthule.com\/?post_type=product&#038;p=130062"},"modified":"2025-02-17T08:46:56","modified_gmt":"2025-02-17T07:46:56","slug":"tanga-el-canto-de-sirena-plata","status":"publish","type":"product","link":"https:\/\/www.sylvie-monthule.com\/es\/joya\/tanga-el-canto-de-sirena-plata\/","title":{"rendered":"Tanga \u00abEl canto de sirena\u00bb Plata"},"content":{"rendered":"<p>El canto er\u00f3tico de una joya sirena, con reflejos plateados y azules que quedan en su sexo&#8230; En el coraz\u00f3n de las cadenas drapeadas, la sirena revela su sensualidad y sus curvas llenas acarician su pubis, sus labios&#8230; Su cola con escamas brillantes se arquea espl\u00e9ndidamente en sus escalofr\u00edos femeninos&#8230; y las perlas en miniatura, como gotas de agua caen sobre sus deseos. Ofr\u00e9cete al amor&#8230; el cuerpo casi desnudo, apenas vestido en plata y luz.<\/p>\n","protected":false},"excerpt":{"rendered":"<p>Gracias a las suaves bandas el\u00e1sticas de algod\u00f3n,<br \/>\npuedes posicionar el tanga joya como quieras.<\/p>\n<p>Plata de 10 micras sobre metal.<br \/>\nEsmalte azul. Altura de la sirena; 4,5 cm<br \/>\nJoya concha en la espalda.<br \/>\nHipoalerg\u00e9nico.<\/p>\n","protected":false},"featured_media":129667,"template":"","meta":{"_acf_changed":false},"product_brand":[],"product_cat":[1867,1679],"product_tag":[],"class_list":{"0":"post-130062","1":"product","2":"type-product","3":"status-publish","4":"has-post-thumbnail","6":"product_cat-promociones","7":"product_cat-ofertas-fin-de-series","8":"collection-oceano-de-caricias","9":"product_option-informacion-tallas","11":"first","12":"instock","13":"sale","14":"taxable","15":"shipping-taxable","16":"purchasable","17":"product-type-simple"},"acf":[],"_links":{"self":[{"href":"https:\/\/www.sylvie-monthule.com\/es\/wp-json\/wp\/v2\/product\/130062","targetHints":{"allow":["GET"]}}],"collection":[{"href":"https:\/\/www.sylvie-monthule.com\/es\/wp-json\/wp\/v2\/product"}],"about":[{"href":"https:\/\/www.sylvie-monthule.com\/es\/wp-json\/wp\/v2\/types\/product"}],"wp:featuredmedia":[{"embeddable":true,"href":"https:\/\/www.sylvie-monthule.com\/es\/wp-json\/wp\/v2\/media\/129667"}],"wp:attachment":[{"href":"https:\/\/www.sylvie-monthule.com\/es\/wp-json\/wp\/v2\/media?parent=130062"}],"wp:term":[{"taxonomy":"product_brand","embeddable":true,"href":"https:\/\/www.sylvie-monthule.com\/es\/wp-json\/wp\/v2\/product_brand?post=130062"},{"taxonomy":"product_cat","embeddable":true,"href":"https:\/\/www.sylvie-monthule.com\/es\/wp-json\/wp\/v2\/product_cat?post=130062"},{"taxonomy":"product_tag","embeddable":true,"href":"https:\/\/www.sylvie-monthule.com\/es\/wp-json\/wp\/v2\/product_tag?post=130062"}],"curies":[{"name":"wp","href":"https:\/\/api.w.org\/{rel}","templated":true}]}}