{"id":130035,"date":"2022-11-07T14:49:33","date_gmt":"2022-11-06T14:49:33","guid":{"rendered":"https:\/\/www.sylvie-monthule.com\/?post_type=product&#038;p=130035"},"modified":"2025-02-17T08:47:13","modified_gmt":"2025-02-17T07:47:13","slug":"collar-de-senos-el-canto-de-sirena-oro","status":"publish","type":"product","link":"https:\/\/www.sylvie-monthule.com\/es\/joya\/collar-de-senos-el-canto-de-sirena-oro\/","title":{"rendered":"Collar de senos \u00bb el canto de sirena\u00bb Oro"},"content":{"rendered":"<p>Una sirena est\u00e1 varada en el hueco de su escote. La joya hechiza la vista: las curvas de la sirena, sus suaves y brillantes escamas, su aleta con reflejos negros&#8230; Las cadenas de oro, como ondas sensuales acariciar sus pechos y abrazar sus pezones de belleza y placer&#8230; Las gotas de agua se mueven sobre su piel. Mil escalofr\u00edos te recorren. Un adorno tan \u00edntimo y m\u00e1gico.<\/p>\n","protected":false},"excerpt":{"rendered":"<p>Gracias a la cadena de ajuste del cuello,<br \/>\npuede ajustar la posici\u00f3n de su joya.<br \/>\nJoyas con lazos de pezones sin piercing, deslizante e indolora,<br \/>\najustable a todos los diametros de pezones.<\/p>\n<p>Tratamiento dorado de alta calidad 1 micra<br \/>\nde 16 quilates y acabado de 24 quilates sobre metal.<br \/>\nEsmalte negro. Altura sirena: 3,5 cm<br \/>\nHypoalergenico.<\/p>\n","protected":false},"featured_media":129336,"template":"","meta":{"_acf_changed":false},"product_brand":[],"product_cat":[90,95],"product_tag":[],"class_list":{"0":"post-130035","1":"product","2":"type-product","3":"status-publish","4":"has-post-thumbnail","6":"product_cat-joyerias-mujeres","7":"product_cat-joyerias-pechos-sin-piercing","8":"collection-oceano-de-caricias","10":"first","11":"instock","12":"taxable","13":"shipping-taxable","14":"purchasable","15":"product-type-simple"},"acf":[],"_links":{"self":[{"href":"https:\/\/www.sylvie-monthule.com\/es\/wp-json\/wp\/v2\/product\/130035","targetHints":{"allow":["GET"]}}],"collection":[{"href":"https:\/\/www.sylvie-monthule.com\/es\/wp-json\/wp\/v2\/product"}],"about":[{"href":"https:\/\/www.sylvie-monthule.com\/es\/wp-json\/wp\/v2\/types\/product"}],"wp:featuredmedia":[{"embeddable":true,"href":"https:\/\/www.sylvie-monthule.com\/es\/wp-json\/wp\/v2\/media\/129336"}],"wp:attachment":[{"href":"https:\/\/www.sylvie-monthule.com\/es\/wp-json\/wp\/v2\/media?parent=130035"}],"wp:term":[{"taxonomy":"product_brand","embeddable":true,"href":"https:\/\/www.sylvie-monthule.com\/es\/wp-json\/wp\/v2\/product_brand?post=130035"},{"taxonomy":"product_cat","embeddable":true,"href":"https:\/\/www.sylvie-monthule.com\/es\/wp-json\/wp\/v2\/product_cat?post=130035"},{"taxonomy":"product_tag","embeddable":true,"href":"https:\/\/www.sylvie-monthule.com\/es\/wp-json\/wp\/v2\/product_tag?post=130035"}],"curies":[{"name":"wp","href":"https:\/\/api.w.org\/{rel}","templated":true}]}}