{"id":129964,"date":"2022-11-07T14:49:52","date_gmt":"2022-11-06T14:49:52","guid":{"rendered":"https:\/\/www.sylvie-monthule.com\/?post_type=product&#038;p=129964"},"modified":"2025-02-17T08:46:45","modified_gmt":"2025-02-17T07:46:45","slug":"joya-intima-glande-para-ella-oro","status":"publish","type":"product","link":"https:\/\/www.sylvie-monthule.com\/es\/joya\/joya-intima-glande-para-ella-oro\/","title":{"rendered":"\u00abJoya intima glande para Ella\u00bb Oro"},"content":{"rendered":"<p>La belleza de una joya vaginal o anal&#8230; \u00a1Este glande esculpido en resina hipoalerg\u00e9nica y en color marfil cumplir\u00e1 todos sus deseos! Su forma perfecta se adaptar\u00e1 suavemente donde quieras&#8230; y sentir\u00e1s los colgantes de oro rozando constantemente su piel. Una joya \u00edntima y secreta dise\u00f1ada como un sextoy, \u00a1para jugar con el placer sin fin!<\/p>\n","protected":false},"excerpt":{"rendered":"<p>Glande vaginal o anal, en resina hipoalerg\u00e9nica<br \/>\nde color marfil. Di\u00e1metro : 32 mm .<br \/>\nCadenas soldadas y gotas en colgantes.<\/p>\n<p>Tratamiento dorado de alta calidad 1 micra<br \/>\nde 16 quilates y acabado de 24 quilates sobre metal.<br \/>\nLongitud total cadena y colgante: 15 cm (aproximadamente).<\/p>\n","protected":false},"featured_media":129800,"template":"","meta":{"_acf_changed":false},"product_brand":[],"product_cat":[1867,1679],"product_tag":[],"class_list":{"0":"post-129964","1":"product","2":"type-product","3":"status-publish","4":"has-post-thumbnail","6":"product_cat-promociones","7":"product_cat-ofertas-fin-de-series","8":"collection-oceano-de-caricias","10":"first","11":"instock","12":"sale","13":"taxable","14":"shipping-taxable","15":"purchasable","16":"product-type-simple"},"acf":[],"_links":{"self":[{"href":"https:\/\/www.sylvie-monthule.com\/es\/wp-json\/wp\/v2\/product\/129964","targetHints":{"allow":["GET"]}}],"collection":[{"href":"https:\/\/www.sylvie-monthule.com\/es\/wp-json\/wp\/v2\/product"}],"about":[{"href":"https:\/\/www.sylvie-monthule.com\/es\/wp-json\/wp\/v2\/types\/product"}],"wp:featuredmedia":[{"embeddable":true,"href":"https:\/\/www.sylvie-monthule.com\/es\/wp-json\/wp\/v2\/media\/129800"}],"wp:attachment":[{"href":"https:\/\/www.sylvie-monthule.com\/es\/wp-json\/wp\/v2\/media?parent=129964"}],"wp:term":[{"taxonomy":"product_brand","embeddable":true,"href":"https:\/\/www.sylvie-monthule.com\/es\/wp-json\/wp\/v2\/product_brand?post=129964"},{"taxonomy":"product_cat","embeddable":true,"href":"https:\/\/www.sylvie-monthule.com\/es\/wp-json\/wp\/v2\/product_cat?post=129964"},{"taxonomy":"product_tag","embeddable":true,"href":"https:\/\/www.sylvie-monthule.com\/es\/wp-json\/wp\/v2\/product_tag?post=129964"}],"curies":[{"name":"wp","href":"https:\/\/api.w.org\/{rel}","templated":true}]}}