{"id":129949,"date":"2022-11-07T14:49:56","date_gmt":"2022-11-06T14:49:56","guid":{"rendered":"https:\/\/www.sylvie-monthule.com\/?post_type=product&#038;p=129949"},"modified":"2025-02-17T08:48:20","modified_gmt":"2025-02-17T07:48:20","slug":"pulsera-de-pene-nudo-plata","status":"publish","type":"product","link":"https:\/\/www.sylvie-monthule.com\/es\/joya\/pulsera-de-pene-nudo-plata\/","title":{"rendered":"Pulsera de pene \u00abnudo plata\u00bb"},"content":{"rendered":"<p>Un hermoso nudo marinero adorna su pene&#8230; El nudo de plata se mantiene perfectamente en la base del pene, gracias a su pulsera de algod\u00f3n negro. Una original pieza de joyer\u00eda para el pene para un efecto visual realista y un dise\u00f1o puro.<\/p>\n","protected":false},"excerpt":{"rendered":"<p>Joya para el pene con base el\u00e1stica<br \/>\npara un ajuste perfecto.<\/p>\n<p>Plata de 10 micras sobre metal.<br \/>\nHipoalerg\u00e9nico.<\/p>\n","protected":false},"featured_media":128915,"template":"","meta":{"_acf_changed":false},"product_brand":[],"product_cat":[102,104],"product_tag":[],"class_list":{"0":"post-129949","1":"product","2":"type-product","3":"status-publish","4":"has-post-thumbnail","6":"product_cat-joyerias-hombres","7":"product_cat-joyerias-intimo-sexo","8":"collection-oceano-de-caricias","10":"first","11":"instock","12":"taxable","13":"shipping-taxable","14":"purchasable","15":"product-type-simple"},"acf":[],"_links":{"self":[{"href":"https:\/\/www.sylvie-monthule.com\/es\/wp-json\/wp\/v2\/product\/129949","targetHints":{"allow":["GET"]}}],"collection":[{"href":"https:\/\/www.sylvie-monthule.com\/es\/wp-json\/wp\/v2\/product"}],"about":[{"href":"https:\/\/www.sylvie-monthule.com\/es\/wp-json\/wp\/v2\/types\/product"}],"wp:featuredmedia":[{"embeddable":true,"href":"https:\/\/www.sylvie-monthule.com\/es\/wp-json\/wp\/v2\/media\/128915"}],"wp:attachment":[{"href":"https:\/\/www.sylvie-monthule.com\/es\/wp-json\/wp\/v2\/media?parent=129949"}],"wp:term":[{"taxonomy":"product_brand","embeddable":true,"href":"https:\/\/www.sylvie-monthule.com\/es\/wp-json\/wp\/v2\/product_brand?post=129949"},{"taxonomy":"product_cat","embeddable":true,"href":"https:\/\/www.sylvie-monthule.com\/es\/wp-json\/wp\/v2\/product_cat?post=129949"},{"taxonomy":"product_tag","embeddable":true,"href":"https:\/\/www.sylvie-monthule.com\/es\/wp-json\/wp\/v2\/product_tag?post=129949"}],"curies":[{"name":"wp","href":"https:\/\/api.w.org\/{rel}","templated":true}]}}