{"id":129945,"date":"2022-11-07T14:49:57","date_gmt":"2022-11-06T14:49:57","guid":{"rendered":"https:\/\/www.sylvie-monthule.com\/?post_type=product&#038;p=129945"},"modified":"2025-02-17T08:48:19","modified_gmt":"2025-02-17T07:48:19","slug":"joya-pene-nudo-doble-oro","status":"publish","type":"product","link":"https:\/\/www.sylvie-monthule.com\/es\/joya\/joya-pene-nudo-doble-oro\/","title":{"rendered":"Joya pene \u00abnudo doble oro\u00bb"},"content":{"rendered":"<p>Un primer nudo marinero envuelve la base de su sexo, y una segunda adorna tu pene. Usted ajusta el grado de tensi\u00f3n que desea, gracias a la cadena ajustable bajo el pene. Una joya de pene, en versi\u00f3n dorada, sobria y visual, inspirado en el mar y sus s\u00edmbolos.<\/p>\n","protected":false},"excerpt":{"rendered":"<p>Joya para el pene con base el\u00e1stica<br \/>\ny cadena ajustable para un ajuste perfecto.<\/p>\n<p>Alto dorado 1 micra 16 quilates<br \/>\ny un acabado de 24 quilates en el metal.<br \/>\nHipoalerg\u00e9nico.<\/p>\n","protected":false},"featured_media":128931,"template":"","meta":{"_acf_changed":false},"product_brand":[],"product_cat":[102,104],"product_tag":[],"class_list":{"0":"post-129945","1":"product","2":"type-product","3":"status-publish","4":"has-post-thumbnail","6":"product_cat-joyerias-hombres","7":"product_cat-joyerias-intimo-sexo","8":"collection-oceano-de-caricias","10":"first","11":"instock","12":"taxable","13":"shipping-taxable","14":"purchasable","15":"product-type-simple"},"acf":[],"_links":{"self":[{"href":"https:\/\/www.sylvie-monthule.com\/es\/wp-json\/wp\/v2\/product\/129945","targetHints":{"allow":["GET"]}}],"collection":[{"href":"https:\/\/www.sylvie-monthule.com\/es\/wp-json\/wp\/v2\/product"}],"about":[{"href":"https:\/\/www.sylvie-monthule.com\/es\/wp-json\/wp\/v2\/types\/product"}],"wp:featuredmedia":[{"embeddable":true,"href":"https:\/\/www.sylvie-monthule.com\/es\/wp-json\/wp\/v2\/media\/128931"}],"wp:attachment":[{"href":"https:\/\/www.sylvie-monthule.com\/es\/wp-json\/wp\/v2\/media?parent=129945"}],"wp:term":[{"taxonomy":"product_brand","embeddable":true,"href":"https:\/\/www.sylvie-monthule.com\/es\/wp-json\/wp\/v2\/product_brand?post=129945"},{"taxonomy":"product_cat","embeddable":true,"href":"https:\/\/www.sylvie-monthule.com\/es\/wp-json\/wp\/v2\/product_cat?post=129945"},{"taxonomy":"product_tag","embeddable":true,"href":"https:\/\/www.sylvie-monthule.com\/es\/wp-json\/wp\/v2\/product_tag?post=129945"}],"curies":[{"name":"wp","href":"https:\/\/api.w.org\/{rel}","templated":true}]}}