{"id":100059,"date":"2020-11-08T10:28:09","date_gmt":"2020-11-07T10:28:09","guid":{"rendered":"https:\/\/www.sylvie-monthule.com\/?post_type=product&#038;p=100059\/"},"modified":"2025-02-17T08:47:02","modified_gmt":"2025-02-17T07:47:02","slug":"tanga-el-beso-de-isis-de-plata","status":"publish","type":"product","link":"https:\/\/www.sylvie-monthule.com\/es\/joya\/tanga-el-beso-de-isis-de-plata\/","title":{"rendered":"Tanga \u00abEl Beso de Isis\u00bb de Plata"},"content":{"rendered":"<p style=\"text-align: justify;\">Sobre la duna satinada de su pubis, una diosa de plata aparece, sensual, desnuda. Su cuerpo voluptuoso, desplegando sus negras alas, es un esplendor er\u00f3tico. Sentada sobre una piedra azul, redondeada y suave, tan consternante al tacto\u2026 Isis enciende su sexo con vertientes de plata. La perla, gota insolente de placer, comienza su baile er\u00f3tico, cepillando su sexo, acariciando su cl\u00edtoris, acurruc\u00e1ndose entre sus labios\u2026 \u00a1La gota se rinde a sus caprichos m\u00e1s excitantes! Punto de orgullo a su belleza, un escarabajo plateado y negro brillar\u00e1 en sus hoyuelos de Venus.<\/p>\n","protected":false},"excerpt":{"rendered":"<p>Gracias a sus suaves el\u00e1sticos en algod\u00f3n,<br \/>\nusted posicionar\u00e1 la joya tanga a la perfecci\u00f3n.<\/p>\n<p>Chapado en plata de 10 micras sobre metal.<br \/>\nEsmalte negro. Color piedra azul.<br \/>\nEscarabajo plateado y negro en la espalda.<br \/>\nHipoalerg\u00e9nico.<\/p>\n","protected":false},"featured_media":99748,"template":"","meta":{"_acf_changed":false},"product_brand":[],"product_cat":[90,91],"product_tag":[],"class_list":{"0":"post-100059","1":"product","2":"type-product","3":"status-publish","4":"has-post-thumbnail","6":"product_cat-joyerias-mujeres","7":"product_cat-joyerias-tanga","8":"collection-el-soplido-del-placer","9":"product_option-informacion-tallas","11":"first","12":"instock","13":"taxable","14":"shipping-taxable","15":"purchasable","16":"product-type-simple"},"acf":[],"_links":{"self":[{"href":"https:\/\/www.sylvie-monthule.com\/es\/wp-json\/wp\/v2\/product\/100059","targetHints":{"allow":["GET"]}}],"collection":[{"href":"https:\/\/www.sylvie-monthule.com\/es\/wp-json\/wp\/v2\/product"}],"about":[{"href":"https:\/\/www.sylvie-monthule.com\/es\/wp-json\/wp\/v2\/types\/product"}],"wp:featuredmedia":[{"embeddable":true,"href":"https:\/\/www.sylvie-monthule.com\/es\/wp-json\/wp\/v2\/media\/99748"}],"wp:attachment":[{"href":"https:\/\/www.sylvie-monthule.com\/es\/wp-json\/wp\/v2\/media?parent=100059"}],"wp:term":[{"taxonomy":"product_brand","embeddable":true,"href":"https:\/\/www.sylvie-monthule.com\/es\/wp-json\/wp\/v2\/product_brand?post=100059"},{"taxonomy":"product_cat","embeddable":true,"href":"https:\/\/www.sylvie-monthule.com\/es\/wp-json\/wp\/v2\/product_cat?post=100059"},{"taxonomy":"product_tag","embeddable":true,"href":"https:\/\/www.sylvie-monthule.com\/es\/wp-json\/wp\/v2\/product_tag?post=100059"}],"curies":[{"name":"wp","href":"https:\/\/api.w.org\/{rel}","templated":true}]}}