{"id":100048,"date":"2020-11-08T10:28:14","date_gmt":"2020-11-07T10:28:14","guid":{"rendered":"https:\/\/www.sylvie-monthule.com\/?post_type=product&#038;p=100048\/"},"modified":"2025-02-17T08:47:22","modified_gmt":"2025-02-17T07:47:22","slug":"joya-de-senos-escarabajos-sagrados-de-plata","status":"publish","type":"product","link":"https:\/\/www.sylvie-monthule.com\/es\/joya\/joya-de-senos-escarabajos-sagrados-de-plata\/","title":{"rendered":"Joya de Senos \u00abEscarabajos Sagrados\u00bb de Plata"},"content":{"rendered":"<p style=\"text-align: justify;\">Dos escarabajos plata y negros coronar\u00e1n sus pezones. Delicados, hipn\u00f3ticos, como dos talismanes, honrando su belleza. Colgando de sus pezones, sus caricias rozaran constantemente la curva voluptuosa de sus senos. S\u00edmbolos sublimes de Egipto, brillar\u00e1n y se balancear\u00e1n en su cuerpo &#8230;<\/p>\n","protected":false},"excerpt":{"rendered":"<p>Joyas para el pecho con lassos para pezones<br \/>\nno perforantes, indoloras y deslizantes,<br \/>\nque se adaptan a todos los tama\u00f1os de pezones.<\/p>\n<p>Joyas en plata de 10 micras sobre metal.<br \/>\nEsmalte negro. Hipoalerg\u00e9nico.<\/p>\n","protected":false},"featured_media":99204,"template":"","meta":{"_acf_changed":false},"product_brand":[],"product_cat":[90,95],"product_tag":[],"class_list":{"0":"post-100048","1":"product","2":"type-product","3":"status-publish","4":"has-post-thumbnail","6":"product_cat-joyerias-mujeres","7":"product_cat-joyerias-pechos-sin-piercing","8":"collection-el-soplido-del-placer","9":"product_option-se-venden-en-parejas","11":"first","12":"instock","13":"taxable","14":"shipping-taxable","15":"purchasable","16":"product-type-simple"},"acf":[],"_links":{"self":[{"href":"https:\/\/www.sylvie-monthule.com\/es\/wp-json\/wp\/v2\/product\/100048","targetHints":{"allow":["GET"]}}],"collection":[{"href":"https:\/\/www.sylvie-monthule.com\/es\/wp-json\/wp\/v2\/product"}],"about":[{"href":"https:\/\/www.sylvie-monthule.com\/es\/wp-json\/wp\/v2\/types\/product"}],"wp:featuredmedia":[{"embeddable":true,"href":"https:\/\/www.sylvie-monthule.com\/es\/wp-json\/wp\/v2\/media\/99204"}],"wp:attachment":[{"href":"https:\/\/www.sylvie-monthule.com\/es\/wp-json\/wp\/v2\/media?parent=100048"}],"wp:term":[{"taxonomy":"product_brand","embeddable":true,"href":"https:\/\/www.sylvie-monthule.com\/es\/wp-json\/wp\/v2\/product_brand?post=100048"},{"taxonomy":"product_cat","embeddable":true,"href":"https:\/\/www.sylvie-monthule.com\/es\/wp-json\/wp\/v2\/product_cat?post=100048"},{"taxonomy":"product_tag","embeddable":true,"href":"https:\/\/www.sylvie-monthule.com\/es\/wp-json\/wp\/v2\/product_tag?post=100048"}],"curies":[{"name":"wp","href":"https:\/\/api.w.org\/{rel}","templated":true}]}}