{"id":100044,"date":"2020-11-08T10:28:15","date_gmt":"2020-11-07T10:28:15","guid":{"rendered":"https:\/\/www.sylvie-monthule.com\/?post_type=product&#038;p=100044\/"},"modified":"2025-02-17T08:48:26","modified_gmt":"2025-02-17T07:48:26","slug":"joya-de-testiculos-cobra-sagrada-de-oro","status":"publish","type":"product","link":"https:\/\/www.sylvie-monthule.com\/es\/joya\/joya-de-testiculos-cobra-sagrada-de-oro\/","title":{"rendered":"Joya de test\u00edculos \u00abCobra Sagrada\u00bb de Oro"},"content":{"rendered":"<p style=\"text-align: justify;\">Una magn\u00edfica serpiente resguardada en sus test\u00edculos, se erige &#8230; Una cobra negra y dorada, lisa y arqueada, se convierte en una entidad \u00fanica con su pene, con sus deseos. El colgante de bolas de hematita late en su escroto con cada movimiento. \u00a1Su pareja primero descubrir\u00e1 que su pene est\u00e1 encadenado, antes de ser abrumado por el poder de esta cobra!<\/p>\n","protected":false},"excerpt":{"rendered":"<p>Joya testicular con base el\u00e1stica de<br \/>\nalgod\u00f3n y cadenas para un ajuste perfecto.<\/p>\n<p>Tratamiento dorado de alta calidad<br \/>\n1 micra de 16 quilates y acabado de<br \/>\n24 quilates sobre metal.<br \/>\nPerlas de hematita. Hipoalerg\u00e9nico.<\/p>\n","protected":false},"featured_media":99224,"template":"","meta":{"_acf_changed":false},"product_brand":[],"product_cat":[102,104],"product_tag":[],"class_list":{"0":"post-100044","1":"product","2":"type-product","3":"status-publish","4":"has-post-thumbnail","6":"product_cat-joyerias-hombres","7":"product_cat-joyerias-intimo-sexo","8":"collection-el-soplido-del-placer","10":"first","11":"instock","12":"taxable","13":"shipping-taxable","14":"purchasable","15":"product-type-simple"},"acf":[],"_links":{"self":[{"href":"https:\/\/www.sylvie-monthule.com\/es\/wp-json\/wp\/v2\/product\/100044","targetHints":{"allow":["GET"]}}],"collection":[{"href":"https:\/\/www.sylvie-monthule.com\/es\/wp-json\/wp\/v2\/product"}],"about":[{"href":"https:\/\/www.sylvie-monthule.com\/es\/wp-json\/wp\/v2\/types\/product"}],"wp:featuredmedia":[{"embeddable":true,"href":"https:\/\/www.sylvie-monthule.com\/es\/wp-json\/wp\/v2\/media\/99224"}],"wp:attachment":[{"href":"https:\/\/www.sylvie-monthule.com\/es\/wp-json\/wp\/v2\/media?parent=100044"}],"wp:term":[{"taxonomy":"product_brand","embeddable":true,"href":"https:\/\/www.sylvie-monthule.com\/es\/wp-json\/wp\/v2\/product_brand?post=100044"},{"taxonomy":"product_cat","embeddable":true,"href":"https:\/\/www.sylvie-monthule.com\/es\/wp-json\/wp\/v2\/product_cat?post=100044"},{"taxonomy":"product_tag","embeddable":true,"href":"https:\/\/www.sylvie-monthule.com\/es\/wp-json\/wp\/v2\/product_tag?post=100044"}],"curies":[{"name":"wp","href":"https:\/\/api.w.org\/{rel}","templated":true}]}}