{"id":100036,"date":"2020-11-08T10:28:17","date_gmt":"2020-11-07T10:28:17","guid":{"rendered":"https:\/\/www.sylvie-monthule.com\/?post_type=product&#038;p=100036\/"},"modified":"2025-02-17T08:48:25","modified_gmt":"2025-02-17T07:48:25","slug":"pulsera-de-pene-jeroglifico-de-plata","status":"publish","type":"product","link":"https:\/\/www.sylvie-monthule.com\/es\/joya\/pulsera-de-pene-jeroglifico-de-plata\/","title":{"rendered":"Pulsera de pene \u00abJerogl\u00edfico\u00bb de Plata"},"content":{"rendered":"<p style=\"text-align: justify;\">\u00a1Qu\u00e9 pureza es esta pulsera de jerogl\u00edficos que abrazar\u00e1 su pene &#8230; Una joya del cuerpo como un mensaje \u00edntimo, un lenguaje secreto! Este adorno sexual, en ba\u00f1o de plata, refinado y sobrio, se adaptar\u00e1 a su pene, sean cuales sean sus deseos, gracias a su base el\u00e1stica.<\/p>\n","protected":false},"excerpt":{"rendered":"<p>Pulsera de pene con base el\u00e1stica<br \/>\nde algod\u00f3n para un ajuste perfecto.<\/p>\n<p>Chapado en plata de 10 micras<br \/>\nsobre metal. Hipoalerg\u00e9nico.<\/p>\n","protected":false},"featured_media":99280,"template":"","meta":{"_acf_changed":false},"product_brand":[],"product_cat":[102,104],"product_tag":[],"class_list":{"0":"post-100036","1":"product","2":"type-product","3":"status-publish","4":"has-post-thumbnail","6":"product_cat-joyerias-hombres","7":"product_cat-joyerias-intimo-sexo","8":"collection-el-soplido-del-placer","10":"first","11":"instock","12":"taxable","13":"shipping-taxable","14":"purchasable","15":"product-type-simple"},"acf":[],"_links":{"self":[{"href":"https:\/\/www.sylvie-monthule.com\/es\/wp-json\/wp\/v2\/product\/100036","targetHints":{"allow":["GET"]}}],"collection":[{"href":"https:\/\/www.sylvie-monthule.com\/es\/wp-json\/wp\/v2\/product"}],"about":[{"href":"https:\/\/www.sylvie-monthule.com\/es\/wp-json\/wp\/v2\/types\/product"}],"wp:featuredmedia":[{"embeddable":true,"href":"https:\/\/www.sylvie-monthule.com\/es\/wp-json\/wp\/v2\/media\/99280"}],"wp:attachment":[{"href":"https:\/\/www.sylvie-monthule.com\/es\/wp-json\/wp\/v2\/media?parent=100036"}],"wp:term":[{"taxonomy":"product_brand","embeddable":true,"href":"https:\/\/www.sylvie-monthule.com\/es\/wp-json\/wp\/v2\/product_brand?post=100036"},{"taxonomy":"product_cat","embeddable":true,"href":"https:\/\/www.sylvie-monthule.com\/es\/wp-json\/wp\/v2\/product_cat?post=100036"},{"taxonomy":"product_tag","embeddable":true,"href":"https:\/\/www.sylvie-monthule.com\/es\/wp-json\/wp\/v2\/product_tag?post=100036"}],"curies":[{"name":"wp","href":"https:\/\/api.w.org\/{rel}","templated":true}]}}