{"id":100007,"date":"2020-11-08T10:28:26","date_gmt":"2020-11-07T10:28:26","guid":{"rendered":"https:\/\/www.sylvie-monthule.com\/?post_type=product&#038;p=100007\/"},"modified":"2025-02-27T14:26:48","modified_gmt":"2025-02-27T13:26:48","slug":"cadena-de-cintura-espalda-baja-el-aliento-de-isis-oro","status":"publish","type":"product","link":"https:\/\/www.sylvie-monthule.com\/es\/joya\/cadena-de-cintura-espalda-baja-el-aliento-de-isis-oro\/","title":{"rendered":"Cadena de cintura espalda baja \u00abEl Aliento de Isis\u00bb Oro"},"content":{"rendered":"<p style=\"text-align: justify;\">\u00a1Alrededor de sus caderas, una cadena brilla y la Diosa Isis aparece en la parte baja de su espalda! Sus alas negras y doradas, tan suaves, brillan con el sol. Provocaci\u00f3n inesperada, Isis invita un largo colgante a deslizarse en la l\u00ednea de sus nalgas: estallido de fuego, cadena y tejido de perlas entre sus curvas, como un largo r\u00edo de amor, un r\u00edo de caricias &#8230; Extraordinario placer.<\/p>\n","protected":false},"excerpt":{"rendered":"<p>Indique en el bloque de tama\u00f1o su elecci\u00f3n:<br \/>\nS, M, L, XL &#8230; Independientemente del tama\u00f1o<br \/>\nque elija, nuestras joyas tienen un ajuste<br \/>\npara adaptarse a la perfecci\u00f3n a su preferencia.<\/p>\n<p>Dorado de alta calidad con 1 micra de 16 quilates<br \/>\ny acabado de 24 quilates sobre metal.<br \/>\nEsmalte negro. Piedra color topacio.<br \/>\nHipoalerg\u00e9nico.<\/p>\n","protected":false},"featured_media":99440,"template":"","meta":{"_acf_changed":false},"product_brand":[],"product_cat":[90,97],"product_tag":[],"class_list":{"0":"post-100007","1":"product","2":"type-product","3":"status-publish","4":"has-post-thumbnail","6":"product_cat-joyerias-mujeres","7":"product_cat-joyerias-cintura-y-tobillo","8":"collection-el-soplido-del-placer","10":"first","11":"instock","12":"taxable","13":"shipping-taxable","14":"purchasable","15":"product-type-variable","16":"has-default-attributes"},"acf":[],"_links":{"self":[{"href":"https:\/\/www.sylvie-monthule.com\/es\/wp-json\/wp\/v2\/product\/100007","targetHints":{"allow":["GET"]}}],"collection":[{"href":"https:\/\/www.sylvie-monthule.com\/es\/wp-json\/wp\/v2\/product"}],"about":[{"href":"https:\/\/www.sylvie-monthule.com\/es\/wp-json\/wp\/v2\/types\/product"}],"wp:featuredmedia":[{"embeddable":true,"href":"https:\/\/www.sylvie-monthule.com\/es\/wp-json\/wp\/v2\/media\/99440"}],"wp:attachment":[{"href":"https:\/\/www.sylvie-monthule.com\/es\/wp-json\/wp\/v2\/media?parent=100007"}],"wp:term":[{"taxonomy":"product_brand","embeddable":true,"href":"https:\/\/www.sylvie-monthule.com\/es\/wp-json\/wp\/v2\/product_brand?post=100007"},{"taxonomy":"product_cat","embeddable":true,"href":"https:\/\/www.sylvie-monthule.com\/es\/wp-json\/wp\/v2\/product_cat?post=100007"},{"taxonomy":"product_tag","embeddable":true,"href":"https:\/\/www.sylvie-monthule.com\/es\/wp-json\/wp\/v2\/product_tag?post=100007"}],"curies":[{"name":"wp","href":"https:\/\/api.w.org\/{rel}","templated":true}]}}