{"id":68079,"date":"2019-01-09T15:40:14","date_gmt":"2019-01-09T14:40:14","guid":{"rendered":"https:\/\/www.sylvie-monthule.com\/?page_id=68079\/"},"modified":"2025-11-04T16:16:41","modified_gmt":"2025-11-04T15:16:41","slug":"notas-legales","status":"publish","type":"page","link":"https:\/\/www.sylvie-monthule.com\/es\/notas-legales\/","title":{"rendered":"Notas legales"},"content":{"rendered":"<h2><\/h2>\n<p>&nbsp;<\/p>\n<p>&nbsp;<\/p>\n<h2>EDITORIAL<\/h2>\n<p style=\"text-align: justify;\">El sitio www.sylvie-monthule.com es publicado por la empresa Ose Cr\u00e9ations, 269 avenue du G\u00e9n\u00e9ral de Gaulle &#8211; 94502 CHAMPIGNY S\/M &#8211;\u00a0 FRANCIA,\u00a0SARL con un capital de 8000 euros, inscrita en el registro de empresas franc\u00e9s con el n\u00famero SIRET 433 682 952 00026.<br \/>\nN\u00daMERO DE IVA: FR 90 433 682 952<br \/>\nTel\u00e9fono: +33 (0)1 48 82 44 46<br \/>\nCorreo electr\u00f3nico: contact@sylvie-monthule.com<\/p>\n<h2>DIRECTOR DE LA PUBLICACION<\/h2>\n<p>El director de la publicaci\u00f3n del sitio es Ose Cr\u00e9ations<br \/>\nEl director editorial del sitio es Ose Cr\u00e9ations<\/p>\n<h2>ALOJAMIENTO<\/h2>\n<p>El sitio est\u00e1 alojado en la empresa DOCTYPE, cuya sede social se encuentra en<br \/>\n42 Rue de la Lib\u00e9ration &#8211; 91680 BRUYERES LE CHATEL<br \/>\nCorreo electr\u00f3nico : <a href=\"mailto:contact@doctype.fr\">contact@doctype.fr<\/a><\/p>\n<h2>PROPRIEDAD INTELECTUAL<\/h2>\n<p>La estructura general del sitio web: los productos, textos, gr\u00e1ficos,<br \/>\nim\u00e1genes, sonidos y v\u00eddeos que lo componen son propiedad de la empresa Ose Cr\u00e9ations\/Sylvie Monthul\u00e9.<br \/>\nLos dibujos y pinturas (originales o impresiones) presentados en este sitio web<br \/>\nson propiedad art\u00edstica exclusiva de Sylvie Monthul\u00e9.<br \/>\nCualquier representaci\u00f3n y\/o reproducci\u00f3n y\/o explotaci\u00f3n parcial o total de este sitio web,<br \/>\npor cualquier procedimiento, sin la autorizaci\u00f3n previa<br \/>\ny por escrito de la empresa Ose Cr\u00e9ations est\u00e1 estrictamente prohibida<br \/>\ny podr\u00eda constituir una infracci\u00f3n en el sentido<br \/>\nde los art\u00edculos L 335-2 y siguientes del C\u00f3digo de la Propiedad Intelectual.<\/p>\n<h2>LEY DE TRATAMIENTO DE DATOS Y LIBERTADES<\/h2>\n<p style=\"text-align: justify;\">De acuerdo con la ley de Inform\u00e1tica y Libertad 78-17 del 6 de enero de 1978 modificada,<br \/>\ntiene derecho de oposici\u00f3n (art. 38), de acceso (art. 39), rectificaci\u00f3n o supresi\u00f3n (art. 40) de los datos que le conciernen.<br \/>\nPuede ejercer este derecho poni\u00e9ndose en contacto con la empresa Ose Cr\u00e9ations.<br \/>\nEste derecho se ejerce demostrando su identidad, por correo a la siguiente direcci\u00f3n<\/p>\n<p>Ose Cr\u00e9ations<br \/>\n269 avenue du G\u00e9n\u00e9ral de Gaulle<br \/>\n94502 CHAMPIGNY S\/M &#8211; FRANCE<\/p>\n<p style=\"text-align: justify;\">Todos los datos personales que se recogen son tratados con la m\u00e1s estricta con la m\u00e1s estricta confidencialidad.<br \/>\nEn particular, Ose Cr\u00e9ations se compromete a respetar la confidencialidad de los mensajes de correo electr\u00f3nico<br \/>\ntransmitido por medio de un mensaje electr\u00f3nico.<\/p>\n","protected":false},"excerpt":{"rendered":"<p>&nbsp; &nbsp; EDITORIAL El sitio www.sylvie-monthule.com es publicado por la empresa Ose Cr\u00e9ations, 269 avenue du G\u00e9n\u00e9ral de Gaulle &#8211; 94502 CHAMPIGNY S\/M &#8211;\u00a0 FRANCIA,\u00a0SARL con un capital de 8000 euros, inscrita en el registro de empresas franc\u00e9s con el n\u00famero SIRET 433 682 952 00026. N\u00daMERO DE IVA: FR 90 433 682 952 Tel\u00e9fono: [&hellip;]<\/p>\n","protected":false},"author":9379,"featured_media":0,"parent":0,"menu_order":0,"comment_status":"closed","ping_status":"closed","template":"","meta":{"_acf_changed":false,"footnotes":""},"class_list":["post-68079","page","type-page","status-publish","hentry"],"acf":[],"_links":{"self":[{"href":"https:\/\/www.sylvie-monthule.com\/es\/wp-json\/wp\/v2\/pages\/68079","targetHints":{"allow":["GET"]}}],"collection":[{"href":"https:\/\/www.sylvie-monthule.com\/es\/wp-json\/wp\/v2\/pages"}],"about":[{"href":"https:\/\/www.sylvie-monthule.com\/es\/wp-json\/wp\/v2\/types\/page"}],"author":[{"embeddable":true,"href":"https:\/\/www.sylvie-monthule.com\/es\/wp-json\/wp\/v2\/users\/9379"}],"replies":[{"embeddable":true,"href":"https:\/\/www.sylvie-monthule.com\/es\/wp-json\/wp\/v2\/comments?post=68079"}],"version-history":[{"count":6,"href":"https:\/\/www.sylvie-monthule.com\/es\/wp-json\/wp\/v2\/pages\/68079\/revisions"}],"predecessor-version":[{"id":148481,"href":"https:\/\/www.sylvie-monthule.com\/es\/wp-json\/wp\/v2\/pages\/68079\/revisions\/148481"}],"wp:attachment":[{"href":"https:\/\/www.sylvie-monthule.com\/es\/wp-json\/wp\/v2\/media?parent=68079"}],"curies":[{"name":"wp","href":"https:\/\/api.w.org\/{rel}","templated":true}]}}