{"id":52724,"date":"2018-05-23T15:17:40","date_gmt":"2018-05-23T14:17:40","guid":{"rendered":"https:\/\/www.sylvie-monthule.com\/?page_id=52724\/"},"modified":"2021-04-08T13:54:45","modified_gmt":"2021-04-08T12:54:45","slug":"proteccion-de-datos-personales","status":"publish","type":"page","link":"https:\/\/www.sylvie-monthule.com\/es\/proteccion-de-datos-personales\/","title":{"rendered":"Protecci\u00f3n de datos personales"},"content":{"rendered":"<p class=\"romantic\" style=\"text-align: justify;\">Siguiendo las nuevas regulaciones sobre protecci\u00f3n datos personales del 25 de mayo de 2018, Sylvie Monthul\u00e9 te recuerda, que desde el nacimiento de su compania en 1995 los datos personales que le encomienda cuando realiza un pedido (nombre, direcci\u00f3n, correo electr\u00f3nico, tel\u00e9fono &#8230;) permanecen absolutamente confidenciales y en ning\u00fan caso se divulgan a terceros. Solo las companias de transporte conocen sus nombres y direcciones para entregar sus pedidos<\/p>\n<p>&nbsp;<\/p>\n<h2>Introduccion<\/h2>\n<p style=\"text-align: justify;\">Sylvie Monthul\u00e9 se compromete a un proceso continuo de cumplimiento del Reglamento General de Protecci\u00f3n de Datos del 27 de abril de 2016. Con esta nueva normativa, Sylvie Monthul\u00e9 refuerza su pol\u00edtica de protecci\u00f3n de datos personales para garantizar que los datos de nuestros clientes se recogen y utilizan de forma transparente, confidencial y segura.<\/p>\n<h2>Pol\u00edtica de protecci\u00f3n de datos personales a 25 de mayo de 2018<\/h2>\n<p style=\"text-align: justify;\">Nuestra Pol\u00edtica de Protecci\u00f3n de Datos Personales describe c\u00f3mo Sylvie Monthul\u00e9 trata los datos personales de los visitantes y clientes (en adelante, los \u00abUsuarios\u00bb) cuando navegan por nuestro sitio web www.sylvie-monthule.com (en adelante, el \u00abSitio\u00bb). La Pol\u00edtica de Protecci\u00f3n de Datos Personales es parte integrante de las Condiciones Generales de Uso del Sitio. Sylvie Monthul\u00e9 presta una atenci\u00f3n constante a los datos de nuestros usuarios. Por lo tanto, es posible que tengamos que modificar, completar o actualizar la Pol\u00edtica de Protecci\u00f3n de Datos Personales. Le invitamos a consultar regularmente la \u00faltima versi\u00f3n en vigor, accesible en nuestro Sitio. Si se realizan cambios importantes, se lo notificaremos por correo electr\u00f3nico o a trav\u00e9s de nuestros servicios para que pueda revisar estos cambios antes de que entren en vigor. Si sigue utilizando nuestros Servicios despu\u00e9s de que publiquemos o le enviemos un aviso de cambios en la Pol\u00edtica de Privacidad, significar\u00e1 que acepta las actualizaciones.<\/p>\n<h2>Que datos personales se recogen y con qu\u00e9 fines?<\/h2>\n<p style=\"text-align: justify;\">Cuando usted utiliza nuestro sitio y\/o se registra, recogemos y procesamos datos personales sobre usted como: su nombre y apellidos al crear una cuenta. Tambi\u00e9n le pediremos que nos proporcione su direcci\u00f3n de correo electr\u00f3nico para que podamos utilizar esta informaci\u00f3n para crear una cuenta, enviarle informaci\u00f3n de seguimiento de pedidos y notificaciones, y enviarle el bolet\u00edn informativo. Tambi\u00e9n recogemos su direcci\u00f3n postal y su n\u00famero de tel\u00e9fono con el fin de entregar sus pedidos.<\/p>\n<h2>\u00bfPor qu\u00e9 utilizamos cookies?<\/h2>\n<p style=\"text-align: justify;\">Definici\u00f3n de \u00abcookie\u00bb y su uso. Una \u00abcookie\u00bb es un archivo de texto que se coloca en su ordenador cuando visita nuestra plataforma. En su ordenador, las cookies son gestionadas por su navegador de Internet. Utilizamos cookies en nuestro Sitio para fines de navegaci\u00f3n, optimizaci\u00f3n y personalizaci\u00f3n de nuestros Servicios en nuestro Sitio recordando sus preferencias. Las cookies tambi\u00e9n nos permiten ver c\u00f3mo se utiliza nuestro Sitio. Recogemos autom\u00e1ticamente su direcci\u00f3n IP e informaci\u00f3n sobre su uso de nuestro Sitio. Esto permite a nuestro Sitio recordar qui\u00e9n es usted cuando se ha establecido una conexi\u00f3n entre el servidor y el navegador web. La informaci\u00f3n proporcionada previamente en un formulario web puede conservarse. Toda esta informaci\u00f3n recopilada queda en el \u00e1mbito interno de nuestra empresa.<\/p>\n<p><strong>En nuestro sitio se utilizan diferentes tipos de cookies\u00a0:<\/strong><\/p>\n<p style=\"text-align: justify;\">Las cookies son estrictamente necesarias para el funcionamiento de nuestro Sitio. Le permiten utilizar las principales funciones de nuestro sitio (por ejemplo, el acceso a su informaci\u00f3n, su cuenta). Sin estas cookies, no podr\u00e1 utilizar nuestro Sitio con normalidad.<\/p>\n<p style=\"text-align: justify;\">Cookies de medici\u00f3n de audiencia: con el fin de mejorar nuestros servicios a nuestros clientes, utilizamos cookies de medici\u00f3n de audiencia como el n\u00famero de p\u00e1ginas vistas, el n\u00famero de visitas, la actividad de los Usuarios y su frecuencia de retorno, en particular a trav\u00e9s de los servicios de Google Analytics. Estas cookies s\u00f3lo permiten establecer estudios estad\u00edsticos sobre el tr\u00e1fico de Usuarios en nuestra plataforma, cuyos resultados son totalmente an\u00f3nimos. Esta informaci\u00f3n nos permite mejorar el funcionamiento de nuestro sitio, con el fin de satisfacerle mejor.<\/p>\n<p><strong>Tipos de cookies utilizados. En este sitio se utilizan los siguientes tipos de cookies:<\/strong><\/p>\n<p style=\"text-align: justify;\">Cookies \u00abtemporales\u00bb: este tipo de cookies est\u00e1n activas en su navegador hasta que abandona nuestra plataforma y caducan si no accede al Sitio durante un periodo determinado.<\/p>\n<p style=\"text-align: justify;\">Cookies \u00abpermanentes\u00bb: este tipo de cookie permanece en el archivo de cookies de su navegador durante un periodo de tiempo m\u00e1s largo, que depende de la configuraci\u00f3n de su navegador web.<\/p>\n<p style=\"text-align: justify;\">Uso de cookies de terceros. Trabajamos con terceros asociados, como Google Analytics, para conocer la actividad de los visitantes de nuestra plataforma o para identificar sus intereses en nuestra plataforma y personalizar la oferta que se le dirige en nuestro Sitio. La informaci\u00f3n que pueden recoger los anunciantes de terceros de esta manera puede incluir datos como los de geolocalizaci\u00f3n. Nos aseguramos de que las empresas asociadas se comprometen a procesar la informaci\u00f3n recogida en nuestra plataforma exclusivamente para nuestras necesidades y de acuerdo con nuestras instrucciones, en cumplimiento de la normativa europea y se comprometen a aplicar las medidas adecuadas para asegurar y proteger la confidencialidad de los datos.<\/p>\n<p style=\"text-align: justify;\">Desactivaci\u00f3n de las cookies. Puede desactivar las cookies en cualquier momento seleccionando la configuraci\u00f3n adecuada en su navegador para desactivar las cookies (https:\/\/www.cnil.fr\/fr\/cookies-les-outils-pour-les-maitriser). Tenga en cuenta que la desactivaci\u00f3n de las cookies puede reducir o impedir el acceso a algunas o todas las funciones. Con respecto a los correos electr\u00f3nicos promocionales: Puede retirar su consentimiento en cualquier momento (i) haciendo clic en el enlace de cancelaci\u00f3n de la suscripci\u00f3n proporcionado en cada una de nuestras comunicaciones o (ii) poni\u00e9ndose en contacto con nosotros.<\/p>\n<p>Recogemos la informaci\u00f3n que nos proporciona cuando:<br \/>\n&#8211; usted navega por nuestro Sitio<br \/>\n&#8211; crear, modificar y acceder a su cuenta personal<br \/>\n&#8211; rellena un formulario de contacto<br \/>\n&#8211; usted completa un pedido<br \/>\n&#8211; contacte con nuestro Servicio de Atenci\u00f3n al Cliente<\/p>\n<h2>\u00bfSe comparten sus datos con terceros?<\/h2>\n<p style=\"text-align: justify;\">Los datos personales recogidos en nuestra plataforma est\u00e1n destinados al uso propio de Sylvie Monthul\u00e9. S\u00f3lo se comunica a las empresas de transporte con las que trabaja Sylvie Monthul\u00e9 la informaci\u00f3n necesaria para la correcta entrega de sus pedidos. Sylvie Monthul\u00e9 no vende ni alquila sus datos personales a terceros con fines de marketing en ning\u00fan caso.<\/p>\n<h2>\u00bfC\u00f3mo se protegen sus datos personales?<\/h2>\n<p style=\"text-align: justify;\">Sylvie Monthul\u00e9 aplica medidas de seguridad tecnol\u00f3gicas y organizativas reconocidas para garantizar que los datos personales recogidos no se pierdan, no se desv\u00eden, no se consulten, no se modifiquen ni se divulguen por terceros no autorizados, salvo que la comunicaci\u00f3n de estos datos venga impuesta por la normativa vigente, en particular a petici\u00f3n de una autoridad judicial, de la polic\u00eda, de la gendarmer\u00eda o de cualquier otra autoridad autorizada por la ley. La seguridad de los datos personales tambi\u00e9n depende de los usuarios. Los usuarios que son miembros de Sylvie Monthul\u00e9 se comprometen a mantener la confidencialidad de su nombre de usuario y contrase\u00f1a. Los miembros tambi\u00e9n se comprometen a no compartir su cuenta y a declarar a Sylvie Monthul\u00e9 cualquier uso no autorizado de su cuenta en cuanto tengan conocimiento de ello.<\/p>\n<h2>\u00bfCu\u00e1nto tiempo se conservan los datos personales?<\/h2>\n<p style=\"text-align: justify;\">Los datos personales comunicados por los usuarios de Sylvie Monthul\u00e9 se eliminar\u00e1n al cabo de un determinado per\u00edodo y en funci\u00f3n de los datos tratados. Para que los usuarios puedan recuperar su cuenta si olvidan su contrase\u00f1a despu\u00e9s de un periodo prolongado sin conectarse al Sitio, su correo electr\u00f3nico se guarda por motivos de seguridad. Sin embargo, es posible eliminarla modificando la informaci\u00f3n de su perfil en la secci\u00f3n \u00abMi cuenta\u00bb del Sitio. S\u00f3lo conservamos sus datos durante el tiempo necesario para los fines para los que fueron recogidos, de acuerdo con los requisitos legales.<\/p>\n<h2>\u00bfQu\u00e9 ocurre cuando utilizo el Sitio en relaci\u00f3n con las redes sociales?<\/h2>\n<p style=\"text-align: justify;\">Cuando usted utiliza las redes sociales y los servicios o aplicaciones de Sylvie Monthul\u00e9 en relaci\u00f3n con las redes sociales, esto puede dar lugar a la recopilaci\u00f3n e intercambio de ciertos datos entre las redes sociales y Sylvie Monthul\u00e9. No nos hacemos responsables del uso que las redes sociales hagan de sus datos por cuenta propia. Tienes la posibilidad de configurar y controlar el acceso y la confidencialidad de tus datos directamente en las redes sociales.<\/p>\n<h2>\u00bfCu\u00e1les son sus derechos?<\/h2>\n<p>De acuerdo con la normativa vigente, los Usuarios de nuestra plataforma tienen los siguientes derechos:<\/p>\n<p>-derecho de acceso y rectificaci\u00f3n ; para actualizar y completar los datos del usuario;<br \/>\n-derecho a bloquear o eliminar los datos de los usuarios<br \/>\ndatos personales, cuando sean inexactos, incompletos,<br \/>\nequ\u00edvocos, obsoletos, o cuya recogida, utilizaci\u00f3n, comunicaci\u00f3n<br \/>\nobsoleta, o cuya recogida, utilizaci\u00f3n, comunicaci\u00f3n o almacenamiento est\u00e1 prohibido;<br \/>\n-el derecho a retirar el consentimiento en cualquier momento;-<br \/>\n-el derecho a limitar el tratamiento de los datos de los usuarios;<br \/>\n-el derecho a oponerse al tratamiento de los datos personales;<br \/>\n-el derecho a la portabilidad de los datos facilitados por los usuarios,<br \/>\ncuando dichos datos sean objeto de un tratamiento<br \/>\nautomatizado basado en su consentimiento o basado<br \/>\nen su consentimiento o en un contrato.<\/p>\n<p style=\"text-align: justify;\">Si desea conocer el uso que hace Sylvie Monthul\u00e9 de estos datos personales, solicitar su rectificaci\u00f3n u oponerse a su tratamiento, puede enviar un correo electr\u00f3nico a contact@sylvie-monthule.fr o enviar una carta a la siguiente direcci\u00f3n Ose cr\u00e9ations &#8211; Sylvie Monthul\u00e9 &#8211; 269 Avenue du G\u00e9neral de Gaulle 94500 CHAMPIGNY SUR MARNE &#8211; FRANCE. Por \u00faltimo, los usuarios de Sylvie Monthul\u00e9 pueden presentar una reclamaci\u00f3n ante las autoridades de control, incluida la CNIL (https:\/\/www.cnil.fr:fr\/plaintes). Sus solicitudes se tramitar\u00e1n en un plazo de 30 d\u00edas. Adem\u00e1s de su solicitud, le pediremos que adjunte una fotocopia de un documento de identidad para que Sylvie Monthul\u00e9 pueda verificar su identidad.<\/p>\n<h2>\u00bfC\u00f3mo puede ponerse en contacto con nosotros?<\/h2>\n<p style=\"text-align: justify;\">Si tiene alguna pregunta o queja o si desea hacer recomendaciones o comentarios a Sylvie Monthul\u00e9 para mejorar nuestra pol\u00edtica de protecci\u00f3n de datos personales, puede enviar un correo electr\u00f3nico a contact@sylvie-monthule.fr o enviar una carta a la siguiente direcci\u00f3n<\/p>\n<p>Ose cr\u00e9ations &#8211; Sylvie Monthul\u00e9<br \/>\n269 Avenue du G\u00e9neral de Gaulle<br \/>\n94500 CHAMPIGNY SUR MARNE<br \/>\nFRANCIA.<\/p>\n","protected":false},"excerpt":{"rendered":"<p>Siguiendo las nuevas regulaciones sobre protecci\u00f3n datos personales del 25 de mayo de 2018, Sylvie Monthul\u00e9 te recuerda, que desde el nacimiento de su compania en 1995 los datos personales que le encomienda cuando realiza un pedido (nombre, direcci\u00f3n, correo electr\u00f3nico, tel\u00e9fono &#8230;) permanecen absolutamente confidenciales y en ning\u00fan caso se divulgan a terceros. Solo [&hellip;]<\/p>\n","protected":false},"author":9379,"featured_media":0,"parent":0,"menu_order":0,"comment_status":"closed","ping_status":"closed","template":"","meta":{"_acf_changed":false,"footnotes":""},"class_list":["post-52724","page","type-page","status-publish","hentry"],"acf":[],"_links":{"self":[{"href":"https:\/\/www.sylvie-monthule.com\/es\/wp-json\/wp\/v2\/pages\/52724","targetHints":{"allow":["GET"]}}],"collection":[{"href":"https:\/\/www.sylvie-monthule.com\/es\/wp-json\/wp\/v2\/pages"}],"about":[{"href":"https:\/\/www.sylvie-monthule.com\/es\/wp-json\/wp\/v2\/types\/page"}],"author":[{"embeddable":true,"href":"https:\/\/www.sylvie-monthule.com\/es\/wp-json\/wp\/v2\/users\/9379"}],"replies":[{"embeddable":true,"href":"https:\/\/www.sylvie-monthule.com\/es\/wp-json\/wp\/v2\/comments?post=52724"}],"version-history":[{"count":7,"href":"https:\/\/www.sylvie-monthule.com\/es\/wp-json\/wp\/v2\/pages\/52724\/revisions"}],"predecessor-version":[{"id":109032,"href":"https:\/\/www.sylvie-monthule.com\/es\/wp-json\/wp\/v2\/pages\/52724\/revisions\/109032"}],"wp:attachment":[{"href":"https:\/\/www.sylvie-monthule.com\/es\/wp-json\/wp\/v2\/media?parent=52724"}],"curies":[{"name":"wp","href":"https:\/\/api.w.org\/{rel}","templated":true}]}}