{"id":24040,"date":"2015-05-12T13:20:09","date_gmt":"2015-05-12T12:20:09","guid":{"rendered":"http:\/\/www.sylvie-monthule.com\/?page_id=24040"},"modified":"2022-05-20T10:00:53","modified_gmt":"2022-05-20T09:00:53","slug":"calidad","status":"publish","type":"page","link":"https:\/\/www.sylvie-monthule.com\/es\/calidad\/","title":{"rendered":"Calidad"},"content":{"rendered":"\n<div class=\"wp-block-image\"><figure class=\"aligncenter size-full is-resized\"><img loading=\"lazy\" decoding=\"async\" src=\"https:\/\/www.sylvie-monthule.com\/wp-content\/uploads\/2022\/05\/fabrication-france.jpeg\" alt=\"bijou-intime-fabrication-france-designer\" class=\"wp-image-127097\" width=\"240\" height=\"240\" srcset=\"https:\/\/www.sylvie-monthule.com\/wp-content\/uploads\/2022\/05\/fabrication-france.jpeg 960w, https:\/\/www.sylvie-monthule.com\/wp-content\/uploads\/2022\/05\/fabrication-france-300x300.jpeg 300w, https:\/\/www.sylvie-monthule.com\/wp-content\/uploads\/2022\/05\/fabrication-france-150x150.jpeg 150w, https:\/\/www.sylvie-monthule.com\/wp-content\/uploads\/2022\/05\/fabrication-france-768x768.jpeg 768w, https:\/\/www.sylvie-monthule.com\/wp-content\/uploads\/2022\/05\/fabrication-france-600x600.jpeg 600w, https:\/\/www.sylvie-monthule.com\/wp-content\/uploads\/2022\/05\/fabrication-france-100x100.jpeg 100w\" sizes=\"auto, (max-width: 240px) 100vw, 240px\" \/><\/figure><\/div>\n\n\n<p class=\"romantic\" style=\"text-align: center;\">Desde hace m\u00e1s de 25 a\u00f1os, Sylvie Monthul\u00e9, dise\u00f1adora francesa,<br \/>imagina, dise\u00f1a y fabrica para usted<br \/>joyas er\u00f3ticas \u00fanicas.<\/p>\n<p>\u00a0<\/p>\n<h2><span style=\"color: #000000;\">Calidad fabricacion Francesca<\/span><\/h2>\n<p style=\"text-align: justify;\">Todas las joyas de Sylvie Monthul\u00e9 se fabrican en Francia con materiales excelentes e hipoalerg\u00e9nicos. Para cada joya, encontrar\u00e1 la informaci\u00f3n esencial, as\u00ed como la descripci\u00f3n y el material (chapado en oro o plata, alto dorado, etc&#8230;). La marca Sylvie Monthul\u00e9 est\u00e1 protegida y registrada. Si desea saber m\u00e1s sobre la dise\u00f1adora, <a href=\"https:\/\/www.sylvie-monthule.com\/es\/la-creadora\/\">visite su p\u00e1gina la creadora<\/a>.<\/p>\n<h2><span style=\"color: #000000;\"><strong>Talleres servicio post-venta<\/strong><\/span><\/h2>\n<p style=\"text-align: justify;\">Nuestros talleres disponen de un servicio postventa. Estamos a su disposici\u00f3n para realizar modificaciones de talla o reparaciones en sus joyas, sea cual sea la fecha de compra. S\u00f3lo le pediremos que pague los gastos de env\u00edo para la devoluci\u00f3n de su(s) joya(s), y dependiendo del tipo de reparaci\u00f3n a realizar, se puede solicitar una peque\u00f1a tarifa. Por supuesto, si una de nuestras joyas le es entregada con un defecto, o si le llega \u00abda\u00f1ada\u00bb, nuestro taller proceder\u00e1 a su reparaci\u00f3n o a su cambio, a nuestro cargo y en los plazos m\u00e1s breves.<\/p>\n<h2><span style=\"color: #000000;\">Consejos de mantenimiento<\/span><\/h2>\n<p>Para mantener el brillo y la calidad de sus joyas, he aqu\u00ed algunos consejos:<br \/>&#8211; L\u00e1velos con agua jabonosa y no utilice alcohol.<br \/>&#8211; Evite rociar sus joyas con perfume.<br \/>&#8211; Evite nadar en el mar o en una piscina<br \/>(la sal y el cloro pueden empa\u00f1ar sus joyas)<br \/>&#8211; Joyas para el cl\u00edtoris, joyas para la penetraci\u00f3n;<br \/>Antes y despu\u00e9s de cada uso, limpia tus joyas con agua jabonosa<br \/>y utilizar un gel lubricante si es necesario antes de insertar una joya vaginal o anal.<br \/>No lleves sus joyas \u00edntimas si la zona est\u00e1 irritada o es sensible.<br \/>No prestes sus joyas sexuales a otras personas.<br \/>&#8211; Joyas plateadas; la plata se oscurece de forma natural.<br \/>Basta con frotar las joyas con un pa\u00f1o suave para devolverles el brillo.<br \/>&#8211; Guarda tus joyas en su estuche despu\u00e9s de cada uso para protegerlas.<\/p>\n<p><strong>La empresa Sylvie Monthul\u00e9 \/ Ose cr\u00e9ations crea y comercializa<\/strong><br \/><strong>joyas er\u00f3ticas para adultos y para un uso espec\u00edfico.<\/strong><br \/><strong>En cualquier caso, no podr\u00eda responsabilizarse de otro uso que se hiciera<\/strong><br \/><strong>que se har\u00eda con sus joyas.<\/strong><\/p>\n<h2>DEVOLUCIONES<\/h2>\n<p style=\"text-align: justify;\">Sea cual sea el motivo de la devoluci\u00f3n de su joya, p\u00f3ngase en contacto con nosotros por correo electr\u00f3nico contact@sylvie-monthule.com, indicando el n\u00famero de su pedido y el motivo de la devoluci\u00f3n. Le informaremos r\u00e1pidamente del procedimiento a seguir.<\/p>\n<p>En todos los casos, su joya debe ser devuelta a nosotros;<br \/>&#8211; limpiar y\u00a0sin usar<br \/>&#8211; en un embalaje protector o en su embalaje original<br \/>acompa\u00f1ado de sus datos completos de contacto<br \/>y\/o una copia de la factura.<\/p>\n<p><strong>Atenci\u00f3n; Por razones\u00a0 \u00abde higiene\u00bb, las joyas penetrantes, joyas cl\u00edtoris,<\/strong><br \/><strong>joyas anales, joyas sexuales&#8230; no se cambian ni se devuelven.<\/strong><br \/><strong>Pueden ser devueltos a nosotros para modificaciones de tama\u00f1o<br \/>o una reparaci\u00f3n,\u00a0<\/strong><strong>como todas las otras joyas.<\/strong><\/p>","protected":false},"excerpt":{"rendered":"<p>Desde hace m\u00e1s de 25 a\u00f1os, Sylvie Monthul\u00e9, dise\u00f1adora francesa,imagina, dise\u00f1a y fabrica para ustedjoyas er\u00f3ticas \u00fanicas. \u00a0 Calidad fabricacion Francesca Todas las joyas de Sylvie Monthul\u00e9 se fabrican en Francia con materiales excelentes e hipoalerg\u00e9nicos. Para cada joya, encontrar\u00e1 la informaci\u00f3n esencial, as\u00ed como la descripci\u00f3n y el material (chapado en oro o plata, [&hellip;]<\/p>\n","protected":false},"author":9379,"featured_media":0,"parent":0,"menu_order":0,"comment_status":"closed","ping_status":"closed","template":"","meta":{"_acf_changed":false,"footnotes":""},"class_list":["post-24040","page","type-page","status-publish","hentry"],"acf":[],"_links":{"self":[{"href":"https:\/\/www.sylvie-monthule.com\/es\/wp-json\/wp\/v2\/pages\/24040","targetHints":{"allow":["GET"]}}],"collection":[{"href":"https:\/\/www.sylvie-monthule.com\/es\/wp-json\/wp\/v2\/pages"}],"about":[{"href":"https:\/\/www.sylvie-monthule.com\/es\/wp-json\/wp\/v2\/types\/page"}],"author":[{"embeddable":true,"href":"https:\/\/www.sylvie-monthule.com\/es\/wp-json\/wp\/v2\/users\/9379"}],"replies":[{"embeddable":true,"href":"https:\/\/www.sylvie-monthule.com\/es\/wp-json\/wp\/v2\/comments?post=24040"}],"version-history":[{"count":10,"href":"https:\/\/www.sylvie-monthule.com\/es\/wp-json\/wp\/v2\/pages\/24040\/revisions"}],"predecessor-version":[{"id":127107,"href":"https:\/\/www.sylvie-monthule.com\/es\/wp-json\/wp\/v2\/pages\/24040\/revisions\/127107"}],"wp:attachment":[{"href":"https:\/\/www.sylvie-monthule.com\/es\/wp-json\/wp\/v2\/media?parent=24040"}],"curies":[{"name":"wp","href":"https:\/\/api.w.org\/{rel}","templated":true}]}}