{"id":15829,"date":"2015-03-10T09:14:19","date_gmt":"2015-03-10T08:14:19","guid":{"rendered":"http:\/\/www.sylvie-monthule.com\/?page_id=15829"},"modified":"2023-07-07T08:36:53","modified_gmt":"2023-07-07T07:36:53","slug":"sala-de-exposicion","status":"publish","type":"page","link":"https:\/\/www.sylvie-monthule.com\/es\/sala-de-exposicion\/","title":{"rendered":"Show Room"},"content":{"rendered":"<h2 class=\"romantic\" style=\"text-align: center;\">Show-Room<\/h2>\n<p style=\"text-align: center;\"><strong>Tras el traslado de nuestras instalaciones en mayo de 2022,<\/strong><br \/>\n<strong>estamos temporalmente sin sala de exposici\u00f3n.<\/strong><br \/>\n<span style=\"color: #ff00ff;\"><strong>Pero puede concertar una cita por tel\u00e9fono o correo electr\u00f3nico<\/strong><\/span><br \/>\n<span style=\"color: #ff00ff;\"><strong>para venir a ver nuestras joyas o recoger su pedido<\/strong><\/span><br \/>\n<span style=\"color: #ff00ff;\"><strong>en nuestro taller.<\/strong><\/span><\/p>\n<p style=\"text-align: center;\"><strong>Estaremos encantados de recibirle.<\/strong><br \/>\n<strong>Sylvie Monthul\u00e9 y su equipo<\/strong><\/p>\n<p style=\"text-align: center;\">\n<p style=\"text-align: center;\"><img loading=\"lazy\" decoding=\"async\" class=\"alignnone wp-image-25390 cadre\" src=\"https:\/\/www.sylvie-monthule.com\/wp-content\/uploads\/2015\/03\/show-room-sylvie-monthule-809x1024.jpg\" alt=\"show room sylvie monthule\" width=\"346\" height=\"437\" srcset=\"https:\/\/www.sylvie-monthule.com\/wp-content\/uploads\/2015\/03\/show-room-sylvie-monthule-809x1024.jpg 809w, https:\/\/www.sylvie-monthule.com\/wp-content\/uploads\/2015\/03\/show-room-sylvie-monthule-237x300.jpg 237w, https:\/\/www.sylvie-monthule.com\/wp-content\/uploads\/2015\/03\/show-room-sylvie-monthule-768x973.jpg 768w, https:\/\/www.sylvie-monthule.com\/wp-content\/uploads\/2015\/03\/show-room-sylvie-monthule.jpg 1772w\" sizes=\"auto, (max-width: 346px) 100vw, 346px\" \/><\/p>\n<p style=\"text-align: center;\"><strong><img loading=\"lazy\" decoding=\"async\" class=\"alignnone wp-image-27769 size-thumbnail rotate_m5 cadre\" src=\"https:\/\/www.sylvie-monthule.com\/wp-content\/uploads\/2015\/11\/STH914-F-string-etui-penis-argent-150x150.jpg\" alt=\"STH914-F-string-etui-penis-argent\" width=\"150\" height=\"150\" srcset=\"https:\/\/www.sylvie-monthule.com\/wp-content\/uploads\/2015\/11\/STH914-F-string-etui-penis-argent-150x150.jpg 150w, https:\/\/www.sylvie-monthule.com\/wp-content\/uploads\/2015\/11\/STH914-F-string-etui-penis-argent-300x300.jpg 300w, https:\/\/www.sylvie-monthule.com\/wp-content\/uploads\/2015\/11\/STH914-F-string-etui-penis-argent-768x768.jpg 768w, https:\/\/www.sylvie-monthule.com\/wp-content\/uploads\/2015\/11\/STH914-F-string-etui-penis-argent-1024x1024.jpg 1024w, https:\/\/www.sylvie-monthule.com\/wp-content\/uploads\/2015\/11\/STH914-F-string-etui-penis-argent-180x180.jpg 180w, https:\/\/www.sylvie-monthule.com\/wp-content\/uploads\/2015\/11\/STH914-F-string-etui-penis-argent-600x600.jpg 600w, https:\/\/www.sylvie-monthule.com\/wp-content\/uploads\/2015\/11\/STH914-F-string-etui-penis-argent.jpg 1800w\" sizes=\"auto, (max-width: 150px) 100vw, 150px\" \/><img loading=\"lazy\" decoding=\"async\" class=\"alignnone wp-image-27502 size-thumbnail rotate_p5 cadre\" src=\"https:\/\/www.sylvie-monthule.com\/wp-content\/uploads\/2015\/11\/ST152-A-string-cygne-caresse-de-jour-or-150x150.jpg\" alt=\"ST152-A-string-cygne-caresse-de-jour-or\" width=\"150\" height=\"150\" srcset=\"https:\/\/www.sylvie-monthule.com\/wp-content\/uploads\/2015\/11\/ST152-A-string-cygne-caresse-de-jour-or-150x150.jpg 150w, https:\/\/www.sylvie-monthule.com\/wp-content\/uploads\/2015\/11\/ST152-A-string-cygne-caresse-de-jour-or-300x300.jpg 300w, https:\/\/www.sylvie-monthule.com\/wp-content\/uploads\/2015\/11\/ST152-A-string-cygne-caresse-de-jour-or-768x768.jpg 768w, https:\/\/www.sylvie-monthule.com\/wp-content\/uploads\/2015\/11\/ST152-A-string-cygne-caresse-de-jour-or-1024x1024.jpg 1024w, https:\/\/www.sylvie-monthule.com\/wp-content\/uploads\/2015\/11\/ST152-A-string-cygne-caresse-de-jour-or-180x180.jpg 180w, https:\/\/www.sylvie-monthule.com\/wp-content\/uploads\/2015\/11\/ST152-A-string-cygne-caresse-de-jour-or-600x600.jpg 600w, https:\/\/www.sylvie-monthule.com\/wp-content\/uploads\/2015\/11\/ST152-A-string-cygne-caresse-de-jour-or.jpg 1800w\" sizes=\"auto, (max-width: 150px) 100vw, 150px\" \/><\/strong><\/p>\n<p style=\"text-align: center;\"><strong><span style=\"color: #ff00ff;\">\u00a0<\/span><\/strong><\/p>\n<p style=\"text-align: center;\"><span style=\"color: #ff00ff;\">Direccion :<\/span><br \/>\n269 avenue du G\u00e9n\u00e9ral de Gaulle &#8211; 94500 Champigny sur marne. Francia<\/p>\n<p style=\"text-align: center;\"><strong><a href=\"mailto:contact@sylvie-monthule.com\" target=\"_blank\" rel=\"noopener noreferrer\">contact@sylvie-monthule.com<\/a><\/strong><br \/>\n00 33 1 48 82 44 46<\/p>\n<p>&nbsp;<\/p>\n<p style=\"text-align: center;\">\n","protected":false},"excerpt":{"rendered":"<p>Show-Room Tras el traslado de nuestras instalaciones en mayo de 2022, estamos temporalmente sin sala de exposici\u00f3n. Pero puede concertar una cita por tel\u00e9fono o correo electr\u00f3nico para venir a ver nuestras joyas o recoger su pedido en nuestro taller. Estaremos encantados de recibirle. Sylvie Monthul\u00e9 y su equipo \u00a0 Direccion : 269 avenue du [&hellip;]<\/p>\n","protected":false},"author":9379,"featured_media":0,"parent":0,"menu_order":0,"comment_status":"closed","ping_status":"closed","template":"","meta":{"_acf_changed":false,"footnotes":""},"class_list":["post-15829","page","type-page","status-publish","hentry"],"acf":[],"_links":{"self":[{"href":"https:\/\/www.sylvie-monthule.com\/es\/wp-json\/wp\/v2\/pages\/15829","targetHints":{"allow":["GET"]}}],"collection":[{"href":"https:\/\/www.sylvie-monthule.com\/es\/wp-json\/wp\/v2\/pages"}],"about":[{"href":"https:\/\/www.sylvie-monthule.com\/es\/wp-json\/wp\/v2\/types\/page"}],"author":[{"embeddable":true,"href":"https:\/\/www.sylvie-monthule.com\/es\/wp-json\/wp\/v2\/users\/9379"}],"replies":[{"embeddable":true,"href":"https:\/\/www.sylvie-monthule.com\/es\/wp-json\/wp\/v2\/comments?post=15829"}],"version-history":[{"count":18,"href":"https:\/\/www.sylvie-monthule.com\/es\/wp-json\/wp\/v2\/pages\/15829\/revisions"}],"predecessor-version":[{"id":133745,"href":"https:\/\/www.sylvie-monthule.com\/es\/wp-json\/wp\/v2\/pages\/15829\/revisions\/133745"}],"wp:attachment":[{"href":"https:\/\/www.sylvie-monthule.com\/es\/wp-json\/wp\/v2\/media?parent=15829"}],"curies":[{"name":"wp","href":"https:\/\/api.w.org\/{rel}","templated":true}]}}