{"id":15827,"date":"2015-03-10T09:11:15","date_gmt":"2015-03-10T08:11:15","guid":{"rendered":"http:\/\/www.sylvie-monthule.com\/?page_id=15827"},"modified":"2024-08-26T07:28:58","modified_gmt":"2024-08-26T06:28:58","slug":"pago-seguro","status":"publish","type":"page","link":"https:\/\/www.sylvie-monthule.com\/es\/pago-seguro\/","title":{"rendered":"Pago Seguro"},"content":{"rendered":"<p><img loading=\"lazy\" decoding=\"async\" class=\" size-full wp-image-22422 alignright\" src=\"https:\/\/www.sylvie-monthule.com\/wp-content\/uploads\/2015\/03\/illustration_paiement.jpg\" alt=\"illustration_paiement\" width=\"200\" height=\"135\" \/><\/p>\n<h2><img loading=\"lazy\" decoding=\"async\" class=\"wp-image-133385 alignright\" src=\"https:\/\/www.sylvie-monthule.com\/wp-content\/uploads\/2023\/06\/logo-visa-mastercar-amex-300x63.png\" alt=\"\" width=\"190\" height=\"40\" srcset=\"https:\/\/www.sylvie-monthule.com\/wp-content\/uploads\/2023\/06\/logo-visa-mastercar-amex-300x63.png 300w, https:\/\/www.sylvie-monthule.com\/wp-content\/uploads\/2023\/06\/logo-visa-mastercar-amex-1024x215.png 1024w, https:\/\/www.sylvie-monthule.com\/wp-content\/uploads\/2023\/06\/logo-visa-mastercar-amex-768x162.png 768w, https:\/\/www.sylvie-monthule.com\/wp-content\/uploads\/2023\/06\/logo-visa-mastercar-amex-600x126.png 600w, https:\/\/www.sylvie-monthule.com\/wp-content\/uploads\/2023\/06\/logo-visa-mastercar-amex.png 1236w\" sizes=\"auto, (max-width: 190px) 100vw, 190px\" \/><\/h2>\n<h2><span style=\"color: #ff00ff;\"><strong>Pago con tarjeta de cr\u00e9dito.<\/strong><\/span><\/h2>\n<p><strong>POR EL BANCO \u00abSOCIETE GENERALE\u00bb<\/strong><\/p>\n<p><strong>Sus pagos son totalmente seguros<\/strong><br \/>\nHemos elegido el banco \u00abSoci\u00e9t\u00e9 G\u00e9n\u00e9rale\u00bb para la seguridad y la encriptaci\u00f3n de su informacion bancaria.<br \/>\nPuede proceder a su pago con tarjeta de cr\u00e9dito con total confianza: sus datos bancarios est\u00e1n codificados<br \/>\ny nuestra empresa no tiene acceso a su informaci\u00f3n bancaria.<br \/>\n<strong>El sistema de autenticaci\u00f3n \u201c3D Secure\u201d garantiza la m\u00e1xima seguridad<\/strong> envi\u00e1ndole<br \/>\nun c\u00f3digo por SMS para garantizar que es usted quien realiza una compra en l\u00ednea.<br \/>\nEl proceso de pago es confirmado por e-mail.<br \/>\nLos pedidos realizados por el CB se procesan el mismo dia o al dia siguiente.<\/p>\n<h2><span style=\"color: #ff00ff;\">Pago por transfer\u00eda bancaria.<\/span><\/h2>\n<p>Un e-mail se confirmara la cantitad de su pago a hacerse con nuestros datos bancarios.<br \/>\nLos pedidos realizados mediante transfer\u00eda se env\u00edan a la recepci\u00f3n de su pago.<\/p>\n","protected":false},"excerpt":{"rendered":"<p>Pago con tarjeta de cr\u00e9dito. POR EL BANCO \u00abSOCIETE GENERALE\u00bb Sus pagos son totalmente seguros Hemos elegido el banco \u00abSoci\u00e9t\u00e9 G\u00e9n\u00e9rale\u00bb para la seguridad y la encriptaci\u00f3n de su informacion bancaria. Puede proceder a su pago con tarjeta de cr\u00e9dito con total confianza: sus datos bancarios est\u00e1n codificados y nuestra empresa no tiene acceso a [&hellip;]<\/p>\n","protected":false},"author":9379,"featured_media":0,"parent":0,"menu_order":0,"comment_status":"closed","ping_status":"closed","template":"","meta":{"_acf_changed":false,"footnotes":""},"class_list":["post-15827","page","type-page","status-publish","hentry"],"acf":[],"_links":{"self":[{"href":"https:\/\/www.sylvie-monthule.com\/es\/wp-json\/wp\/v2\/pages\/15827","targetHints":{"allow":["GET"]}}],"collection":[{"href":"https:\/\/www.sylvie-monthule.com\/es\/wp-json\/wp\/v2\/pages"}],"about":[{"href":"https:\/\/www.sylvie-monthule.com\/es\/wp-json\/wp\/v2\/types\/page"}],"author":[{"embeddable":true,"href":"https:\/\/www.sylvie-monthule.com\/es\/wp-json\/wp\/v2\/users\/9379"}],"replies":[{"embeddable":true,"href":"https:\/\/www.sylvie-monthule.com\/es\/wp-json\/wp\/v2\/comments?post=15827"}],"version-history":[{"count":12,"href":"https:\/\/www.sylvie-monthule.com\/es\/wp-json\/wp\/v2\/pages\/15827\/revisions"}],"predecessor-version":[{"id":141170,"href":"https:\/\/www.sylvie-monthule.com\/es\/wp-json\/wp\/v2\/pages\/15827\/revisions\/141170"}],"wp:attachment":[{"href":"https:\/\/www.sylvie-monthule.com\/es\/wp-json\/wp\/v2\/media?parent=15827"}],"curies":[{"name":"wp","href":"https:\/\/api.w.org\/{rel}","templated":true}]}}