{"id":15825,"date":"2015-03-10T09:09:49","date_gmt":"2015-03-10T08:09:49","guid":{"rendered":"http:\/\/www.sylvie-monthule.com\/?page_id=15825"},"modified":"2025-11-05T09:33:20","modified_gmt":"2025-11-05T08:33:20","slug":"entrega-rapida-y-discreta","status":"publish","type":"page","link":"https:\/\/www.sylvie-monthule.com\/es\/entrega-rapida-y-discreta\/","title":{"rendered":"Entrega rapida y discreta"},"content":{"rendered":"<p style=\"text-align: left;\"><span style=\"color: #ff00ff;\"><b>Excepto durante los d\u00edas festivos que anunciamos en la p\u00e1gina web (vacaciones de verano y semana de invierno), sus pedidos se procesan en 24 o 48 horas y se env\u00edan a todo el mundo.<\/b><\/span><\/p>\n<p style=\"text-align: left;\"><strong><br \/>\nENVIO DISCRETO<\/strong><br \/>\n-Los env\u00edos de joyas no incluyen ninguna referencia<br \/>\nde car\u00e1cter er\u00f3tico ni ninguna menci\u00f3n a joyer\u00eda.<br \/>\n-Los env\u00edos de dibujos o pinturas (originales o impresiones)<br \/>\nno incluyen ninguna referencia de car\u00e1cter er\u00f3tico ni ninguna menci\u00f3n a obras de arte.<br \/>\nEsto se hace con el fin de garantizar la seguridad de los env\u00edos y respetar su privacidad.<\/p>\n<p><strong>EMBALAJE<\/strong><br \/>\n-Dentro del paquete, sus joyas est\u00e1n cuidadosamente empaquetadas<br \/>\nen bonitas bolsitas de terciopelo negro. Estos estuches son envoltorios<br \/>\nde regalo \u00ablistos para regalar\u00bb, refinados y elegantes.<br \/>\n-Los dibujos y pinturas (impresiones y originales) se empaquetan<br \/>\ny protegen cuidadosamente y se env\u00edan en paquetes r\u00edgidos<br \/>\njunto con su certificado de autenticidad.<\/p>\n<p>&nbsp;<\/p>\n<h3><span style=\"color: #ff00ff;\">1\/ ENTREGA EN FRANCIA Y SUIZA ;<\/span><\/h3>\n<p><strong>Puede hacer un seguimiento de la entrega de su pedido en Internet<\/strong><br \/>\nColissimo seguido Francia\u00a0 (Dia + 48 horas)<br \/>\nColissimo seguido Suiza ( 7 dias )<br \/>\nDHL (24 horas)<\/p>\n<p><img loading=\"lazy\" decoding=\"async\" class=\"alignnone wp-image-45602\" src=\"https:\/\/www.sylvie-monthule.com\/wp-content\/uploads\/2017\/12\/colissimo-300x77.png\" alt=\"\" width=\"150\" height=\"38\" srcset=\"https:\/\/www.sylvie-monthule.com\/wp-content\/uploads\/2017\/12\/colissimo-300x77.png 300w, https:\/\/www.sylvie-monthule.com\/wp-content\/uploads\/2017\/12\/colissimo.png 430w\" sizes=\"auto, (max-width: 150px) 100vw, 150px\" \/><\/p>\n<p><img loading=\"lazy\" decoding=\"async\" class=\"alignnone wp-image-112170\" src=\"https:\/\/www.sylvie-monthule.com\/wp-content\/uploads\/2021\/06\/logo-dhl.jpg\" alt=\"\" width=\"95\" height=\"55\" srcset=\"https:\/\/www.sylvie-monthule.com\/wp-content\/uploads\/2021\/06\/logo-dhl.jpg 1851w, https:\/\/www.sylvie-monthule.com\/wp-content\/uploads\/2021\/06\/logo-dhl-300x173.jpg 300w, https:\/\/www.sylvie-monthule.com\/wp-content\/uploads\/2021\/06\/logo-dhl-768x442.jpg 768w, https:\/\/www.sylvie-monthule.com\/wp-content\/uploads\/2021\/06\/logo-dhl-1024x590.jpg 1024w\" sizes=\"auto, (max-width: 95px) 100vw, 95px\" \/><\/p>\n<p>&nbsp;<\/p>\n<h3><span style=\"color: #ff00ff;\">2\/ ENTREGA EN EUROPA\u00a0 :<\/span><\/h3>\n<p><strong>Puede hacer un seguimiento de la entrega de su pedido en Internet<\/strong><br \/>\nEntrega de forma expresa o economico con DHL<br \/>\nEl tiempo de entrega varia dependiendo del pais y cuidad de destino :<br \/>\ngeneralmente entre 24h y 72h.<\/p>\n<p><img loading=\"lazy\" decoding=\"async\" class=\"alignnone wp-image-112170\" src=\"https:\/\/www.sylvie-monthule.com\/wp-content\/uploads\/2021\/06\/logo-dhl.jpg\" alt=\"\" width=\"95\" height=\"55\" srcset=\"https:\/\/www.sylvie-monthule.com\/wp-content\/uploads\/2021\/06\/logo-dhl.jpg 1851w, https:\/\/www.sylvie-monthule.com\/wp-content\/uploads\/2021\/06\/logo-dhl-300x173.jpg 300w, https:\/\/www.sylvie-monthule.com\/wp-content\/uploads\/2021\/06\/logo-dhl-768x442.jpg 768w, https:\/\/www.sylvie-monthule.com\/wp-content\/uploads\/2021\/06\/logo-dhl-1024x590.jpg 1024w\" sizes=\"auto, (max-width: 95px) 100vw, 95px\" \/><\/p>\n<p>&nbsp;<\/p>\n<h3><span style=\"color: #ff00ff;\">3\/ ENTREGA INTERNACIONAL ( fuera de Europa) :<\/span><\/h3>\n<p><strong>Puede hacer un seguimiento de la entrega de su pedido en Internet<\/strong><br \/>\nEntrega de forma expresa o economico con DHL<br \/>\nEl tiempo de entrega varia dependiendo del pais y cuidad de destino :<br \/>\ngeneralmente entre 24h y 72h.<\/p>\n<p><img loading=\"lazy\" decoding=\"async\" class=\"alignnone wp-image-112170\" src=\"https:\/\/www.sylvie-monthule.com\/wp-content\/uploads\/2021\/06\/logo-dhl.jpg\" alt=\"\" width=\"95\" height=\"55\" srcset=\"https:\/\/www.sylvie-monthule.com\/wp-content\/uploads\/2021\/06\/logo-dhl.jpg 1851w, https:\/\/www.sylvie-monthule.com\/wp-content\/uploads\/2021\/06\/logo-dhl-300x173.jpg 300w, https:\/\/www.sylvie-monthule.com\/wp-content\/uploads\/2021\/06\/logo-dhl-768x442.jpg 768w, https:\/\/www.sylvie-monthule.com\/wp-content\/uploads\/2021\/06\/logo-dhl-1024x590.jpg 1024w\" sizes=\"auto, (max-width: 95px) 100vw, 95px\" \/><\/p>\n<p>&nbsp;<\/p>\n<h2><span style=\"color: #ff00ff;\">Sus datos e informacion son confidenciales.\u00a0<\/span><\/h2>\n<p>En ning\u00fan caso se divulgar\u00e1n a otras empresas o particulares. Este es uno de los compromisos de Sylvie Monthul\u00e9.<br \/>\nNo se le enviar\u00e1 ning\u00fan cat\u00e1logo en papel ni publicidad por correo postal,<br \/>\nsalvo que lo solicite por escrito por correo postal o correo electr\u00f3nico.<\/p>\n<p>&nbsp;<\/p>\n<p>&nbsp;<\/p>\n","protected":false},"excerpt":{"rendered":"<p>Excepto durante los d\u00edas festivos que anunciamos en la p\u00e1gina web (vacaciones de verano y semana de invierno), sus pedidos se procesan en 24 o 48 horas y se env\u00edan a todo el mundo. ENVIO DISCRETO -Los env\u00edos de joyas no incluyen ninguna referencia de car\u00e1cter er\u00f3tico ni ninguna menci\u00f3n a joyer\u00eda. -Los env\u00edos de [&hellip;]<\/p>\n","protected":false},"author":9379,"featured_media":0,"parent":0,"menu_order":0,"comment_status":"closed","ping_status":"closed","template":"","meta":{"_acf_changed":false,"footnotes":""},"class_list":["post-15825","page","type-page","status-publish","hentry"],"acf":[],"_links":{"self":[{"href":"https:\/\/www.sylvie-monthule.com\/es\/wp-json\/wp\/v2\/pages\/15825","targetHints":{"allow":["GET"]}}],"collection":[{"href":"https:\/\/www.sylvie-monthule.com\/es\/wp-json\/wp\/v2\/pages"}],"about":[{"href":"https:\/\/www.sylvie-monthule.com\/es\/wp-json\/wp\/v2\/types\/page"}],"author":[{"embeddable":true,"href":"https:\/\/www.sylvie-monthule.com\/es\/wp-json\/wp\/v2\/users\/9379"}],"replies":[{"embeddable":true,"href":"https:\/\/www.sylvie-monthule.com\/es\/wp-json\/wp\/v2\/comments?post=15825"}],"version-history":[{"count":57,"href":"https:\/\/www.sylvie-monthule.com\/es\/wp-json\/wp\/v2\/pages\/15825\/revisions"}],"predecessor-version":[{"id":148501,"href":"https:\/\/www.sylvie-monthule.com\/es\/wp-json\/wp\/v2\/pages\/15825\/revisions\/148501"}],"wp:attachment":[{"href":"https:\/\/www.sylvie-monthule.com\/es\/wp-json\/wp\/v2\/media?parent=15825"}],"curies":[{"name":"wp","href":"https:\/\/api.w.org\/{rel}","templated":true}]}}