{"id":15821,"date":"2015-03-10T09:06:06","date_gmt":"2015-03-10T08:06:06","guid":{"rendered":"http:\/\/www.sylvie-monthule.com\/?page_id=15821"},"modified":"2025-04-30T10:16:49","modified_gmt":"2025-04-30T09:16:49","slug":"la-creadora","status":"publish","type":"page","link":"https:\/\/www.sylvie-monthule.com\/es\/la-creadora\/","title":{"rendered":"La Creadora"},"content":{"rendered":"<h2 style=\"text-align: center;\">Sylvie Monthul\u00e9 creadora de joyas \u00edntimas<\/h2>\n<p class=\"romantic\" style=\"text-align: justify;\">Sylvie Monthul\u00e9 celebra en 2025, sus 30 anos de colecciones eroticas&#8230; 30 anos de dibujos, ideas, suenos, deseos, para joyas de placer. \u00abImagina une joya erotica desde el principio hasta el final&#8230; El primer boceto, luego los detalles, las curvas&#8230; Dale vida, dale forma, esculpalo&#8230;Hasta que el cuerpo descubre todos sus secretos.\u00bb <a href=\"https:\/\/www.sylvie-monthule.com\/es\/algunos-esbozos-de-nuevas-joyas-intimas\/\">Descubra los esbozos de la ultima coleccion<\/a>.<\/p>\n<p><img loading=\"lazy\" decoding=\"async\" class=\"aligncenter wp-image-109557\" src=\"https:\/\/www.sylvie-monthule.com\/wp-content\/uploads\/2021\/04\/creadora-de-joyas-intimas.jpg\" alt=\"creadora-joyeria-sexuale-mujer-hombre\" width=\"720\" height=\"938\" srcset=\"https:\/\/www.sylvie-monthule.com\/wp-content\/uploads\/2021\/04\/creadora-de-joyas-intimas.jpg 1536w, https:\/\/www.sylvie-monthule.com\/wp-content\/uploads\/2021\/04\/creadora-de-joyas-intimas-230x300.jpg 230w, https:\/\/www.sylvie-monthule.com\/wp-content\/uploads\/2021\/04\/creadora-de-joyas-intimas-768x1000.jpg 768w, https:\/\/www.sylvie-monthule.com\/wp-content\/uploads\/2021\/04\/creadora-de-joyas-intimas-786x1024.jpg 786w\" sizes=\"auto, (max-width: 720px) 100vw, 720px\" \/><\/p>\n<p><img loading=\"lazy\" decoding=\"async\" class=\"aligncenter wp-image-109569\" src=\"https:\/\/www.sylvie-monthule.com\/wp-content\/uploads\/2021\/04\/dessin-bijou-erotique-sylvie-monthule-2.jpg\" alt=\"dibujo-joya-intima-tanga-mujer\" width=\"550\" height=\"716\" srcset=\"https:\/\/www.sylvie-monthule.com\/wp-content\/uploads\/2021\/04\/dessin-bijou-erotique-sylvie-monthule-2.jpg 1536w, https:\/\/www.sylvie-monthule.com\/wp-content\/uploads\/2021\/04\/dessin-bijou-erotique-sylvie-monthule-2-230x300.jpg 230w, https:\/\/www.sylvie-monthule.com\/wp-content\/uploads\/2021\/04\/dessin-bijou-erotique-sylvie-monthule-2-768x1000.jpg 768w, https:\/\/www.sylvie-monthule.com\/wp-content\/uploads\/2021\/04\/dessin-bijou-erotique-sylvie-monthule-2-786x1024.jpg 786w\" sizes=\"auto, (max-width: 550px) 100vw, 550px\" \/><\/p>\n<p><img loading=\"lazy\" decoding=\"async\" class=\"aligncenter wp-image-109573\" src=\"https:\/\/www.sylvie-monthule.com\/wp-content\/uploads\/2021\/04\/dessin-bijou-erotique-sylvie-monthule-3.jpg\" alt=\"dibujo-joya-sexuale-tange-mujer\" width=\"550\" height=\"716\" srcset=\"https:\/\/www.sylvie-monthule.com\/wp-content\/uploads\/2021\/04\/dessin-bijou-erotique-sylvie-monthule-3.jpg 1536w, https:\/\/www.sylvie-monthule.com\/wp-content\/uploads\/2021\/04\/dessin-bijou-erotique-sylvie-monthule-3-230x300.jpg 230w, https:\/\/www.sylvie-monthule.com\/wp-content\/uploads\/2021\/04\/dessin-bijou-erotique-sylvie-monthule-3-768x1000.jpg 768w, https:\/\/www.sylvie-monthule.com\/wp-content\/uploads\/2021\/04\/dessin-bijou-erotique-sylvie-monthule-3-786x1024.jpg 786w\" sizes=\"auto, (max-width: 550px) 100vw, 550px\" \/><\/p>\n<p><img loading=\"lazy\" decoding=\"async\" class=\"aligncenter wp-image-109577\" src=\"https:\/\/www.sylvie-monthule.com\/wp-content\/uploads\/2021\/04\/drawing-intimate-gem-4-sylvie-monthule.jpg\" alt=\"creacione-joya-pene-plata\" width=\"550\" height=\"716\" srcset=\"https:\/\/www.sylvie-monthule.com\/wp-content\/uploads\/2021\/04\/drawing-intimate-gem-4-sylvie-monthule.jpg 1536w, https:\/\/www.sylvie-monthule.com\/wp-content\/uploads\/2021\/04\/drawing-intimate-gem-4-sylvie-monthule-230x300.jpg 230w, https:\/\/www.sylvie-monthule.com\/wp-content\/uploads\/2021\/04\/drawing-intimate-gem-4-sylvie-monthule-768x1000.jpg 768w, https:\/\/www.sylvie-monthule.com\/wp-content\/uploads\/2021\/04\/drawing-intimate-gem-4-sylvie-monthule-786x1024.jpg 786w\" sizes=\"auto, (max-width: 550px) 100vw, 550px\" \/><\/p>\n<p><img loading=\"lazy\" decoding=\"async\" class=\"aligncenter wp-image-109585\" src=\"https:\/\/www.sylvie-monthule.com\/wp-content\/uploads\/2021\/04\/sketch-body-jewelry-5-sylvie-monthule.jpg\" alt=\"joya-tanga-mariposa-dibujo\" width=\"550\" height=\"716\" srcset=\"https:\/\/www.sylvie-monthule.com\/wp-content\/uploads\/2021\/04\/sketch-body-jewelry-5-sylvie-monthule.jpg 1536w, https:\/\/www.sylvie-monthule.com\/wp-content\/uploads\/2021\/04\/sketch-body-jewelry-5-sylvie-monthule-230x300.jpg 230w, https:\/\/www.sylvie-monthule.com\/wp-content\/uploads\/2021\/04\/sketch-body-jewelry-5-sylvie-monthule-768x1000.jpg 768w, https:\/\/www.sylvie-monthule.com\/wp-content\/uploads\/2021\/04\/sketch-body-jewelry-5-sylvie-monthule-786x1024.jpg 786w\" sizes=\"auto, (max-width: 550px) 100vw, 550px\" \/><\/p>\n<p><img loading=\"lazy\" decoding=\"async\" class=\"aligncenter wp-image-109589\" src=\"https:\/\/www.sylvie-monthule.com\/wp-content\/uploads\/2021\/04\/Zeichnung-Juwel-Sex-6-sylvie-monthule.jpg\" alt=\"creacion-joya-cuerpo-francia\" width=\"550\" height=\"716\" srcset=\"https:\/\/www.sylvie-monthule.com\/wp-content\/uploads\/2021\/04\/Zeichnung-Juwel-Sex-6-sylvie-monthule.jpg 1536w, https:\/\/www.sylvie-monthule.com\/wp-content\/uploads\/2021\/04\/Zeichnung-Juwel-Sex-6-sylvie-monthule-230x300.jpg 230w, https:\/\/www.sylvie-monthule.com\/wp-content\/uploads\/2021\/04\/Zeichnung-Juwel-Sex-6-sylvie-monthule-768x1000.jpg 768w, https:\/\/www.sylvie-monthule.com\/wp-content\/uploads\/2021\/04\/Zeichnung-Juwel-Sex-6-sylvie-monthule-786x1024.jpg 786w\" sizes=\"auto, (max-width: 550px) 100vw, 550px\" \/><\/p>\n<h2><\/h2>\n<h2 style=\"text-align: justify;\">Sylvie Monthul\u00e9 comenzo a trabajar en el mundo de la moda.<\/h2>\n<p style=\"text-align: justify;\">El diseno de una atmosfera erotica para mostrar un perfume, imaginar un anuncio publicitario para un producto de belleza&#8230; dibuja un nuevo diseno para una barra de labios&#8230; En 1994, su carrera, trae, una por casualidad, para intervenir como artista grafico para un empresa que vende productos para adultos. A continuacion, interesados en el mundo de la joya intima&#8230; y descubre un mundo, aparte de las joyas con piercing, la joyeria del cuerpo, casi no existe ! Suena a continuacion, crear verdaderas joyas sensuales, adornos atrevidos y \u00e9l\u00e9gantes. Las primas joyas para el sexo nacidos en el papel&#8230; \u00a0sin piercing, y Sylvie contacta las revistas eroticas de qualidad. Immediatamente, \u00abUnion\u00bb, decidio dedicar un articulo a su trabajo. Todo va a ir muy rapido, gracias al gran exito de las primas joyas. En 2015, Sylvie celebro 20 anos de creaciones. Durante todos estos anos, cientos de joyas fueron creadas para sublimar el cuerpo, y sobre todo, causar excitacion, emocion, y placer.<\/p>\n<h2 style=\"text-align: justify;\">La marca Sylvie Monthul\u00e9, calidad y pasion Francesas !<\/h2>\n<p style=\"text-align: justify;\">Sylvie imagina, dibuja cada joya intima. Un modelo es hecho por su equipo en sus talleres. En metal o cera, este modelo precioso, que reresenta horas de trabajo y acabado, se utilizara para hacer la joya final. Todas las etapas de produccion se llevan a cabo en Francia ; produccion, tratamiento en oro o plata&#8230; El equipo de Sylvie realiza la preparacion de sus pedidos y las expediciones.\u00a0 Queremos mantener nuestro lado \u00abartesenal\u00bb, estamos orgullosos de nuestro trabajo y de nuestra joyeria erotica \u00abMade in France\u00bb. Creamos placer y cada persona que compra una de nuestras joyas, sabe que puede contactarnos para obtener informacion, consejo !<\/p>\n<h2>Sylvie Monthul\u00e9, pintor<\/h2>\n<p>La segunda pasi\u00f3n de Sylvie es la pintura al \u00f3leo :\u00a0Pintar el cuerpo, su impulso, su historia, solo adivinar sus secretos&#8230;<\/p>\n<p><img loading=\"lazy\" decoding=\"async\" class=\"aligncenter wp-image-54831\" src=\"https:\/\/www.sylvie-monthule.com\/wp-content\/uploads\/2018\/07\/sylvie-monthule-artiste-peintre-\u00e9rotique.jpg\" alt=\"\" width=\"550\" height=\"550\" srcset=\"https:\/\/www.sylvie-monthule.com\/wp-content\/uploads\/2018\/07\/sylvie-monthule-artiste-peintre-\u00e9rotique.jpg 585w, https:\/\/www.sylvie-monthule.com\/wp-content\/uploads\/2018\/07\/sylvie-monthule-artiste-peintre-\u00e9rotique-150x150.jpg 150w, https:\/\/www.sylvie-monthule.com\/wp-content\/uploads\/2018\/07\/sylvie-monthule-artiste-peintre-\u00e9rotique-300x300.jpg 300w, https:\/\/www.sylvie-monthule.com\/wp-content\/uploads\/2018\/07\/sylvie-monthule-artiste-peintre-\u00e9rotique-180x180.jpg 180w\" sizes=\"auto, (max-width: 550px) 100vw, 550px\" \/><\/p>\n","protected":false},"excerpt":{"rendered":"<p>Sylvie Monthul\u00e9 creadora de joyas \u00edntimas Sylvie Monthul\u00e9 celebra en 2025, sus 30 anos de colecciones eroticas&#8230; 30 anos de dibujos, ideas, suenos, deseos, para joyas de placer. \u00abImagina une joya erotica desde el principio hasta el final&#8230; El primer boceto, luego los detalles, las curvas&#8230; Dale vida, dale forma, esculpalo&#8230;Hasta que el cuerpo descubre [&hellip;]<\/p>\n","protected":false},"author":9379,"featured_media":0,"parent":0,"menu_order":0,"comment_status":"closed","ping_status":"closed","template":"","meta":{"_acf_changed":false,"footnotes":""},"class_list":["post-15821","page","type-page","status-publish","hentry"],"acf":[],"_links":{"self":[{"href":"https:\/\/www.sylvie-monthule.com\/es\/wp-json\/wp\/v2\/pages\/15821","targetHints":{"allow":["GET"]}}],"collection":[{"href":"https:\/\/www.sylvie-monthule.com\/es\/wp-json\/wp\/v2\/pages"}],"about":[{"href":"https:\/\/www.sylvie-monthule.com\/es\/wp-json\/wp\/v2\/types\/page"}],"author":[{"embeddable":true,"href":"https:\/\/www.sylvie-monthule.com\/es\/wp-json\/wp\/v2\/users\/9379"}],"replies":[{"embeddable":true,"href":"https:\/\/www.sylvie-monthule.com\/es\/wp-json\/wp\/v2\/comments?post=15821"}],"version-history":[{"count":36,"href":"https:\/\/www.sylvie-monthule.com\/es\/wp-json\/wp\/v2\/pages\/15821\/revisions"}],"predecessor-version":[{"id":145998,"href":"https:\/\/www.sylvie-monthule.com\/es\/wp-json\/wp\/v2\/pages\/15821\/revisions\/145998"}],"wp:attachment":[{"href":"https:\/\/www.sylvie-monthule.com\/es\/wp-json\/wp\/v2\/media?parent=15821"}],"curies":[{"name":"wp","href":"https:\/\/api.w.org\/{rel}","templated":true}]}}