{"id":15816,"date":"2015-03-10T09:02:59","date_gmt":"2015-03-10T08:02:59","guid":{"rendered":"http:\/\/www.sylvie-monthule.com\/?page_id=15816"},"modified":"2019-10-10T13:43:40","modified_gmt":"2019-10-10T12:43:40","slug":"contacto","status":"publish","type":"page","link":"https:\/\/www.sylvie-monthule.com\/es\/contacto\/","title":{"rendered":"Contacto"},"content":{"rendered":"<p class=\"romantic\" style=\"text-align: center;\">Quieres informaci\u00f3n precisa &#8230;<br \/>\nen contacto con nosotros por e-mail.<br \/>\nCon mucho gusto le atenderemos.<\/p>\n<p style=\"text-align: center;\">TEL 00 33 1 48 82 44 46<br \/>\nEmail : <a href=\"mailto:contact@sylvie-monthule.com\" target=\"_blank\" rel=\"noopener noreferrer\">contact@sylvie-monthule.com<\/a><\/p>\n<p style=\"text-align: center;\">Nuestra direcci\u00f3n postal :<\/p>\n<p style=\"text-align: center;\">Ose cr\u00e9ations &#8211;\u00a0Sylvie Monthul\u00e9<br \/>\n269 Avenue du G\u00e9n\u00e9ral de Gaulle<br \/>\n94500 CHAMPIGNY SUR MARNE &#8211; FRANCIA<\/p>\n<p style=\"text-align: center;\"><img loading=\"lazy\" decoding=\"async\" class=\"alignnone wp-image-22276 cadre\" src=\"https:\/\/www.sylvie-monthule.com\/wp-content\/uploads\/2015\/02\/st146-0-string-eventail-libertin-pompon-or-300x300.jpg\" alt=\"\" width=\"250\" height=\"250\" srcset=\"https:\/\/www.sylvie-monthule.com\/wp-content\/uploads\/2015\/02\/st146-0-string-eventail-libertin-pompon-or-300x300.jpg 300w, https:\/\/www.sylvie-monthule.com\/wp-content\/uploads\/2015\/02\/st146-0-string-eventail-libertin-pompon-or-150x150.jpg 150w, https:\/\/www.sylvie-monthule.com\/wp-content\/uploads\/2015\/02\/st146-0-string-eventail-libertin-pompon-or-180x180.jpg 180w, https:\/\/www.sylvie-monthule.com\/wp-content\/uploads\/2015\/02\/st146-0-string-eventail-libertin-pompon-or.jpg 320w\" sizes=\"auto, (max-width: 250px) 100vw, 250px\" \/><\/p>\n<p>&nbsp;<\/p>\n","protected":false},"excerpt":{"rendered":"<p>Quieres informaci\u00f3n precisa &#8230; en contacto con nosotros por e-mail. Con mucho gusto le atenderemos. TEL 00 33 1 48 82 44 46 Email : contact@sylvie-monthule.com Nuestra direcci\u00f3n postal : Ose cr\u00e9ations &#8211;\u00a0Sylvie Monthul\u00e9 269 Avenue du G\u00e9n\u00e9ral de Gaulle 94500 CHAMPIGNY SUR MARNE &#8211; FRANCIA &nbsp;<\/p>\n","protected":false},"author":9379,"featured_media":0,"parent":0,"menu_order":0,"comment_status":"closed","ping_status":"closed","template":"","meta":{"_acf_changed":false,"footnotes":""},"class_list":["post-15816","page","type-page","status-publish","hentry"],"acf":[],"_links":{"self":[{"href":"https:\/\/www.sylvie-monthule.com\/es\/wp-json\/wp\/v2\/pages\/15816","targetHints":{"allow":["GET"]}}],"collection":[{"href":"https:\/\/www.sylvie-monthule.com\/es\/wp-json\/wp\/v2\/pages"}],"about":[{"href":"https:\/\/www.sylvie-monthule.com\/es\/wp-json\/wp\/v2\/types\/page"}],"author":[{"embeddable":true,"href":"https:\/\/www.sylvie-monthule.com\/es\/wp-json\/wp\/v2\/users\/9379"}],"replies":[{"embeddable":true,"href":"https:\/\/www.sylvie-monthule.com\/es\/wp-json\/wp\/v2\/comments?post=15816"}],"version-history":[{"count":8,"href":"https:\/\/www.sylvie-monthule.com\/es\/wp-json\/wp\/v2\/pages\/15816\/revisions"}],"predecessor-version":[{"id":79811,"href":"https:\/\/www.sylvie-monthule.com\/es\/wp-json\/wp\/v2\/pages\/15816\/revisions\/79811"}],"wp:attachment":[{"href":"https:\/\/www.sylvie-monthule.com\/es\/wp-json\/wp\/v2\/media?parent=15816"}],"curies":[{"name":"wp","href":"https:\/\/api.w.org\/{rel}","templated":true}]}}