{"id":15814,"date":"2015-03-10T09:02:08","date_gmt":"2015-03-10T08:02:08","guid":{"rendered":"http:\/\/www.sylvie-monthule.com\/?page_id=15814"},"modified":"2021-04-09T14:33:42","modified_gmt":"2021-04-09T13:33:42","slug":"colecciones","status":"publish","type":"page","link":"https:\/\/www.sylvie-monthule.com\/es\/colecciones\/","title":{"rendered":"Colecciones"},"content":{"rendered":"<h2 style=\"text-align: center;\">Descubra las joyas intimas por coleccion<\/h2>\n<p class=\"romantic\" style=\"text-align: justify;\">Cada a\u00f1o, Sylvie Monthul\u00e9 presenta una nueva colecci\u00f3n de joyas \u00edntimas para mujeres y hombres. La dise\u00f1adora se inspira en el mundo floral o vegetal, pero tambi\u00e9n en los s\u00edmbolos de la sexualidad y la belleza del cuerpo. Imagina colecciones tem\u00e1ticas; el esplendor de las fiestas venecianas, el arte egipcio, etc.<\/p>\n","protected":false},"excerpt":{"rendered":"<p>Descubra las joyas intimas por coleccion Cada a\u00f1o, Sylvie Monthul\u00e9 presenta una nueva colecci\u00f3n de joyas \u00edntimas para mujeres y hombres. La dise\u00f1adora se inspira en el mundo floral o vegetal, pero tambi\u00e9n en los s\u00edmbolos de la sexualidad y la belleza del cuerpo. Imagina colecciones tem\u00e1ticas; el esplendor de las fiestas venecianas, el arte [&hellip;]<\/p>\n","protected":false},"author":9379,"featured_media":0,"parent":0,"menu_order":0,"comment_status":"closed","ping_status":"closed","template":"page-templates\/collections.php","meta":{"_acf_changed":false,"footnotes":""},"class_list":["post-15814","page","type-page","status-publish","hentry"],"acf":[],"_links":{"self":[{"href":"https:\/\/www.sylvie-monthule.com\/es\/wp-json\/wp\/v2\/pages\/15814","targetHints":{"allow":["GET"]}}],"collection":[{"href":"https:\/\/www.sylvie-monthule.com\/es\/wp-json\/wp\/v2\/pages"}],"about":[{"href":"https:\/\/www.sylvie-monthule.com\/es\/wp-json\/wp\/v2\/types\/page"}],"author":[{"embeddable":true,"href":"https:\/\/www.sylvie-monthule.com\/es\/wp-json\/wp\/v2\/users\/9379"}],"replies":[{"embeddable":true,"href":"https:\/\/www.sylvie-monthule.com\/es\/wp-json\/wp\/v2\/comments?post=15814"}],"version-history":[{"count":10,"href":"https:\/\/www.sylvie-monthule.com\/es\/wp-json\/wp\/v2\/pages\/15814\/revisions"}],"predecessor-version":[{"id":109071,"href":"https:\/\/www.sylvie-monthule.com\/es\/wp-json\/wp\/v2\/pages\/15814\/revisions\/109071"}],"wp:attachment":[{"href":"https:\/\/www.sylvie-monthule.com\/es\/wp-json\/wp\/v2\/media?parent=15814"}],"curies":[{"name":"wp","href":"https:\/\/api.w.org\/{rel}","templated":true}]}}