{"id":15806,"date":"2015-03-10T08:58:21","date_gmt":"2015-03-10T07:58:21","guid":{"rendered":"http:\/\/www.sylvie-monthule.com\/?page_id=15806"},"modified":"2026-02-10T13:43:49","modified_gmt":"2026-02-10T12:43:49","slug":"terminos-y-condiciones","status":"publish","type":"page","link":"https:\/\/www.sylvie-monthule.com\/es\/terminos-y-condiciones\/","title":{"rendered":"T\u00e9rminos y condiciones"},"content":{"rendered":"<p class=\"romantic\">Nuestras condiciones generales de venta<\/p>\n<p>&nbsp;<\/p>\n<h2>INFORMACION TECNICA Y ADMINISTRATIVA SOBRE NUESTRO SITIO WEB<\/h2>\n<p style=\"text-align: justify;\"><strong>El sitio www.sylvie-monthule.com es un sitio de comercio electr\u00f3nico accesible a trav\u00e9s de la red Internet, abierto a cualquier usuario de esta red. Est\u00e1 editado por la sociedad Ose Cr\u00e9ations, SARL con un capital de 8000 euros, cuya sede social se encuentra en 269 Avenue du G\u00e9n\u00e9ral de Gaulle &#8211; 94500 Champigny sur Marne &#8211; Francia. siret n\u00b0 433 682 952 00026<\/strong><\/p>\n<h2><strong>Articulo 1. Objetivo del sitio<\/strong><\/h2>\n<p style=\"text-align: justify;\">El Sitio permite a Sylvie Monthul\u00e9 ofrecer a la venta joyas er\u00f3ticas y conjuntos de lencer\u00eda, as\u00ed como dibujos y pinturas (originales o impresiones) fabricados y realizados por Sylvie Monthul\u00e9 y Ose cr\u00e9ations a los internautas que navegan por el Sitio . A los efectos de la aplicaci\u00f3n de las presentes condiciones, se acuerda que el Usuario y Sylvie Monthul\u00e9 ser\u00e1n denominados colectivamente las \u00abPartes\u00bb e individualmente \u00abParte\u00bb, y que el Usuario que haya validado un pedido ser\u00e1 denominado \u00abComprador\u00bb. Los derechos y obligaciones del Usuario se aplican necesariamente al Comprador.<\/p>\n<h2>Articulo 2. El contrato &#8211; Conditiones para hacer un pedido<\/h2>\n<p style=\"text-align: justify;\">Para realizar compras en el Sitio, el Usuario declara tener al menos 18 a\u00f1os de edad. El Usuario que desee comprar en el Sitio declara tener plena capacidad jur\u00eddica. Todo pedido de un Producto propuesto en el Sitio supone la consulta y la aceptaci\u00f3n expresa de las presentes Condiciones Generales de Venta, sin que por ello esta aceptaci\u00f3n est\u00e9 condicionada por una firma manuscrita por parte del Usuario. De conformidad con las disposiciones de los art\u00edculos 1316 a 1316-4 del C\u00f3digo Civil, completadas por el Decreto n\u00ba 2001-272 del 30 de marzo de 2001, tomadas para la aplicaci\u00f3n del art\u00edculo 1316-4 del C\u00f3digo Civil y relativas a la firma electr\u00f3nica, se recuerda que la validaci\u00f3n del formulario de pedido, tal y como se especifica en el art\u00edculo 4.2 siguiente, constituye una firma electr\u00f3nica que tiene, entre las Partes, el mismo valor que una firma manuscrita y es la prueba de la integridad del pedido y de la pagabilidad de las sumas debidas en ejecuci\u00f3n de dicho pedido. Por \u00faltimo, se especifica que el Usuario puede guardar o imprimir las presentes Condiciones Generales de Venta, siempre que no se modifiquen.<\/p>\n<h2>Articulo 3. Productos \u2013 Precios &#8211; Disponibilidad<\/h2>\n<h3>3.1. Productos<\/h3>\n<p style=\"text-align: justify;\">Los Productos ofrecidos a la venta por Sylvie Monthul\u00e9 son los que aparecen en el Sitio web, en la fecha en que el Usuario consulta el Sitio web y dentro del l\u00edmite de las existencias disponibles. Las fotograf\u00edas y los textos que ilustran los Productos no tienen valor contractual y siguen siendo propiedad exclusiva de su autor. Si estas fotograf\u00edas y\/o textos presentaran alg\u00fan error, Sylvie Monthul\u00e9 no se hace responsable de ello. Las fotograf\u00edas de los dibujos y pinturas (originales y\/o impresiones) pueden mostrar diferencias de color seg\u00fan la pantalla del usuario y, de nuevo, Sylvie Monthul\u00e9 no se hace responsable de ello.<\/p>\n<h3>3.2. Precios<\/h3>\n<p style=\"text-align: justify;\">Los precios que aparecen en el Sitio se indican en euros, incluyendo todos los impuestos franceses (IVA franc\u00e9s), sin incluir los gastos de env\u00edo, que se facturar\u00e1n adicionalmente y se especificar\u00e1n al usuario durante la validaci\u00f3n final del pedido. Tienen en cuenta las posibles reducciones, as\u00ed como el I.V.A., aplicable el d\u00eda del pedido, salvo error tipogr\u00e1fico u omisi\u00f3n. Los compradores de fuera de la Uni\u00f3n Europea no est\u00e1n sujetos al IVA franc\u00e9s. El precio indicado entonces al final del proceso de pedido, se calcular\u00e1 por lo tanto en relaci\u00f3n con la direcci\u00f3n del Pa\u00eds de entrega. La empresa Ose cr\u00e9ations \/ Sylvie Monthul\u00e9 no puede intervenir de ninguna manera sobre el IVA que ser\u00e1 aplicado por el pa\u00eds de destino y que el comprador deber\u00e1 pagar a la recepci\u00f3n de su pedido, y no puede en ning\u00fan caso ser responsable del importe del IVA que el comprador deber\u00e1 pagar. Se especifica que las promociones concedidas en forma de vales de descuento s\u00f3lo son v\u00e1lidas para un pedido por hogar y durante un periodo de validez determinado. Sylvie Monthul\u00e9 se reserva el derecho, que el usuario acepta, de modificar sus precios en cualquier momento. No obstante, los Productos se facturar\u00e1n sobre la base de los precios vigentes en el momento de realizar el pedido, a reserva de la disponibilidad de los Productos.<\/p>\n<h3>3.3. Disponibilidad<\/h3>\n<p style=\"text-align: justify;\">Sylvie Monthul\u00e9 acepta pedidos dentro de los l\u00edmites de las existencias disponibles. En caso de indisponibilidad de uno de los Productos, Sylvie Monthul\u00e9 se compromete, en un plazo de treinta (30) d\u00edas a partir de la fecha de validaci\u00f3n del pedido, bien a ofrecer al Comprador un producto similar a un precio similar, bien a reembolsar al Comprador en forma de vale, bien a reembolsar al Comprador mediante cheque. En el caso de la emisi\u00f3n de un vale, el Comprador podr\u00e1, previa solicitud a nuestro Servicio de Atenci\u00f3n al Cliente, solicitar la anulaci\u00f3n del mismo y su reembolso mediante cheque por correo electr\u00f3nico dirigido a: o por correo (no obstante, para mayor seguridad, le aconsejamos que proceda con una carta con acuse de recibo) enviado a la siguiente direcci\u00f3n:<\/p>\n<p>Ose Cr\u00e9ations &#8211; Sylvie Monthul\u00e9<br \/>\n269 avenue du General de Gaulle<br \/>\n94500 Champigny sur Marne cedex<br \/>\nFRANCIA<\/p>\n<p style=\"text-align: justify;\">Para tratar correctamente su solicitud, le agradecemos que nos recuerde el n\u00famero de su pedido y sus coordenadas completas. La fecha de validaci\u00f3n del pedido corresponde a la fecha del pedido en caso de pago por tarjeta de cr\u00e9dito en l\u00ednea, la fecha de recepci\u00f3n del cheque en caso de pago por cheque. En caso de escasez de existencias de uno de los productos de su pedido, enviamos el resto de su pedido.<\/p>\n<h2>Articulo 4. Registro de un pedido y validacion final<\/h2>\n<h3>4.1. Registro de un pedido<\/h3>\n<p style=\"text-align: justify;\">El Usuario que desee realizar un pedido seleccionar\u00e1 el\/los Productos de su elecci\u00f3n y expresar\u00e1 su deseo haciendo clic en la casilla \u00abComprar\u00bb. En cualquier momento, el usuario puede :<\/p>\n<p>&#8211; obtener un resumen de los Productos que han seleccionado, haciendo clic en \u00abVer cesta\u00bb,<br \/>\n&#8211; contin\u00fae con su selecci\u00f3n de Productos haciendo clic en \u00abContinuar comprando\u00bb,<br \/>\n&#8211; completar su selecci\u00f3n de Productos y pedir estos Productos haciendo clic en \u00abFinalizar mi pedido\u00bb.<\/p>\n<p style=\"text-align: justify;\">Para realizar el pedido de los Productos que ha elegido, tras hacer clic en \u00abFinalizar mi pedido\u00bb, cada Usuario deber\u00e1 identificarse, introduciendo sus datos personales en los campos habilitados para ello. Los campos precedidos por un asterisco (*) son obligatorios para tramitar el pedido. El Usuario deber\u00e1 cumplimentar con exactitud el formulario facilitado, en el que deber\u00e1 incluir los datos necesarios para su identificaci\u00f3n, en particular sus apellidos, nombre, direcci\u00f3n postal y direcci\u00f3n de correo electr\u00f3nico. Adem\u00e1s, el Usuario debe especificar la direcci\u00f3n de entrega de los Productos, a raz\u00f3n de una sola direcci\u00f3n por pedido. En la pantalla aparecer\u00e1 un formulario de pedido que resume la naturaleza, la cantidad y el precio de los Productos seleccionados por el Usuario, as\u00ed como el importe total del pedido. El Usuario puede elegir la forma de pago que desee.<\/p>\n<h3>4.2. Validacion final del pedido<\/h3>\n<p style=\"text-align: justify;\">Despu\u00e9s de haber le\u00eddo el estado del pedido, y una vez completada toda la informaci\u00f3n solicitada por el Usuario, \u00e9ste har\u00e1 clic en el m\u00e9todo de pago elegido para confirmar definitivamente el pedido. Si el Usuario desea pagar su pedido con tarjeta de cr\u00e9dito, deber\u00e1 transmitir el n\u00famero de su tarjeta de cr\u00e9dito, seg\u00fan el tipo de tarjeta, la fecha de caducidad de la misma y el n\u00famero de criptograma (n\u00famero de 3 d\u00edgitos que figura en el reverso de la tarjeta de cr\u00e9dito). Se especifica que al elegir un pago inmediato con tarjeta de cr\u00e9dito, seg\u00fan lo previsto en el art\u00edculo 5 siguiente, el Usuario pasar\u00e1 autom\u00e1ticamente al servidor de pago electr\u00f3nico. El servidor del banco est\u00e1 asegurado por la codificaci\u00f3n S.S.L. (Secure Socket Layer) con el fin de proteger todos los datos relacionados con los medios de pago. En ning\u00fan momento los datos bancarios del usuario pasar\u00e1n por el sistema\u00a0inform\u00e1tico del sitio. Por lo tanto, Sylvie Monthul\u00e9 no es responsable de ello. En cuanto el usuario valida su pago, el pedido queda registrado. El usuario se convierte en comprador. El formulario de pedido se registrar\u00e1 en los registros inform\u00e1ticos del Sitio, que a su vez se conservan en un soporte fiable y duradero, y se considerar\u00e1 como prueba de las relaciones contractuales entre las partes.<\/p>\n<h2>Articulo 5. Pago<\/h2>\n<p style=\"text-align: justify;\">El Usuario puede realizar el pago mediante tarjeta de cr\u00e9dito, transferencia bancaria o cheque. En caso de pago con tarjeta de cr\u00e9dito, el importe de su pedido solo se cargar\u00e1 en el momento del env\u00edo de los Productos que haya solicitado. Si el Usuario opta por pagar con cheque bancario, el pedido solo se tramitar\u00e1 una vez recibido el cheque y los plazos aplicables ser\u00e1n los vigentes en la fecha de recepci\u00f3n del mismo. El pago con cheque bancario solo es posible para cheques en euros emitidos por un banco domiciliado en Francia. El pedido solo se tramitar\u00e1 una vez recibido el cheque del Comprador. El cobro del cheque se realizar\u00e1 en el momento de su recepci\u00f3n.<br \/>\nEl cheque deber\u00e1 hacerse a nombre de Ose cr\u00e9ations y enviarse a la siguiente direcci\u00f3n:<br \/>\nOse cr\u00e9ations- Sylvie Monthul\u00e9<br \/>\n269 avenue du general de gaulle<br \/>\n94500 Champigny sur Marne \u2013 Francia<br \/>\nEn caso de pago por transferencia (forma de pago autorizada para los compradores de la Uni\u00f3n Europea), el pedido solo se tramitar\u00e1 una vez recibido el pago.<\/p>\n<p>El importe que debe abonar el comprador es el que figura en la confirmaci\u00f3n del pedido tras su validaci\u00f3n por parte del comprador. El comprador podr\u00e1 elegir entre diferentes formas de pago al validar su pedido. A este respecto, salvo indisponibilidad del servidor, el pago podr\u00e1 efectuarse:<br \/>\n\u2013 Inmediatamente por Internet: con tarjeta bancaria (Carte Bleue, Visa, Eurocard\/Mastercard).<br \/>\n\u2013 Por transferencia bancaria (el comprador recibir\u00e1, junto con la confirmaci\u00f3n de su pedido,<br \/>\nnuestros datos bancarios para realizar el pago).<br \/>\n\u2013 Por correo postal: imprimiendo el formulario de pedido en papel y envi\u00e1ndolo por correo postal<br \/>\na Ose cr\u00e9ations \u2013 269 avenue du g\u00e9n\u00e9ral de Gaulle \u2013 BP 219 \u2013 94500 Champigny sur Marne<br \/>\njunto con el pago mediante cheque a nombre de \u00abOse cr\u00e9ations\u00bb.<br \/>\nEn cualquier caso, el pedido solo se validar\u00e1 tras la recepci\u00f3n del mismo por parte de Sylvie Monthul\u00e9 y la validaci\u00f3n del pago.<\/p>\n<p>NOTA: Sylvie Monthul\u00e9 se reserva el derecho a rechazar cualquier pedido o entrega por los siguientes motivos:<br \/>\n\u2013 litigio existente con el Comprador,<br \/>\n\u2013 impago total o parcial de un pedido anterior por parte del Comprador,<br \/>\n\u2013 denegaci\u00f3n de la autorizaci\u00f3n de pago con tarjeta bancaria por parte de las entidades bancarias,<br \/>\n\u2013 impago o pago parcial,<br \/>\nEn tal caso, Sylvie Monthul\u00e9 no se har\u00e1 responsable en ning\u00fan caso.<br \/>\nDe conformidad con el art\u00edculo 6.2 siguiente, el Comprador dispone de un derecho de desistimiento durante un plazo de catorce (14) d\u00edas h\u00e1biles a partir de la fecha de recepci\u00f3n de los Productos por parte del Comprador. En ese caso, deber\u00e1 devolver, a su cargo, los productos recibidos en su estado original.<\/p>\n<h2>Articulo 6. Entrega y devuelve<\/h2>\n<h3>6.1. Entrega<\/h3>\n<p style=\"text-align: justify;\">El plazo de entrega del pedido es, en principio, de 2 d\u00edas (para Francia metropolitana) a partir de la fecha de salida del pedido. Este plazo tambi\u00e9n est\u00e1 sujeto a las incertidumbres de los servicios del transportista que se encarga del env\u00edo de los paquetes. El comprador puede elegir en el momento de realizar su pedido, en funci\u00f3n del pa\u00eds de destino: entrega por Collisimo, en punto de recogida o por mensajer\u00eda urgente. Los productos solicitados por el comprador (joyas, dibujos originales o impresos, pinturas originales o impresas) se entregar\u00e1n en la direcci\u00f3n indicada por este \u00faltimo en el formulario de pedido. El Comprador tiene la posibilidad de hacer que los Productos se entreguen en una direcci\u00f3n distinta a la suya. A pesar del cuidado que pone Sylvie Monthul\u00e9 en la preparaci\u00f3n de los paquetes, es posible que durante el transporte alguno de los Productos resulte da\u00f1ado. Por ello, al recibir su pedido, el Comprador deber\u00e1 comprobar la conformidad de los Productos recibidos. Cualquier anomal\u00eda relacionada con la entrega (producto faltante o roto, paquete da\u00f1ado) deber\u00e1 notificarse obligatoriamente en un plazo de 48 horas por correo electr\u00f3nico, adjuntando una fotograf\u00eda, a contact@sylvie-monthule.com.<\/p>\n<p>Si la empresa Sylvie Monthul\u00e9 ha cometido un error en la entrega, o si un producto llega da\u00f1ado al cliente, Sylvie Monthul\u00e9 proceder\u00e1 al cambio o al reembolso del producto o productos defectuosos, o al reenv\u00edo del producto o productos que faltan, siempre que la solicitud del comprador sea justificada. Si el comprador se ha equivocado al elegir los productos o las tallas, podr\u00e1 devolver a Sylvie Monthul\u00e9 los productos pedidos por error, pero en este caso, los gastos de devoluci\u00f3n correr\u00e1n a su cargo y se le facturar\u00e1n los gastos de env\u00edo de los productos deseados en sustituci\u00f3n.<br \/>\nSi el comprador se ha equivocado en su direcci\u00f3n de entrega y no se ha puesto en contacto con la empresa Ose cr\u00e9ations antes del env\u00edo de su pedido y el paquete es devuelto a la empresa Sylvie Monthul\u00e9\/Ose cr\u00e9ations, el comprador deber\u00e1 abonar de nuevo los gastos de env\u00edo para la reenv\u00edo de su pedido a la direcci\u00f3n correcta, as\u00ed como el importe de los gastos de transporte ocasionados por la devoluci\u00f3n de su paquete (facturados por el transportista a Ose cr\u00e9ations).<\/p>\n<h3>6.2. Devuelve<\/h3>\n<p>Dispone de un plazo de 14 d\u00edas h\u00e1biles para devolver el producto o productos que haya pedido, en un embalaje adecuado y a su cargo.. Las joyas deben devolverse en perfecto estado (los productos da\u00f1ados, abiertos o usados no podr\u00e1n ser devueltos ni reembolsados). Los dibujos originales o impresos, as\u00ed como las pinturas originales o impresas, deben devolverse en su embalaje o envoltorio original en perfecto estado (si se devuelven da\u00f1ados o deteriorados, no se aceptar\u00e1n ni se reembolsar\u00e1n).<\/p>\n<p>Este plazo de 14 d\u00edas comienza a contar a partir del d\u00eda de recepci\u00f3n del pedido. Las joyas, dibujos y pinturas deben devolverse a la siguiente direcci\u00f3n: Ose Cr\u00e9ations \/ Sylvie Monthul\u00e9 \u2013 269 avenue du General de Gaulle \u2013 94500 Champigny sur Marne \u2013 Francia.<\/p>\n<p>Si se cumplen las condiciones anteriores, Sylvie Monthul\u00e9 reembolsar\u00e1 al Comprador, en un plazo de treinta (30) d\u00edas a partir de la fecha de recepci\u00f3n del paquete por parte de Sylvie Monthul\u00e9, el importe adeudado por las joyas o dibujos y pinturas, con excepci\u00f3n de los gastos de transporte que se le hayan facturado por el env\u00edo de su pedido, as\u00ed como los gastos de devoluci\u00f3n de las joyas, dibujos o pinturas al devolver los productos a Sylvie Monthul\u00e9.<\/p>\n<p><strong>Atenci\u00f3n: debido a la naturaleza \u00edntima de las joyas y por motivos de higiene<\/strong>, Sylvie Monthul\u00e9 se reserva el derecho de no aceptar la devoluci\u00f3n y el reembolso de determinados pedidos. Las joyas penetrantes, las joyas para el cl\u00edtoris, las joyas anales y las joyas sexuales no se cambian ni se reembolsan. Se pueden devolver para modificaciones de tama\u00f1o o una posible reparaci\u00f3n, como todas las dem\u00e1s joyas.<\/p>\n<h3>6.3. Paquete no reclamado y\/o paquete rechazado<\/h3>\n<p style=\"text-align: justify;\">Paquetes no reclamados: si un paquete no ha sido reclamado por el cliente en el plazo establecido por los servicios postales, en principio se nos devuelve autom\u00e1ticamente. A continuaci\u00f3n, Sylvie Monthul\u00e9 mantiene los productos a disposici\u00f3n del cliente durante 2 meses a partir de la fecha de recepci\u00f3n del paquete no reclamado. Durante estos dos meses, si el cliente desea que se le devuelvan los productos, deber\u00e1 abonar previamente los gastos de env\u00edo cobrados por los servicios postales para la reexpedici\u00f3n del paquete. Pasado este plazo, Sylvie Monthul\u00e9, proceder\u00e1 al reembolso del pedido deducido de los gastos de embalaje y eventualmente del precio fijo de los gastos de env\u00edo si el pedido se ha beneficiado de una oferta de env\u00edo gratuito. Paquetes rechazados por un comprador de fuera de la Uni\u00f3n Europea: El comprador que realiza un pedido en el sitio web de Sylvie Monthul\u00e9 no est\u00e1 sujeto al IVA franc\u00e9s. Una vez recibido el pedido, el comprador deber\u00e1 pagar los gastos de aduana de su pa\u00eds. Si el comprador se niega a pagar el impuesto y rechaza el paquete, Sylvie Monthul\u00e9, una vez recuperado el paquete, proceder\u00e1 al reembolso del importe del pedido del comprador, deduciendo el importe de los gastos de transporte ocasionados por el env\u00edo del paquete, as\u00ed como los gastos facturados por las autoridades aduaneras a Sylvie Monthul\u00e9 tras la negativa del cliente a pagarlos.<\/p>\n<h2>Articulo 7. Reserva de propiedad<\/h2>\n<p style=\"text-align: justify;\">Los productos son propiedad de Sylvie Monthul\u00e9 hasta que Sylvie Monthul\u00e9 reciba el pago completo del pedido. Sin embargo, desde el momento de la recepci\u00f3n del pedido por parte del Comprador, los riesgos de la mercanc\u00eda entregada se transfieren al Comprador.<\/p>\n<h2>Articulo 8. Informacion personal<\/h2>\n<p style=\"text-align: justify;\">Los datos personales recogidos en el marco de la venta a distancia son obligatorios, ya que son necesarios para la tramitaci\u00f3n y la entrega de los pedidos, as\u00ed como para la elaboraci\u00f3n de las facturas. Los datos de los clientes recibidos por Ose cr\u00e9ations \/ Sylvie monthul\u00e9 son estrictamente confidenciales y no se comunican en ning\u00fan caso a terceras empresas o personas privadas. De conformidad con la ley n\u00b078-17 del 6 de enero de 1978 relativa a la inform\u00e1tica, los archivos y las libertades, el tratamiento de los datos personales recogidos en el Sitio ha sido declarado a la Comisi\u00f3n Nacional de la Inform\u00e1tica y las Libertades. El usuario tiene derecho a acceder, modificar, rectificar y eliminar los datos que le conciernen. Para ejercer este derecho, el usuario debe enviar una carta al Servicio de Atenci\u00f3n al Cliente de Sylvie Monthul\u00e9. El usuario debe asegurarse de incluir su nombre, apellidos y direcci\u00f3n. En funci\u00f3n de las elecciones realizadas al realizar un pedido, el usuario puede recibir ofertas de Sylvie Monthul\u00e9.<\/p>\n<h2>Articulo 9. Licencia de acceso al Sitio y a las balizas web<\/h2>\n<h3>9.1. Licencia de acceso al Sitio<\/h3>\n<p style=\"text-align: justify;\">Sylvie Monthul\u00e9 concede una licencia limitada para el acceso y uso del Sitio web con fines personales. En ning\u00fan caso el Usuario estar\u00e1 autorizado a descargar o modificar la totalidad o parte de este Sitio web sin la autorizaci\u00f3n expresa y por escrito de Sylvie Monthul\u00e9. Esta licencia no permite en ning\u00fan caso utilizar, para la venta o para cualquier otro uso comercial, el Sitio o su contenido (productos que figuran en el sitio, es decir, joyas, dibujos y pinturas, descripciones, precios, descarga o copia de informaci\u00f3n por cuenta de otro comerciante, uso de datos, software, extractos sonoros, gr\u00e1ficos, im\u00e1genes, textos, fotograf\u00edas, herramientas).<\/p>\n<p>El Sitio o cualquier parte del mismo no podr\u00e1 ser reproducido, copiado, vendido o explotado con fines comerciales sin la autorizaci\u00f3n expresa y por escrito de Sylvie Monthul\u00e9. El Usuario no podr\u00e1 utilizar t\u00e9cnicas que permitan copiar una marca, un logotipo o cualquier otra informaci\u00f3n (en particular, im\u00e1genes, textos, maquetas) que sean propiedad de Sylvie Monthul\u00e9 sin el consentimiento expreso y por escrito de Sylvie Monthul\u00e9. El Usuario no debe utilizar metaetiquetas ni ning\u00fan otro texto \u00aboculto\u00bb que contenga el nombre o la marca pertenecientes a Sylvie Monthul\u00e9 sin el consentimiento expreso y por escrito de Sylvie Monthul\u00e9. Cualquier uso no autorizado dar\u00e1 por terminada la licencia concedida por Sylvie Monthul\u00e9.<\/p>\n<p>Sylvie Monthul\u00e9 autoriza al Usuario, de forma no exclusiva y revocable, a crear un enlace hipertexto que dirija a la p\u00e1gina de inicio del Sitio, siempre y cuando dicho enlace no pueda crear una imagen enga\u00f1osa, falsa, peyorativa o perjudicial para Sylvie Monthul\u00e9 o sus productos o servicios. En ning\u00fan caso la creaci\u00f3n de este enlace hipertextual podr\u00e1 comprometer la responsabilidad de Sylvie Monthul\u00e9, a ning\u00fan t\u00edtulo, sobre el contenido del Sitio. Cualquier uso en un enlace del logotipo de Sylvie Monthul\u00e9, de su marca o de sus gr\u00e1ficos requiere la autorizaci\u00f3n expresa y por escrito de Sylvie Monthul\u00e9. En cualquier caso, la informaci\u00f3n obtenida a trav\u00e9s de estas balizas es estrictamente an\u00f3nima y solo permite recopilar estad\u00edsticas sobre la frecuencia de visita de determinadas p\u00e1ginas del Sitio, con el fin de prestar un mejor servicio a los Usuarios del Sitio.<\/p>\n<h2>Articulo 10. Ley aplicable, jurisdiccion competente y fuerza mayor<\/h2>\n<h3>10.1. Legislacion aplicable y jurisdiccion competente<\/h3>\n<p style=\"text-align: justify;\">Las presentes Condiciones Generales de Venta y el resumen del pedido enviado al Comprador forman un conjunto contractual y constituyen la totalidad de la relaci\u00f3n contractual entre las Partes. En caso de contradicci\u00f3n entre estos documentos, prevalecer\u00e1n las Condiciones Generales de Venta. Las presentes Condiciones Generales de Venta y las relaciones contractuales entre Sylvie Monthul\u00e9 y el Comprador est\u00e1n sometidas al derecho franc\u00e9s. En caso de conflicto, se buscar\u00e1 una soluci\u00f3n amistosa antes de emprender cualquier acci\u00f3n legal. Si el litigio persiste, se someter\u00e1 al tribunal competente.<\/p>\n<h3>10.2. Fuerza mayor<\/h3>\n<p style=\"text-align: justify;\">Sylvie Monthul\u00e9 no ser\u00e1 responsable de la no ejecuci\u00f3n total o parcial de sus obligaciones en virtud del presente contrato, si esta no ejecuci\u00f3n es causada por un acontecimiento que constituya una fuerza mayor, incluyendo, pero sin limitarse a ello, la interrupci\u00f3n o la huelga total o parcial de los servicios postales y de los medios de transporte y\/o de las comunicaciones, las inundaciones, los incendios. Las Partes se comprometen a consultarse lo antes posible para determinar conjuntamente las condiciones de ejecuci\u00f3n del pedido mientras dure el caso de fuerza mayor. Cada Parte tendr\u00e1 derecho a un per\u00edodo adicional de ejecuci\u00f3n. Si esta situaci\u00f3n se prolonga m\u00e1s de 60 d\u00edas, el contrato puede ser rescindido por escrito por cualquiera de las partes, sin indemnizaci\u00f3n.<\/p>\n","protected":false},"excerpt":{"rendered":"<p>Nuestras condiciones generales de venta &nbsp; INFORMACION TECNICA Y ADMINISTRATIVA SOBRE NUESTRO SITIO WEB El sitio www.sylvie-monthule.com es un sitio de comercio electr\u00f3nico accesible a trav\u00e9s de la red Internet, abierto a cualquier usuario de esta red. Est\u00e1 editado por la sociedad Ose Cr\u00e9ations, SARL con un capital de 8000 euros, cuya sede social se [&hellip;]<\/p>\n","protected":false},"author":9379,"featured_media":0,"parent":0,"menu_order":0,"comment_status":"closed","ping_status":"closed","template":"","meta":{"_acf_changed":false,"footnotes":""},"class_list":["post-15806","page","type-page","status-publish","hentry"],"acf":[],"_links":{"self":[{"href":"https:\/\/www.sylvie-monthule.com\/es\/wp-json\/wp\/v2\/pages\/15806","targetHints":{"allow":["GET"]}}],"collection":[{"href":"https:\/\/www.sylvie-monthule.com\/es\/wp-json\/wp\/v2\/pages"}],"about":[{"href":"https:\/\/www.sylvie-monthule.com\/es\/wp-json\/wp\/v2\/types\/page"}],"author":[{"embeddable":true,"href":"https:\/\/www.sylvie-monthule.com\/es\/wp-json\/wp\/v2\/users\/9379"}],"replies":[{"embeddable":true,"href":"https:\/\/www.sylvie-monthule.com\/es\/wp-json\/wp\/v2\/comments?post=15806"}],"version-history":[{"count":13,"href":"https:\/\/www.sylvie-monthule.com\/es\/wp-json\/wp\/v2\/pages\/15806\/revisions"}],"predecessor-version":[{"id":150184,"href":"https:\/\/www.sylvie-monthule.com\/es\/wp-json\/wp\/v2\/pages\/15806\/revisions\/150184"}],"wp:attachment":[{"href":"https:\/\/www.sylvie-monthule.com\/es\/wp-json\/wp\/v2\/media?parent=15806"}],"curies":[{"name":"wp","href":"https:\/\/api.w.org\/{rel}","templated":true}]}}