{"id":15766,"date":"2015-03-06T18:35:37","date_gmt":"2015-03-06T17:35:37","guid":{"rendered":"http:\/\/www.sylvie-monthule.com\/?page_id=15766"},"modified":"2026-04-22T14:03:30","modified_gmt":"2026-04-22T13:03:30","slug":"pagina-principal","status":"publish","type":"page","link":"https:\/\/www.sylvie-monthule.com\/es\/","title":{"rendered":"Recepc\u00edon"},"content":{"rendered":"<div class=\"wp-block-image\">\n<figure class=\"aligncenter size-large is-resized\"><img loading=\"lazy\" decoding=\"async\" width=\"808\" height=\"1024\" src=\"https:\/\/www.sylvie-monthule.com\/wp-content\/uploads\/2026\/04\/ofertas-de-joyeria-sexy-de-primavera-808x1024.jpg\" alt=\"\" class=\"wp-image-150737\" style=\"width:750px\" srcset=\"https:\/\/www.sylvie-monthule.com\/wp-content\/uploads\/2026\/04\/ofertas-de-joyeria-sexy-de-primavera-808x1024.jpg 808w, https:\/\/www.sylvie-monthule.com\/wp-content\/uploads\/2026\/04\/ofertas-de-joyeria-sexy-de-primavera-237x300.jpg 237w, https:\/\/www.sylvie-monthule.com\/wp-content\/uploads\/2026\/04\/ofertas-de-joyeria-sexy-de-primavera-768x973.jpg 768w, https:\/\/www.sylvie-monthule.com\/wp-content\/uploads\/2026\/04\/ofertas-de-joyeria-sexy-de-primavera-1213x1536.jpg 1213w, https:\/\/www.sylvie-monthule.com\/wp-content\/uploads\/2026\/04\/ofertas-de-joyeria-sexy-de-primavera-600x760.jpg 600w, https:\/\/www.sylvie-monthule.com\/wp-content\/uploads\/2026\/04\/ofertas-de-joyeria-sexy-de-primavera.jpg 1500w\" sizes=\"auto, (max-width: 808px) 100vw, 808px\" \/><\/figure><\/div>\n\n\n<h2 class=\"wp-block-heading has-text-align-center\">Ofertas de primavera<br>en toda la tienda<\/h2>\n\n\n\n<p><strong>Con su c\u00f3digo promocional SYL426, disfruta de 15 % de descuento* a partir de 50 euros de compra, en todas las joyas y las obras gr\u00e1ficas er\u00f3ticas.<\/strong> D\u00e9jese seducir para <a href=\"https:\/\/www.sylvie-monthule.com\/es\/joyas\/joyerias-mujeres\/\">joyas para Ella<\/a> : los tangas, las joyas para el pecho, las joyas para el cl\u00edtoris y juguetes sexuales&#8230; D\u00e9jese seducir para <a href=\"https:\/\/www.sylvie-monthule.com\/es\/joyas\/joyerias-hombres\/\">adornos sin piercing para El<\/a>&#8230; D\u00e9jese seducir por los originales <a href=\"https:\/\/www.sylvie-monthule.com\/es\/joyas\/dibujos\/\">dibujos er\u00f3ticos<\/a> o las obras en edici\u00f3n limitada de Sylvie Monthul\u00e9.<br>*Este descuento no se aplica a las joyas que ya est\u00e1n en promocion.<\/p>\n\n\n\n<hr class=\"wp-block-separator has-alpha-channel-opacity\"\/>\n\n\n<div class=\"wp-block-image\">\n<figure class=\"aligncenter size-large is-resized\"><img loading=\"lazy\" decoding=\"async\" width=\"808\" height=\"1024\" src=\"https:\/\/www.sylvie-monthule.com\/wp-content\/uploads\/2025\/11\/visuel-collection-best-of-page-acceuil3-808x1024.jpg\" alt=\"descubrir la coleccion de joyas intimas best of\" class=\"wp-image-148516\" style=\"width:750px\" srcset=\"https:\/\/www.sylvie-monthule.com\/wp-content\/uploads\/2025\/11\/visuel-collection-best-of-page-acceuil3-808x1024.jpg 808w, https:\/\/www.sylvie-monthule.com\/wp-content\/uploads\/2025\/11\/visuel-collection-best-of-page-acceuil3-237x300.jpg 237w, https:\/\/www.sylvie-monthule.com\/wp-content\/uploads\/2025\/11\/visuel-collection-best-of-page-acceuil3-768x973.jpg 768w, https:\/\/www.sylvie-monthule.com\/wp-content\/uploads\/2025\/11\/visuel-collection-best-of-page-acceuil3-1213x1536.jpg 1213w, https:\/\/www.sylvie-monthule.com\/wp-content\/uploads\/2025\/11\/visuel-collection-best-of-page-acceuil3-600x760.jpg 600w, https:\/\/www.sylvie-monthule.com\/wp-content\/uploads\/2025\/11\/visuel-collection-best-of-page-acceuil3.jpg 1500w\" sizes=\"auto, (max-width: 808px) 100vw, 808px\" \/><\/figure><\/div>\n\n\n<h2 class=\"wp-block-heading has-text-align-center\">La colecci\u00f3n de joyas best-of.<\/h2>\n\n\n\n<p>Sylvie Monthul\u00e9 le invita a descubrir su colecci\u00f3n de <a href=\"https:\/\/www.sylvie-monthule.com\/es\/collection\/30-anos-de-erotismo\/\">joyas \u00abbest-of\u00bb<\/a> . 30 joyas sensuales, ardientes. 30 joyas para amar. 30 maravillosos regalos.<\/p>\n\n\n\n<hr class=\"wp-block-separator has-alpha-channel-opacity\"\/>\n\n\n<div class=\"wp-block-image\">\n<figure class=\"aligncenter size-large is-resized\"><img loading=\"lazy\" decoding=\"async\" width=\"808\" height=\"1024\" src=\"https:\/\/www.sylvie-monthule.com\/wp-content\/uploads\/2025\/10\/regala-una-obra-original-de-sylvie-monthule-808x1024.jpg\" alt=\"regala una obra de arte erotica\" class=\"wp-image-147591\" style=\"width:750px\" srcset=\"https:\/\/www.sylvie-monthule.com\/wp-content\/uploads\/2025\/10\/regala-una-obra-original-de-sylvie-monthule-808x1024.jpg 808w, https:\/\/www.sylvie-monthule.com\/wp-content\/uploads\/2025\/10\/regala-una-obra-original-de-sylvie-monthule-237x300.jpg 237w, https:\/\/www.sylvie-monthule.com\/wp-content\/uploads\/2025\/10\/regala-una-obra-original-de-sylvie-monthule-768x973.jpg 768w, https:\/\/www.sylvie-monthule.com\/wp-content\/uploads\/2025\/10\/regala-una-obra-original-de-sylvie-monthule-1213x1536.jpg 1213w, https:\/\/www.sylvie-monthule.com\/wp-content\/uploads\/2025\/10\/regala-una-obra-original-de-sylvie-monthule-600x760.jpg 600w, https:\/\/www.sylvie-monthule.com\/wp-content\/uploads\/2025\/10\/regala-una-obra-original-de-sylvie-monthule.jpg 1500w\" sizes=\"auto, (max-width: 808px) 100vw, 808px\" \/><\/figure><\/div>\n\n\n<h2 class=\"wp-block-heading has-text-align-center\">Dibujos er\u00f3ticos&#8230;<\/h2>\n\n\n\n<p>En primicia, Sylvie Monthul\u00e9 desvela sus <a href=\"https:\/\/www.sylvie-monthule.com\/es\/joyas\/dibujos\/\">dibujos<\/a> y <a href=\"https:\/\/www.sylvie-monthule.com\/es\/joyas\/pinturas-al-oleo\/\">pinturas<\/a>. Obras originales o en edici\u00f3n limitada para embellecer su hogar.<\/p>\n\n\n\n<hr class=\"wp-block-separator has-alpha-channel-opacity\"\/>\n\n\n<div class=\"wp-block-image\">\n<figure class=\"aligncenter size-large is-resized\"><img loading=\"lazy\" decoding=\"async\" width=\"1024\" height=\"1024\" src=\"https:\/\/www.sylvie-monthule.com\/wp-content\/uploads\/2022\/11\/st205-d-string-queue-de-sirene-argent-bleu-1024x1024.jpg\" alt=\"creation-string-queue-sirene-argent-bleu\" class=\"wp-image-129623\" style=\"width:750px;height:undefinedpx\" srcset=\"https:\/\/www.sylvie-monthule.com\/wp-content\/uploads\/2022\/11\/st205-d-string-queue-de-sirene-argent-bleu-1024x1024.jpg 1024w, https:\/\/www.sylvie-monthule.com\/wp-content\/uploads\/2022\/11\/st205-d-string-queue-de-sirene-argent-bleu-300x300.jpg 300w, https:\/\/www.sylvie-monthule.com\/wp-content\/uploads\/2022\/11\/st205-d-string-queue-de-sirene-argent-bleu-150x150.jpg 150w, https:\/\/www.sylvie-monthule.com\/wp-content\/uploads\/2022\/11\/st205-d-string-queue-de-sirene-argent-bleu-768x768.jpg 768w, https:\/\/www.sylvie-monthule.com\/wp-content\/uploads\/2022\/11\/st205-d-string-queue-de-sirene-argent-bleu-1536x1536.jpg 1536w, https:\/\/www.sylvie-monthule.com\/wp-content\/uploads\/2022\/11\/st205-d-string-queue-de-sirene-argent-bleu-600x600.jpg 600w, https:\/\/www.sylvie-monthule.com\/wp-content\/uploads\/2022\/11\/st205-d-string-queue-de-sirene-argent-bleu-100x100.jpg 100w, https:\/\/www.sylvie-monthule.com\/wp-content\/uploads\/2022\/11\/st205-d-string-queue-de-sirene-argent-bleu.jpg 1700w\" sizes=\"auto, (max-width: 1024px) 100vw, 1024px\" \/><\/figure><\/div>\n\n\n<h2 class=\"wp-block-heading has-text-align-center\">Cada tanga joya es una historia er\u00f3tica<\/h2>\n\n\n\n<p>Cada <a href=\"https:\/\/www.sylvie-monthule.com\/es\/joyas\/joyerias-mujeres\/joyerias-tanga\/\">tanga joya<\/a> es una cita con la sensualidad y el v\u00e9rtigo. Cada tanga joya es un encuentro con el amor y la voluptuosidad.<\/p>\n\n\n\n<hr class=\"wp-block-separator has-css-opacity\"\/>\n\n\n<div class=\"wp-block-image\">\n<figure class=\"aligncenter size-large is-resized\"><img loading=\"lazy\" decoding=\"async\" width=\"1024\" height=\"1024\" src=\"https:\/\/www.sylvie-monthule.com\/wp-content\/uploads\/2023\/11\/cos113-a-collier-seins-jardin-secret-argent-1024x1024.jpg\" alt=\"collier-seins-jardin-secret-feuille-argent-corps\" class=\"wp-image-135534\" style=\"object-fit:cover;width:750px;height:undefinedpx\" srcset=\"https:\/\/www.sylvie-monthule.com\/wp-content\/uploads\/2023\/11\/cos113-a-collier-seins-jardin-secret-argent-1024x1024.jpg 1024w, https:\/\/www.sylvie-monthule.com\/wp-content\/uploads\/2023\/11\/cos113-a-collier-seins-jardin-secret-argent-300x300.jpg 300w, https:\/\/www.sylvie-monthule.com\/wp-content\/uploads\/2023\/11\/cos113-a-collier-seins-jardin-secret-argent-150x150.jpg 150w, https:\/\/www.sylvie-monthule.com\/wp-content\/uploads\/2023\/11\/cos113-a-collier-seins-jardin-secret-argent-768x768.jpg 768w, https:\/\/www.sylvie-monthule.com\/wp-content\/uploads\/2023\/11\/cos113-a-collier-seins-jardin-secret-argent-1536x1536.jpg 1536w, https:\/\/www.sylvie-monthule.com\/wp-content\/uploads\/2023\/11\/cos113-a-collier-seins-jardin-secret-argent-600x600.jpg 600w, https:\/\/www.sylvie-monthule.com\/wp-content\/uploads\/2023\/11\/cos113-a-collier-seins-jardin-secret-argent-100x100.jpg 100w, https:\/\/www.sylvie-monthule.com\/wp-content\/uploads\/2023\/11\/cos113-a-collier-seins-jardin-secret-argent.jpg 1700w\" sizes=\"auto, (max-width: 1024px) 100vw, 1024px\" \/><\/figure><\/div>\n\n\n<h2 class=\"wp-block-heading has-text-align-center\">Cada joya que adorna los pechos es un juego de caricias<\/h2>\n\n\n\n<p>Bajo los tejidos transparentes, los tesoros se revelan como estallidos de sensualidad. Los collares de pechos y las<a href=\"https:\/\/www.sylvie-monthule.com\/es\/joyas\/joyerias-mujeres\/joyerias-pechos-sin-piercing\/\"> joyas de pezones<\/a> son sublimes provocaciones al amor\u2026<\/p>\n\n\n\n<hr class=\"wp-block-separator has-css-opacity\"\/>\n\n\n<div class=\"wp-block-image\">\n<figure class=\"aligncenter size-large is-resized\"><img loading=\"lazy\" decoding=\"async\" width=\"1024\" height=\"1024\" src=\"https:\/\/www.sylvie-monthule.com\/wp-content\/uploads\/2018\/11\/clt14-c-bijou-excite-clitoris-or-1024x1024.jpg\" alt=\"joya-clitoris-oro-azul-creacione-creadora\" class=\"wp-image-64235\" style=\"object-fit:cover;width:750px;height:undefinedpx\" srcset=\"https:\/\/www.sylvie-monthule.com\/wp-content\/uploads\/2018\/11\/clt14-c-bijou-excite-clitoris-or-1024x1024.jpg 1024w, https:\/\/www.sylvie-monthule.com\/wp-content\/uploads\/2018\/11\/clt14-c-bijou-excite-clitoris-or-150x150.jpg 150w, https:\/\/www.sylvie-monthule.com\/wp-content\/uploads\/2018\/11\/clt14-c-bijou-excite-clitoris-or-300x300.jpg 300w, https:\/\/www.sylvie-monthule.com\/wp-content\/uploads\/2018\/11\/clt14-c-bijou-excite-clitoris-or-768x768.jpg 768w, https:\/\/www.sylvie-monthule.com\/wp-content\/uploads\/2018\/11\/clt14-c-bijou-excite-clitoris-or-180x180.jpg 180w, https:\/\/www.sylvie-monthule.com\/wp-content\/uploads\/2018\/11\/clt14-c-bijou-excite-clitoris-or-600x600.jpg 600w, https:\/\/www.sylvie-monthule.com\/wp-content\/uploads\/2018\/11\/clt14-c-bijou-excite-clitoris-or.jpg 1701w\" sizes=\"auto, (max-width: 1024px) 100vw, 1024px\" \/><\/figure><\/div>\n\n\n<h2 class=\"wp-block-heading has-text-align-center\">Cada joya del cl\u00edtoris es una delicia<\/h2>\n\n\n\n<p>Las <a href=\"https:\/\/www.sylvie-monthule.com\/es\/joyas\/joyerias-mujeres\/joyerias-clitoris\/\">joyas del cl\u00edtoris<\/a> han sido creadas para el placer. Deliciosas, refinadas, invitan a estremecerse de placer, una y otra vez\u2026<\/p>\n\n\n\n<hr class=\"wp-block-separator has-css-opacity\"\/>\n\n\n<div class=\"wp-block-image\">\n<figure class=\"aligncenter size-large is-resized\"><a href=\"https:\/\/www.sylvie-monthule.com\/es\/joyas\/joyerias-hombres\/joyerias-intimo-sexo\/\"><img loading=\"lazy\" decoding=\"async\" width=\"1024\" height=\"1024\" src=\"https:\/\/www.sylvie-monthule.com\/wp-content\/uploads\/2020\/11\/bh159-b-bijou-testicules-cobra-sacre-argent-1024x1024.jpg\" alt=\"joya-pene-sin-piercing-sensualidad-pareja\" class=\"wp-image-99251\" style=\"width:768px;height:undefinedpx\" srcset=\"https:\/\/www.sylvie-monthule.com\/wp-content\/uploads\/2020\/11\/bh159-b-bijou-testicules-cobra-sacre-argent-1024x1024.jpg 1024w, https:\/\/www.sylvie-monthule.com\/wp-content\/uploads\/2020\/11\/bh159-b-bijou-testicules-cobra-sacre-argent-150x150.jpg 150w, https:\/\/www.sylvie-monthule.com\/wp-content\/uploads\/2020\/11\/bh159-b-bijou-testicules-cobra-sacre-argent-300x300.jpg 300w, https:\/\/www.sylvie-monthule.com\/wp-content\/uploads\/2020\/11\/bh159-b-bijou-testicules-cobra-sacre-argent-768x768.jpg 768w, https:\/\/www.sylvie-monthule.com\/wp-content\/uploads\/2020\/11\/bh159-b-bijou-testicules-cobra-sacre-argent-180x180.jpg 180w, https:\/\/www.sylvie-monthule.com\/wp-content\/uploads\/2020\/11\/bh159-b-bijou-testicules-cobra-sacre-argent-600x600.jpg 600w, https:\/\/www.sylvie-monthule.com\/wp-content\/uploads\/2020\/11\/bh159-b-bijou-testicules-cobra-sacre-argent.jpg 1700w\" sizes=\"auto, (max-width: 1024px) 100vw, 1024px\" \/><\/a><\/figure><\/div>\n\n\n<h2 class=\"wp-block-heading has-text-align-center\">Cada joya de pene es \u00fanica<\/h2>\n\n\n\n<p>Las <a href=\"https:\/\/www.sylvie-monthule.com\/es\/joyas\/joyerias-hombres\/joyerias-intimo-sexo\/\">joyas para el pene<\/a> provocan sensaciones intensas: acariciar, rozar\u2026 \u00a1Anillos \u00edntimos, pulseras sexuales, cadenas , invitan a los juegos traviesos!<\/p>\n\n\n\n<hr class=\"wp-block-separator has-css-opacity\"\/>\n\n\n<div class=\"wp-block-image\">\n<figure class=\"aligncenter size-large is-resized\"><img loading=\"lazy\" decoding=\"async\" width=\"1024\" height=\"1024\" src=\"https:\/\/www.sylvie-monthule.com\/wp-content\/uploads\/2018\/11\/st174-a-string-penetrant-extase-intime-or-1024x1024.jpg\" alt=\"sexual-vaginal-jewelry-sensual-christmas\" class=\"wp-image-64519\" style=\"width:750px;height:undefinedpx\" srcset=\"https:\/\/www.sylvie-monthule.com\/wp-content\/uploads\/2018\/11\/st174-a-string-penetrant-extase-intime-or-1024x1024.jpg 1024w, https:\/\/www.sylvie-monthule.com\/wp-content\/uploads\/2018\/11\/st174-a-string-penetrant-extase-intime-or-150x150.jpg 150w, https:\/\/www.sylvie-monthule.com\/wp-content\/uploads\/2018\/11\/st174-a-string-penetrant-extase-intime-or-300x300.jpg 300w, https:\/\/www.sylvie-monthule.com\/wp-content\/uploads\/2018\/11\/st174-a-string-penetrant-extase-intime-or-768x768.jpg 768w, https:\/\/www.sylvie-monthule.com\/wp-content\/uploads\/2018\/11\/st174-a-string-penetrant-extase-intime-or-180x180.jpg 180w, https:\/\/www.sylvie-monthule.com\/wp-content\/uploads\/2018\/11\/st174-a-string-penetrant-extase-intime-or-600x600.jpg 600w, https:\/\/www.sylvie-monthule.com\/wp-content\/uploads\/2018\/11\/st174-a-string-penetrant-extase-intime-or.jpg 1701w\" sizes=\"auto, (max-width: 1024px) 100vw, 1024px\" \/><\/figure><\/div>\n\n\n<h2 class=\"wp-block-heading has-text-align-center\">Cada joya sexual es un objeto de placer<\/h2>\n\n\n\n<p>Las <a href=\"https:\/\/www.sylvie-monthule.com\/es\/joyas\/joyerias-mujeres\/joyerias-penetrantes\/\">joyas sexuales<\/a> son extremadamente refinadas. Se acurrucan secretamente dentro de ti y te abruman de placer. Las nuevas conchas \u00abdeseo penetrante\u00bb para Ella son verdaderas maravillas&#8230; y las joyas del ano para El, exquisitas creaciones.<\/p>\n\n\n\n<hr class=\"wp-block-separator has-css-opacity\"\/>\n\n\n\n<h2 class=\"wp-block-heading has-text-align-center\"><span style=\"color: #ff00ff;\">DESCUBRA NUESTRAS JOYAS CORPORALES EN V\u00cdDEO&nbsp; <\/span><\/h2>\n\n\n\n<p>Las joyas son tan sensuales cuando respiran sobre la piel, la acarician, la encaprichan, antes de apoderarse de sus deseos y embriagarte de belleza y emociones. Los tangas joya \u00abBeso de Isis\u00bb y \u00abCobra Placer Sagrado\u00bb son tormentas de voluptuosidad en el coraz\u00f3n de sus curvas, sublimes apariciones de infinito erotismo.<\/p>\n\n\n\n<p class=\"has-text-align-center\"><strong>la tentacion de joyas sexuales unicas&#8230;<\/strong><\/p>\n\n\n<div id=\"sm-images-block_f77d8fcade57b73c2999bbbd83067582\" class=\"block-images\">\n                                <div class=\"item\">\n                <div class=\"pad\">\n                                                                        <a href=\"https:\/\/www.sylvie-monthule.com\/es\/joya\/joya-excitacion-clitoris-oro\/\">\n                                <img decoding=\"async\" src=\"https:\/\/www.sylvie-monthule.com\/wp-content\/uploads\/2019\/11\/clt14-720p-thumb.jpg\" alt=\"\" \/>\n                            <\/a>\n                                                            <\/div>\n            <\/div>\n                            <div class=\"item\">\n                <div class=\"pad\">\n                                                                        <a href=\"https:\/\/www.sylvie-monthule.com\/es\/joya\/tanga-joya-caricia-secreta-oro\/\">\n                                <img decoding=\"async\" src=\"https:\/\/www.sylvie-monthule.com\/wp-content\/uploads\/2019\/11\/st182-720p-thumb.jpg\" alt=\"\" \/>\n                            <\/a>\n                                                            <\/div>\n            <\/div>\n                            <div class=\"item\">\n                <div class=\"pad\">\n                                                                        <a href=\"https:\/\/www.sylvie-monthule.com\/es\/joya\/tanga-joya-mariposa-vertigo-de-los-sentidos-plata\/\">\n                                <img decoding=\"async\" src=\"https:\/\/www.sylvie-monthule.com\/wp-content\/uploads\/2019\/11\/st181-720p-thumb.jpg\" alt=\"\" \/>\n                            <\/a>\n                                                            <\/div>\n            <\/div>\n            <\/div>\n\n\n<p class=\"has-text-align-left\"><strong>Bienvenido a la tienda de Sylvie Monthul\u00e9,<\/strong> <strong>para realizar sus compras con total seguridad.<\/strong> <strong>Todas nuestras joyas se fabrican en Francia<\/strong>. <span style=\"color: #ff00ff;\"><strong>Sus pedidos se env\u00edan en 24 o 72 horas<\/strong><\/span> <span style=\"color: #ff00ff;\"><strong>en todo el mundo, de forma Expresa<\/strong><\/span> <span style=\"color: #ff00ff;\"><strong>seg\u00fan el pa\u00eds de destino (excepto durante las vacaciones de verano).<\/strong><\/span><\/p>\n","protected":false},"excerpt":{"rendered":"<p>Ofertas de primaveraen toda la tienda Con su c\u00f3digo promocional SYL426, disfruta de 15 % de descuento* a partir de 50 euros de compra, en todas las joyas y las obras gr\u00e1ficas er\u00f3ticas. D\u00e9jese seducir para joyas para Ella : los tangas, las joyas para el pecho, las joyas para el cl\u00edtoris y juguetes sexuales&#8230; [&hellip;]<\/p>\n","protected":false},"author":9379,"featured_media":0,"parent":0,"menu_order":0,"comment_status":"closed","ping_status":"closed","template":"","meta":{"_acf_changed":false,"footnotes":""},"class_list":["post-15766","page","type-page","status-publish","hentry"],"acf":[],"_links":{"self":[{"href":"https:\/\/www.sylvie-monthule.com\/es\/wp-json\/wp\/v2\/pages\/15766","targetHints":{"allow":["GET"]}}],"collection":[{"href":"https:\/\/www.sylvie-monthule.com\/es\/wp-json\/wp\/v2\/pages"}],"about":[{"href":"https:\/\/www.sylvie-monthule.com\/es\/wp-json\/wp\/v2\/types\/page"}],"author":[{"embeddable":true,"href":"https:\/\/www.sylvie-monthule.com\/es\/wp-json\/wp\/v2\/users\/9379"}],"replies":[{"embeddable":true,"href":"https:\/\/www.sylvie-monthule.com\/es\/wp-json\/wp\/v2\/comments?post=15766"}],"version-history":[{"count":987,"href":"https:\/\/www.sylvie-monthule.com\/es\/wp-json\/wp\/v2\/pages\/15766\/revisions"}],"predecessor-version":[{"id":150753,"href":"https:\/\/www.sylvie-monthule.com\/es\/wp-json\/wp\/v2\/pages\/15766\/revisions\/150753"}],"wp:attachment":[{"href":"https:\/\/www.sylvie-monthule.com\/es\/wp-json\/wp\/v2\/media?parent=15766"}],"curies":[{"name":"wp","href":"https:\/\/api.w.org\/{rel}","templated":true}]}}