{"id":64843,"date":"2018-11-13T09:41:45","date_gmt":"2018-11-16T09:14:07","guid":{"rendered":"https:\/\/www.sylvie-monthule.com\/?post_type=product&#038;p=64843\/"},"modified":"2025-02-27T14:26:29","modified_gmt":"2025-02-27T13:26:29","slug":"impatient-desire-penis-bracelet-silver","status":"publish","type":"product","link":"https:\/\/www.sylvie-monthule.com\/en\/jewel\/impatient-desire-penis-bracelet-silver\/","title":{"rendered":"Impatient Desire penis bracelet silver"},"content":{"rendered":"<p>Un bracelet de verge argent, pur et discret ! Deux petits corps unis par une chaine, attrapent l&#8217;\u00e9lastique en coton noir qui enlace vos bourses. El\u00e9gance et finesse d&#8217;un bijou sexe \u00e0 porter \u00e0 volont\u00e9 !<\/p>\n","protected":false},"excerpt":{"rendered":"<p>L\u2019\u00e9lastique en coton doux suit vos mouvements et assure un maintien parfait.<\/p>\n<p>Bijou avec traitement plaqu\u00e9 argent 10 microns sur m\u00e9tal. Hypoallerg\u00e9nique. Base \u00e9lastique coton noir.<\/p>\n<p>Bijou ajustable et tr\u00e8s confortable gr\u00e2ce \u00e0 sa base \u00e9lastiqu\u00e9e.<\/p>\n","protected":false},"featured_media":64104,"template":"","meta":{"_acf_changed":false},"product_brand":[],"product_cat":[109,111],"product_tag":[],"class_list":{"0":"post-64843","1":"product","2":"type-product","3":"status-publish","4":"has-post-thumbnail","6":"product_cat-man-jewelry","7":"product_cat-intimate-man-jewelry","8":"collection-intimate-rendezvous","10":"first","11":"instock","12":"taxable","13":"shipping-taxable","14":"purchasable","15":"product-type-simple"},"acf":[],"_links":{"self":[{"href":"https:\/\/www.sylvie-monthule.com\/en\/wp-json\/wp\/v2\/product\/64843","targetHints":{"allow":["GET"]}}],"collection":[{"href":"https:\/\/www.sylvie-monthule.com\/en\/wp-json\/wp\/v2\/product"}],"about":[{"href":"https:\/\/www.sylvie-monthule.com\/en\/wp-json\/wp\/v2\/types\/product"}],"wp:featuredmedia":[{"embeddable":true,"href":"https:\/\/www.sylvie-monthule.com\/en\/wp-json\/wp\/v2\/media\/64104"}],"wp:attachment":[{"href":"https:\/\/www.sylvie-monthule.com\/en\/wp-json\/wp\/v2\/media?parent=64843"}],"wp:term":[{"taxonomy":"product_brand","embeddable":true,"href":"https:\/\/www.sylvie-monthule.com\/en\/wp-json\/wp\/v2\/product_brand?post=64843"},{"taxonomy":"product_cat","embeddable":true,"href":"https:\/\/www.sylvie-monthule.com\/en\/wp-json\/wp\/v2\/product_cat?post=64843"},{"taxonomy":"product_tag","embeddable":true,"href":"https:\/\/www.sylvie-monthule.com\/en\/wp-json\/wp\/v2\/product_tag?post=64843"}],"curies":[{"name":"wp","href":"https:\/\/api.w.org\/{rel}","templated":true}]}}