{"id":64834,"date":"2018-11-13T09:41:46","date_gmt":"2018-11-16T09:14:05","guid":{"rendered":"https:\/\/www.sylvie-monthule.com\/?post_type=product&#038;p=64834\/"},"modified":"2025-02-17T08:48:43","modified_gmt":"2025-02-17T07:48:43","slug":"impatient-desire-backside-waist-chain-gold","status":"publish","type":"product","link":"https:\/\/www.sylvie-monthule.com\/en\/jewel\/impatient-desire-backside-waist-chain-gold\/","title":{"rendered":"Impatient Desire backside waist chain gold"},"content":{"rendered":"<p>Un bijou de corps sexy et sensuel qui excite l&#8217;imagination ! La chaine qui enlace vos hanches termine sa course dans la courbe de vos reins\u2026 Deux hommes miniatures, deux bijoux minuscules\u2026 se hissent \u00e0 la chaine qui glisse entre vos fesses. Quelle vision d\u00e9licieuse que ces deux amants convoitant vos courbes de femme ! Quel scintillement merveilleux que ces deux petits hommes d&#8217;argent, en pleine ascension sur la chaine d&#8217;Or !<\/p>\n","protected":false},"excerpt":{"rendered":"<p>Indiquez dans le bloc taille votre choix ; S, M, L , XL&#8230; Quelle que soit la taille choisie, nos bijoux tailles sont r\u00e9glables.<\/p>\n<p>Chaine taille reins avec traitement haute dorure 1 micron 16 carats et finition 24 carats et petits hommes plaqu\u00e9 argent 10 microns sur m\u00e9tal. Chaine maille fine et chaine maille gourmette pour r\u00e9glage. Hypoallerg\u00e9nique.<\/p>\n","protected":false},"featured_media":64180,"template":"","meta":{"_acf_changed":false},"product_brand":[],"product_cat":[79,86],"product_tag":[],"class_list":{"0":"post-64834","1":"product","2":"type-product","3":"status-publish","4":"has-post-thumbnail","6":"product_cat-woman-jewelry","7":"product_cat-waist-chain-ankle-chain","8":"collection-intimate-rendezvous","10":"first","11":"instock","12":"taxable","13":"shipping-taxable","14":"purchasable","15":"product-type-variable","16":"has-default-attributes"},"acf":[],"_links":{"self":[{"href":"https:\/\/www.sylvie-monthule.com\/en\/wp-json\/wp\/v2\/product\/64834","targetHints":{"allow":["GET"]}}],"collection":[{"href":"https:\/\/www.sylvie-monthule.com\/en\/wp-json\/wp\/v2\/product"}],"about":[{"href":"https:\/\/www.sylvie-monthule.com\/en\/wp-json\/wp\/v2\/types\/product"}],"wp:featuredmedia":[{"embeddable":true,"href":"https:\/\/www.sylvie-monthule.com\/en\/wp-json\/wp\/v2\/media\/64180"}],"wp:attachment":[{"href":"https:\/\/www.sylvie-monthule.com\/en\/wp-json\/wp\/v2\/media?parent=64834"}],"wp:term":[{"taxonomy":"product_brand","embeddable":true,"href":"https:\/\/www.sylvie-monthule.com\/en\/wp-json\/wp\/v2\/product_brand?post=64834"},{"taxonomy":"product_cat","embeddable":true,"href":"https:\/\/www.sylvie-monthule.com\/en\/wp-json\/wp\/v2\/product_cat?post=64834"},{"taxonomy":"product_tag","embeddable":true,"href":"https:\/\/www.sylvie-monthule.com\/en\/wp-json\/wp\/v2\/product_tag?post=64834"}],"curies":[{"name":"wp","href":"https:\/\/api.w.org\/{rel}","templated":true}]}}