{"id":64798,"date":"2018-11-13T09:41:50","date_gmt":"2018-11-12T09:41:50","guid":{"rendered":"https:\/\/www.sylvie-monthule.com\/?post_type=product&#038;p=64798\/"},"modified":"2025-02-27T14:26:42","modified_gmt":"2025-02-27T13:26:42","slug":"secret-passion-hematite-pearl-pendant-gold","status":"publish","type":"product","link":"https:\/\/www.sylvie-monthule.com\/en\/jewel\/secret-passion-hematite-pearl-pendant-gold\/","title":{"rendered":"Secret Passion hematite pearl pendant gold"},"content":{"rendered":"<p>Le pendentif qui orne votre d\u00e9collet\u00e9 est si troublant ! Un homme miniature fait corps avec une perle H\u00e9matite\u2026 Il semble vouloir capturer sa beaut\u00e9, son \u00e9clat. Un bijou pour murmurer l&#8217;Amour, la Passion!<\/p>\n","protected":false},"excerpt":{"rendered":"<p>Pendentif homme sur goutte h\u00e9matite. Chaine fine longueur 50 cm environ. Traitement haute dorure 1 micron 16 carats et finition 24 carats sur m\u00e9tal. Hypoallerg\u00e9nique.<\/p>\n","protected":false},"featured_media":64428,"template":"","meta":{"_acf_changed":false},"product_brand":[],"product_cat":[79,107],"product_tag":[],"class_list":{"0":"post-64798","1":"product","2":"type-product","3":"status-publish","4":"has-post-thumbnail","6":"product_cat-woman-jewelry","7":"product_cat-necklace-and-earrings","8":"collection-30-years-of-eroticism","9":"collection-intimate-rendezvous","11":"first","12":"instock","13":"taxable","14":"shipping-taxable","15":"purchasable","16":"product-type-simple"},"acf":[],"_links":{"self":[{"href":"https:\/\/www.sylvie-monthule.com\/en\/wp-json\/wp\/v2\/product\/64798","targetHints":{"allow":["GET"]}}],"collection":[{"href":"https:\/\/www.sylvie-monthule.com\/en\/wp-json\/wp\/v2\/product"}],"about":[{"href":"https:\/\/www.sylvie-monthule.com\/en\/wp-json\/wp\/v2\/types\/product"}],"wp:featuredmedia":[{"embeddable":true,"href":"https:\/\/www.sylvie-monthule.com\/en\/wp-json\/wp\/v2\/media\/64428"}],"wp:attachment":[{"href":"https:\/\/www.sylvie-monthule.com\/en\/wp-json\/wp\/v2\/media?parent=64798"}],"wp:term":[{"taxonomy":"product_brand","embeddable":true,"href":"https:\/\/www.sylvie-monthule.com\/en\/wp-json\/wp\/v2\/product_brand?post=64798"},{"taxonomy":"product_cat","embeddable":true,"href":"https:\/\/www.sylvie-monthule.com\/en\/wp-json\/wp\/v2\/product_cat?post=64798"},{"taxonomy":"product_tag","embeddable":true,"href":"https:\/\/www.sylvie-monthule.com\/en\/wp-json\/wp\/v2\/product_tag?post=64798"}],"curies":[{"name":"wp","href":"https:\/\/api.w.org\/{rel}","templated":true}]}}