{"id":44113,"date":"2017-11-13T16:08:19","date_gmt":"2017-11-17T07:59:36","guid":{"rendered":"https:\/\/www.sylvie-monthule.com\/?post_type=product&#038;p=44113\/"},"modified":"2025-02-17T08:48:11","modified_gmt":"2025-02-17T07:48:11","slug":"emotion-drop-ankle-jewel-silver","status":"publish","type":"product","link":"https:\/\/www.sylvie-monthule.com\/en\/jewel\/emotion-drop-ankle-jewel-silver\/","title":{"rendered":"Emotion drop ankle jewel silver"},"content":{"rendered":"<p>Juste une larme d&#8217;\u00e9motion\u2026 Une fine larme d&#8217;Argent, cisel\u00e9e, sculpt\u00e9e, \u00e0 la cambrure de votre cheville\u2026 Une petite larme d&#8217;Amour, sensuelle, l\u00e9g\u00e8re.<\/p>\n","protected":false},"excerpt":{"rendered":"<p>Bijou cheville avec 2 positions de r\u00e9glage, \u00e0 22 et 25 cm.<\/p>\n<p>Bijou Cheville chaine fine plaqu\u00e9 argent 10 microns sur m\u00e9tal<br \/>\nPetite goutte ouvrag\u00e9e en pendentif.<br \/>\nHypoallerg\u00e9nique.<\/p>\n","protected":false},"featured_media":42572,"template":"","meta":{"_acf_changed":false},"product_brand":[],"product_cat":[79,86],"product_tag":[],"class_list":{"0":"post-44113","1":"product","2":"type-product","3":"status-publish","4":"has-post-thumbnail","6":"product_cat-woman-jewelry","7":"product_cat-waist-chain-ankle-chain","8":"collection-love-night-in-venice","10":"first","11":"instock","12":"taxable","13":"shipping-taxable","14":"purchasable","15":"product-type-simple"},"acf":[],"_links":{"self":[{"href":"https:\/\/www.sylvie-monthule.com\/en\/wp-json\/wp\/v2\/product\/44113","targetHints":{"allow":["GET"]}}],"collection":[{"href":"https:\/\/www.sylvie-monthule.com\/en\/wp-json\/wp\/v2\/product"}],"about":[{"href":"https:\/\/www.sylvie-monthule.com\/en\/wp-json\/wp\/v2\/types\/product"}],"wp:featuredmedia":[{"embeddable":true,"href":"https:\/\/www.sylvie-monthule.com\/en\/wp-json\/wp\/v2\/media\/42572"}],"wp:attachment":[{"href":"https:\/\/www.sylvie-monthule.com\/en\/wp-json\/wp\/v2\/media?parent=44113"}],"wp:term":[{"taxonomy":"product_brand","embeddable":true,"href":"https:\/\/www.sylvie-monthule.com\/en\/wp-json\/wp\/v2\/product_brand?post=44113"},{"taxonomy":"product_cat","embeddable":true,"href":"https:\/\/www.sylvie-monthule.com\/en\/wp-json\/wp\/v2\/product_cat?post=44113"},{"taxonomy":"product_tag","embeddable":true,"href":"https:\/\/www.sylvie-monthule.com\/en\/wp-json\/wp\/v2\/product_tag?post=44113"}],"curies":[{"name":"wp","href":"https:\/\/api.w.org\/{rel}","templated":true}]}}