{"id":33466,"date":"2016-11-14T18:33:51","date_gmt":"2016-11-14T18:33:51","guid":{"rendered":"https:\/\/www.sylvie-monthule.com\/fr\/?post_type=product&#038;p=33466"},"modified":"2025-12-03T15:46:25","modified_gmt":"2025-12-03T14:46:25","slug":"capture-me-sex-jewel-gold","status":"publish","type":"product","link":"https:\/\/www.sylvie-monthule.com\/en\/jewel\/capture-me-sex-jewel-gold\/","title":{"rendered":"&#8220;Capture-me&#8221; sex jewel gold"},"content":{"rendered":"<p>Une femme s&#8217;abandonne sur votre p\u00e9nis, le chevauche\u2026Son corps aux courbes pleines se tend, s&#8217;arque boute. Ses reins se cambrent, ses jambes s&#8217;\u00e9cartent, pour chevaucher votre verge, comme une cavali\u00e8re intime\u2026Vous pourrez regler la force de son \u00e9treinte, gr\u00e2ce \u00e0 la chaine reglable\u2026 Un Bijou qui capture votre verge,<br \/>\net vos testicules !<\/p>\n","protected":false},"excerpt":{"rendered":"<p>L\u2019\u00e9lastique en coton doux suit vos mouvements<br \/>\net assure un maintien parfait.<\/p>\n<p>Bijou ajustable et tres confortable grace<br \/>\n\u00e0 sa base \u00e9lastiqu\u00e9e et sa chaine r\u00e9glable.<\/p>\n<p>Bijou corps de femme et chaines. Traitement haute dorure 1 micron 16 carats et finition 24 carats sur m\u00e9tal. Hypoallerg\u00e9nique.<\/p>\n","protected":false},"featured_media":32852,"template":"","meta":{"_acf_changed":false},"product_brand":[],"product_cat":[109,111],"product_tag":[],"class_list":{"0":"post-33466","1":"product","2":"type-product","3":"status-publish","4":"has-post-thumbnail","6":"product_cat-man-jewelry","7":"product_cat-intimate-man-jewelry","8":"collection-intimate-traps-jewelry","10":"first","11":"instock","12":"taxable","13":"shipping-taxable","14":"purchasable","15":"product-type-simple"},"acf":[],"_links":{"self":[{"href":"https:\/\/www.sylvie-monthule.com\/en\/wp-json\/wp\/v2\/product\/33466","targetHints":{"allow":["GET"]}}],"collection":[{"href":"https:\/\/www.sylvie-monthule.com\/en\/wp-json\/wp\/v2\/product"}],"about":[{"href":"https:\/\/www.sylvie-monthule.com\/en\/wp-json\/wp\/v2\/types\/product"}],"wp:featuredmedia":[{"embeddable":true,"href":"https:\/\/www.sylvie-monthule.com\/en\/wp-json\/wp\/v2\/media\/32852"}],"wp:attachment":[{"href":"https:\/\/www.sylvie-monthule.com\/en\/wp-json\/wp\/v2\/media?parent=33466"}],"wp:term":[{"taxonomy":"product_brand","embeddable":true,"href":"https:\/\/www.sylvie-monthule.com\/en\/wp-json\/wp\/v2\/product_brand?post=33466"},{"taxonomy":"product_cat","embeddable":true,"href":"https:\/\/www.sylvie-monthule.com\/en\/wp-json\/wp\/v2\/product_cat?post=33466"},{"taxonomy":"product_tag","embeddable":true,"href":"https:\/\/www.sylvie-monthule.com\/en\/wp-json\/wp\/v2\/product_tag?post=33466"}],"curies":[{"name":"wp","href":"https:\/\/api.w.org\/{rel}","templated":true}]}}