{"id":23541,"date":"2008-12-16T00:00:00","date_gmt":"2008-12-15T23:00:00","guid":{"rendered":"http:\/\/www.sylvie-monthule.com\/jewel\/cheville-diamant-2\/"},"modified":"2025-02-17T08:48:16","modified_gmt":"2025-02-17T07:48:16","slug":"cheville-diamant","status":"publish","type":"product","link":"https:\/\/www.sylvie-monthule.com\/en\/jewel\/cheville-diamant\/","title":{"rendered":"Cheville Diamant"},"content":{"rendered":"<p>Dans Toutes les Cultures, on a ador\u00e9 la Cheville f\u00e9minine&#8230; Pour les gens raffin\u00e9s, elle est toujours un Ravissement&#8230; D\u00e9licatesse, F\u00e9minit\u00e9, appel coquin au &#8220;Suivez-moi !&#8221;, tout est dans cet adorable petit Bijou qui Scintille.<\/p>\n","protected":false},"excerpt":{"rendered":"<p>Bijou cheville avec 2 positions de r\u00e9glage, \u00e0 22 et 25 cm.<\/p>\n<p>Mati\u00e8re :  Cristaux purs \u00e0 facettes. Cha\u00eene fine maille for\u00e7at. Bijou plaqu\u00e9 or 3 microns 16 carats et finition 24 carats sur m\u00e9tal. Sans nickel. Lavable main. Hypoallerg\u00e9nique.<br \/>\n Couleur :  Or et Cristal<br \/>\n Conception :  Sylvie Monthul\u00e9<\/p>\n","protected":false},"featured_media":13154,"template":"","meta":{"_acf_changed":false},"product_brand":[],"product_cat":[79,86],"product_tag":[],"class_list":{"0":"post-23541","1":"product","2":"type-product","3":"status-publish","4":"has-post-thumbnail","6":"product_cat-woman-jewelry","7":"product_cat-waist-chain-ankle-chain","8":"collection-an-intimate-diamond-for-you","9":"collection-old-series","11":"first","12":"instock","13":"taxable","14":"shipping-taxable","15":"purchasable","16":"product-type-simple"},"acf":[],"_links":{"self":[{"href":"https:\/\/www.sylvie-monthule.com\/en\/wp-json\/wp\/v2\/product\/23541","targetHints":{"allow":["GET"]}}],"collection":[{"href":"https:\/\/www.sylvie-monthule.com\/en\/wp-json\/wp\/v2\/product"}],"about":[{"href":"https:\/\/www.sylvie-monthule.com\/en\/wp-json\/wp\/v2\/types\/product"}],"wp:featuredmedia":[{"embeddable":true,"href":"https:\/\/www.sylvie-monthule.com\/en\/wp-json\/wp\/v2\/media\/13154"}],"wp:attachment":[{"href":"https:\/\/www.sylvie-monthule.com\/en\/wp-json\/wp\/v2\/media?parent=23541"}],"wp:term":[{"taxonomy":"product_brand","embeddable":true,"href":"https:\/\/www.sylvie-monthule.com\/en\/wp-json\/wp\/v2\/product_brand?post=23541"},{"taxonomy":"product_cat","embeddable":true,"href":"https:\/\/www.sylvie-monthule.com\/en\/wp-json\/wp\/v2\/product_cat?post=23541"},{"taxonomy":"product_tag","embeddable":true,"href":"https:\/\/www.sylvie-monthule.com\/en\/wp-json\/wp\/v2\/product_tag?post=23541"}],"curies":[{"name":"wp","href":"https:\/\/api.w.org\/{rel}","templated":true}]}}