{"id":23037,"date":"2010-06-18T00:00:00","date_gmt":"2010-06-17T23:00:00","guid":{"rendered":"http:\/\/www.sylvie-monthule.com\/jewel\/cheville-perle-hematite-et-argent-2\/"},"modified":"2025-02-17T08:48:15","modified_gmt":"2025-02-17T07:48:15","slug":"cheville-perle-hematite-et-argent","status":"publish","type":"product","link":"https:\/\/www.sylvie-monthule.com\/en\/jewel\/cheville-perle-hematite-et-argent\/","title":{"rendered":"Cheville Perle Hematite et Argent"},"content":{"rendered":"<p>Un \u00e9clat pur qui danse \u00e0 la cambrure de votre cheville. L&#8217;\u00e9l\u00e9gance d&#8217;une petite perle h\u00e9matite, et l&#8217;Argent toujours qui scintille !<\/p>\n","protected":false},"excerpt":{"rendered":"<p>Bijou cheville avec 2 positions de r\u00e9glage, \u00e0 23 et 25 cm.<\/p>\n<p>Chaine r\u00e9glable maille diamant\u00e9e. Bijou en argent massif 925\/000. Hypoallerg\u00e9nique.<br \/>\nPendentif perle h\u00e9matite et boule .<\/p>\n","protected":false},"featured_media":14109,"template":"","meta":{"_acf_changed":false},"product_brand":[],"product_cat":[79,86],"product_tag":[],"class_list":{"0":"post-23037","1":"product","2":"type-product","3":"status-publish","4":"has-post-thumbnail","6":"product_cat-woman-jewelry","7":"product_cat-waist-chain-ankle-chain","8":"collection-jewelry-out-of-collection","10":"first","11":"instock","12":"taxable","13":"shipping-taxable","14":"purchasable","15":"product-type-simple"},"acf":[],"_links":{"self":[{"href":"https:\/\/www.sylvie-monthule.com\/en\/wp-json\/wp\/v2\/product\/23037","targetHints":{"allow":["GET"]}}],"collection":[{"href":"https:\/\/www.sylvie-monthule.com\/en\/wp-json\/wp\/v2\/product"}],"about":[{"href":"https:\/\/www.sylvie-monthule.com\/en\/wp-json\/wp\/v2\/types\/product"}],"wp:featuredmedia":[{"embeddable":true,"href":"https:\/\/www.sylvie-monthule.com\/en\/wp-json\/wp\/v2\/media\/14109"}],"wp:attachment":[{"href":"https:\/\/www.sylvie-monthule.com\/en\/wp-json\/wp\/v2\/media?parent=23037"}],"wp:term":[{"taxonomy":"product_brand","embeddable":true,"href":"https:\/\/www.sylvie-monthule.com\/en\/wp-json\/wp\/v2\/product_brand?post=23037"},{"taxonomy":"product_cat","embeddable":true,"href":"https:\/\/www.sylvie-monthule.com\/en\/wp-json\/wp\/v2\/product_cat?post=23037"},{"taxonomy":"product_tag","embeddable":true,"href":"https:\/\/www.sylvie-monthule.com\/en\/wp-json\/wp\/v2\/product_tag?post=23037"}],"curies":[{"name":"wp","href":"https:\/\/api.w.org\/{rel}","templated":true}]}}