{"id":22717,"date":"2013-01-27T00:00:00","date_gmt":"2013-01-26T23:00:00","guid":{"rendered":"http:\/\/www.sylvie-monthule.com\/jewel\/pendentif-escarpin-de-nuit-argent-2\/"},"modified":"2023-06-05T00:02:54","modified_gmt":"2023-06-04T23:02:54","slug":"pendentif-escarpin-de-nuit-argent","status":"publish","type":"product","link":"https:\/\/www.sylvie-monthule.com\/en\/jewel\/pendentif-escarpin-de-nuit-argent\/","title":{"rendered":"Pendentif Escarpin de Nuit Argent"},"content":{"rendered":"<p>A votre cou, un Escarpin ravissant&#8230; Finesse du talon aiguille et minuscule cristal noir ornant la chaussure ! Un pendentif \u00e9l\u00e9gant, adorable&#8230; Comme un petit Escarpin de Nuit v\u00eatu d&#8217;Argent et de lumi\u00e8re.<\/p>\n","protected":false},"excerpt":{"rendered":"<p>Pendentif escarpin avec incrustation cristal noir facettes sur chaine fine 45 cm. Bijou plaqu\u00e9 argent 10 microns sur m\u00e9tal.<br \/>\nTaille escarpin env 2 cm. Hypoallerg\u00e9nique<\/p>\n","protected":false},"featured_media":21003,"template":"","meta":{"_acf_changed":false},"product_brand":[],"product_cat":[79,107],"product_tag":[],"class_list":{"0":"post-22717","1":"product","2":"type-product","3":"status-publish","4":"has-post-thumbnail","6":"product_cat-woman-jewelry","7":"product_cat-necklace-and-earrings","8":"collection-lart-du-plaisir-en","10":"first","11":"instock","12":"taxable","13":"shipping-taxable","14":"purchasable","15":"product-type-simple"},"acf":[],"_links":{"self":[{"href":"https:\/\/www.sylvie-monthule.com\/en\/wp-json\/wp\/v2\/product\/22717","targetHints":{"allow":["GET"]}}],"collection":[{"href":"https:\/\/www.sylvie-monthule.com\/en\/wp-json\/wp\/v2\/product"}],"about":[{"href":"https:\/\/www.sylvie-monthule.com\/en\/wp-json\/wp\/v2\/types\/product"}],"wp:featuredmedia":[{"embeddable":true,"href":"https:\/\/www.sylvie-monthule.com\/en\/wp-json\/wp\/v2\/media\/21003"}],"wp:attachment":[{"href":"https:\/\/www.sylvie-monthule.com\/en\/wp-json\/wp\/v2\/media?parent=22717"}],"wp:term":[{"taxonomy":"product_brand","embeddable":true,"href":"https:\/\/www.sylvie-monthule.com\/en\/wp-json\/wp\/v2\/product_brand?post=22717"},{"taxonomy":"product_cat","embeddable":true,"href":"https:\/\/www.sylvie-monthule.com\/en\/wp-json\/wp\/v2\/product_cat?post=22717"},{"taxonomy":"product_tag","embeddable":true,"href":"https:\/\/www.sylvie-monthule.com\/en\/wp-json\/wp\/v2\/product_tag?post=22717"}],"curies":[{"name":"wp","href":"https:\/\/api.w.org\/{rel}","templated":true}]}}