{"id":22513,"date":"2014-06-23T00:00:00","date_gmt":"2014-06-22T23:00:00","guid":{"rendered":"http:\/\/www.sylvie-monthule.com\/jewel\/bijou-cheville-or-degypte-3\/"},"modified":"2025-02-17T08:48:13","modified_gmt":"2025-02-17T07:48:13","slug":"bijou-cheville-or-degypte","status":"publish","type":"product","link":"https:\/\/www.sylvie-monthule.com\/en\/jewel\/bijou-cheville-or-degypte\/","title":{"rendered":"Bijou Cheville Or d&#8217;Egypte"},"content":{"rendered":"<p>Suspendue \u00e0 votre Cheville, un bijou sacr\u00e9&#8230; comme un papyrus miniature. Une pierre h\u00e9matite raconte une histoire. Une histoire sensuelle.<\/p>\n","protected":false},"excerpt":{"rendered":"<p>Bijou cheville avec 2 positions de r\u00e9glage, \u00e0 23 et 25 cm.<\/p>\n<p>Chaine fine soud\u00e9e, r\u00e9glable, maille diamant\u00e9e.  Hypoallerg\u00e9nique.<br \/>\nPendentif Tube h\u00e9matite.<br \/>\nBijou plaqu\u00e9 or 3 microns 16 carats et finition 24 carats sur m\u00e9tal.<\/p>\n","protected":false},"featured_media":15307,"template":"","meta":{"_acf_changed":false},"product_brand":[],"product_cat":[79,86],"product_tag":[],"class_list":{"0":"post-22513","1":"product","2":"type-product","3":"status-publish","4":"has-post-thumbnail","6":"product_cat-woman-jewelry","7":"product_cat-waist-chain-ankle-chain","8":"collection-jewelry-out-of-collection","10":"first","11":"instock","12":"taxable","13":"shipping-taxable","14":"purchasable","15":"product-type-simple"},"acf":[],"_links":{"self":[{"href":"https:\/\/www.sylvie-monthule.com\/en\/wp-json\/wp\/v2\/product\/22513","targetHints":{"allow":["GET"]}}],"collection":[{"href":"https:\/\/www.sylvie-monthule.com\/en\/wp-json\/wp\/v2\/product"}],"about":[{"href":"https:\/\/www.sylvie-monthule.com\/en\/wp-json\/wp\/v2\/types\/product"}],"wp:featuredmedia":[{"embeddable":true,"href":"https:\/\/www.sylvie-monthule.com\/en\/wp-json\/wp\/v2\/media\/15307"}],"wp:attachment":[{"href":"https:\/\/www.sylvie-monthule.com\/en\/wp-json\/wp\/v2\/media?parent=22513"}],"wp:term":[{"taxonomy":"product_brand","embeddable":true,"href":"https:\/\/www.sylvie-monthule.com\/en\/wp-json\/wp\/v2\/product_brand?post=22513"},{"taxonomy":"product_cat","embeddable":true,"href":"https:\/\/www.sylvie-monthule.com\/en\/wp-json\/wp\/v2\/product_cat?post=22513"},{"taxonomy":"product_tag","embeddable":true,"href":"https:\/\/www.sylvie-monthule.com\/en\/wp-json\/wp\/v2\/product_tag?post=22513"}],"curies":[{"name":"wp","href":"https:\/\/api.w.org\/{rel}","templated":true}]}}