{"id":68075,"date":"2019-01-09T15:37:43","date_gmt":"2019-01-09T14:37:43","guid":{"rendered":"https:\/\/www.sylvie-monthule.com\/?page_id=68075\/"},"modified":"2025-11-04T16:14:40","modified_gmt":"2025-11-04T15:14:40","slug":"legals","status":"publish","type":"page","link":"https:\/\/www.sylvie-monthule.com\/en\/legals\/","title":{"rendered":"Legals"},"content":{"rendered":"<h2><\/h2>\n<p>&nbsp;<\/p>\n<h2><\/h2>\n<h2>PUBLISHER<\/h2>\n<p style=\"text-align: justify;\">The website www.sylvie-monthule.com is edited by the company Ose Cr\u00e9ations, 269 avenue du G\u00e9n\u00e9ral de Gaulle &#8211; \u00a094502 CHAMPIGNY S\/M FRANCE \u2013 SARL with a capital of 8000\u00a0euros, registered in the French company register under the number SIRET 433 682 952 00026.<\/p>\n<p>VAT NUMBER : FR 90 433 682 952<br \/>\nPhone number: + 33 (0)1 48 82 44 46<br \/>\nEmail : contact@sylvie-monthule.com<\/p>\n<p>&nbsp;<\/p>\n<h2>DIRECTOR OF THE PUBLICATION<\/h2>\n<p>The publication director of the site is Ose Cr\u00e9ations<\/p>\n<p>The editorial manager of the site is Ose Cr\u00e9ations<\/p>\n<p>&nbsp;<\/p>\n<h2>HOST<\/h2>\n<p style=\"text-align: justify;\">The site is hosted by the company DOCTYPE, whose head office is located ;<br \/>\n42 rue de la Lib\u00e9ration \u2013 91680 BRUYERES LE CHATEL &#8211; FRANCE<br \/>\nE-mail : contact@doctype.fr<\/p>\n<p>&nbsp;<\/p>\n<h2>INTELLECTUAL PROPERTY<\/h2>\n<p>The general structure of the site: the products, texts, graphics,<br \/>\nimages, sounds, and videos that comprise it are the property of Ose Cr\u00e9ations\/Sylvie Monthul\u00e9.<br \/>\nThe drawings and paintings (originals or prints) presented on this site<br \/>\nremain the exclusive artistic property of Sylvie Monthul\u00e9.<br \/>\nAny representation and\/or reproduction and\/or partial or total exploitation of this site,<br \/>\nby any means whatsoever, without the prior written authorization<br \/>\nof Ose Cr\u00e9ations is strictly prohibited<br \/>\nand may constitute an infringement within the meaning<br \/>\nof Articles L 335-2 et seq. of the Intellectual Property Code.<\/p>\n<p>&nbsp;<\/p>\n<h2>DATA-PROCESSING LAW AND FREEDOMS<\/h2>\n<p style=\"text-align: justify;\">In accordance with the Data Protection Act 78-17 of 6 January 1978 as amended, you have the right to oppose (art. 38), access (art. 39), rectification or deletion (art. 40) of data concerning you.\u00a0You can exercise this right by contacting the company Ose Cr\u00e9ations.<\/p>\n<p>This right can be exercised by providing proof of identity, by post to the following address .<\/p>\n<p>Ose Cr\u00e9ations \/ Sylvie Monthul\u00e9<br \/>\n269 avenue du G\u00e9n\u00e9ral de Gaulle<br \/>\n94502 CHAMPIGNY S\/M FRANCE<\/p>\n<p style=\"text-align: justify;\">All personal data collected is treated with the strictest confidentiality. with the strictest confidentiality. In particular, Ose Cr\u00e9ations undertakes to respect the confidentiality of e-mail messages transmitted by means of an electronic message.<\/p>\n","protected":false},"excerpt":{"rendered":"<p>&nbsp; PUBLISHER The website www.sylvie-monthule.com is edited by the company Ose Cr\u00e9ations, 269 avenue du G\u00e9n\u00e9ral de Gaulle &#8211; \u00a094502 CHAMPIGNY S\/M FRANCE \u2013 SARL with a capital of 8000\u00a0euros, registered in the French company register under the number SIRET 433 682 952 00026. VAT NUMBER : FR 90 433 682 952 Phone number: + [&hellip;]<\/p>\n","protected":false},"author":9379,"featured_media":0,"parent":0,"menu_order":0,"comment_status":"closed","ping_status":"closed","template":"","meta":{"_acf_changed":false,"footnotes":""},"class_list":["post-68075","page","type-page","status-publish","hentry"],"acf":[],"_links":{"self":[{"href":"https:\/\/www.sylvie-monthule.com\/en\/wp-json\/wp\/v2\/pages\/68075","targetHints":{"allow":["GET"]}}],"collection":[{"href":"https:\/\/www.sylvie-monthule.com\/en\/wp-json\/wp\/v2\/pages"}],"about":[{"href":"https:\/\/www.sylvie-monthule.com\/en\/wp-json\/wp\/v2\/types\/page"}],"author":[{"embeddable":true,"href":"https:\/\/www.sylvie-monthule.com\/en\/wp-json\/wp\/v2\/users\/9379"}],"replies":[{"embeddable":true,"href":"https:\/\/www.sylvie-monthule.com\/en\/wp-json\/wp\/v2\/comments?post=68075"}],"version-history":[{"count":8,"href":"https:\/\/www.sylvie-monthule.com\/en\/wp-json\/wp\/v2\/pages\/68075\/revisions"}],"predecessor-version":[{"id":148480,"href":"https:\/\/www.sylvie-monthule.com\/en\/wp-json\/wp\/v2\/pages\/68075\/revisions\/148480"}],"wp:attachment":[{"href":"https:\/\/www.sylvie-monthule.com\/en\/wp-json\/wp\/v2\/media?parent=68075"}],"curies":[{"name":"wp","href":"https:\/\/api.w.org\/{rel}","templated":true}]}}