{"id":15783,"date":"2015-03-09T11:14:33","date_gmt":"2015-03-09T10:14:33","guid":{"rendered":"http:\/\/www.sylvie-monthule.com\/?page_id=15783"},"modified":"2024-08-26T07:27:52","modified_gmt":"2024-08-26T06:27:52","slug":"secure-payment","status":"publish","type":"page","link":"https:\/\/www.sylvie-monthule.com\/en\/secure-payment\/","title":{"rendered":"Secure Payment"},"content":{"rendered":"<p><img loading=\"lazy\" decoding=\"async\" class=\" size-full wp-image-22421 alignright\" src=\"https:\/\/www.sylvie-monthule.com\/wp-content\/uploads\/2015\/03\/illustration_paiement.jpg\" alt=\"illustration_paiement\" width=\"200\" height=\"135\" \/><\/p>\n<h2><span style=\"color: #ff00ff;\">Yours payments by credit card <\/span><span style=\"color: #ff00ff;\">are completely secured<\/span><\/h2>\n<p><strong>BY BANK &#8220;SOCIETE GENERALE&#8221;<\/strong><\/p>\n<p><img loading=\"lazy\" decoding=\"async\" class=\" wp-image-133383 alignright\" src=\"https:\/\/www.sylvie-monthule.com\/wp-content\/uploads\/2023\/06\/logo-visa-mastercar-amex-300x63.png\" alt=\"\" width=\"181\" height=\"38\" srcset=\"https:\/\/www.sylvie-monthule.com\/wp-content\/uploads\/2023\/06\/logo-visa-mastercar-amex-300x63.png 300w, https:\/\/www.sylvie-monthule.com\/wp-content\/uploads\/2023\/06\/logo-visa-mastercar-amex-1024x215.png 1024w, https:\/\/www.sylvie-monthule.com\/wp-content\/uploads\/2023\/06\/logo-visa-mastercar-amex-768x162.png 768w, https:\/\/www.sylvie-monthule.com\/wp-content\/uploads\/2023\/06\/logo-visa-mastercar-amex-600x126.png 600w, https:\/\/www.sylvie-monthule.com\/wp-content\/uploads\/2023\/06\/logo-visa-mastercar-amex.png 1236w\" sizes=\"auto, (max-width: 181px) 100vw, 181px\" \/><\/p>\n<p>We have chosen the bank &#8220;Soci\u00e9t\u00e9 G\u00e9n\u00e9rale&#8221;\u00a0 for the security and encryption of your banking information.<br \/>\nYour bank details are encrypted and our company does not have access to your bank details. The \u201c3D Secure\u201d authentication system<br \/>\nensures maximum security by sending you a code by SMS to ensure that it is you who is making an online purchase.<br \/>\nWe send you an e-mail to confirm the checkout process of your payment.<br \/>\nOrders placed by credit card are processed the same day or the next day.<\/p>\n<h2><span style=\"color: #ff00ff;\">You can pay by bank transfer.<\/span><\/h2>\n<p>At reception of your order, we send you an e-mail<br \/>\nwith the amount of your order and our bank informations.<br \/>\nOrders placed by bank transfer are shipped at reception of your payment<\/p>\n","protected":false},"excerpt":{"rendered":"<p>Yours payments by credit card are completely secured BY BANK &#8220;SOCIETE GENERALE&#8221; We have chosen the bank &#8220;Soci\u00e9t\u00e9 G\u00e9n\u00e9rale&#8221;\u00a0 for the security and encryption of your banking information. Your bank details are encrypted and our company does not have access to your bank details. The \u201c3D Secure\u201d authentication system ensures maximum security by sending you [&hellip;]<\/p>\n","protected":false},"author":9379,"featured_media":0,"parent":0,"menu_order":0,"comment_status":"closed","ping_status":"closed","template":"","meta":{"_acf_changed":false,"footnotes":""},"class_list":["post-15783","page","type-page","status-publish","hentry"],"acf":[],"_links":{"self":[{"href":"https:\/\/www.sylvie-monthule.com\/en\/wp-json\/wp\/v2\/pages\/15783","targetHints":{"allow":["GET"]}}],"collection":[{"href":"https:\/\/www.sylvie-monthule.com\/en\/wp-json\/wp\/v2\/pages"}],"about":[{"href":"https:\/\/www.sylvie-monthule.com\/en\/wp-json\/wp\/v2\/types\/page"}],"author":[{"embeddable":true,"href":"https:\/\/www.sylvie-monthule.com\/en\/wp-json\/wp\/v2\/users\/9379"}],"replies":[{"embeddable":true,"href":"https:\/\/www.sylvie-monthule.com\/en\/wp-json\/wp\/v2\/comments?post=15783"}],"version-history":[{"count":23,"href":"https:\/\/www.sylvie-monthule.com\/en\/wp-json\/wp\/v2\/pages\/15783\/revisions"}],"predecessor-version":[{"id":141169,"href":"https:\/\/www.sylvie-monthule.com\/en\/wp-json\/wp\/v2\/pages\/15783\/revisions\/141169"}],"wp:attachment":[{"href":"https:\/\/www.sylvie-monthule.com\/en\/wp-json\/wp\/v2\/media?parent=15783"}],"curies":[{"name":"wp","href":"https:\/\/api.w.org\/{rel}","templated":true}]}}