{"id":99997,"date":"2020-11-08T10:28:30","date_gmt":"2020-11-07T10:28:30","guid":{"rendered":"https:\/\/www.sylvie-monthule.com\/?post_type=product&#038;p=99997\/"},"modified":"2025-02-17T08:47:21","modified_gmt":"2025-02-17T07:47:21","slug":"brustkette-hieroglyphe-der-liebe-gold","status":"publish","type":"product","link":"https:\/\/www.sylvie-monthule.com\/de\/juwel\/brustkette-hieroglyphe-der-liebe-gold\/","title":{"rendered":"Brustkette \u201eHieroglyphe der Liebe\u201c Gold"},"content":{"rendered":"<p style=\"text-align: justify;\">Eine bet\u00f6rende Hieroglyphe ziert Ihr Dekollet\u00e9, wie eine geheime Botschaft, Worte der Liebe. Unter dem Stoff liebkosen Fl\u00fcsse aus Gold Ihre Brust, folgen den Rundungen Ihrer Br\u00fcste. Aufgeh\u00e4ngt an Ihren Brustwarzen, lassen Augen aus Gold, die Horusaugen, sublim und erregend ihre Perlen auf der zarten Haut tanzen! Ein herrlicher Brustschmuck.<\/p>\n","protected":false},"excerpt":{"rendered":"<p>Mit der verstellbaren Kette am<br \/>\nHals justieren Sie Ihr Brust-Collier nach Belieben.<br \/>\n\u201eBrustbefestigungen\u201c ohne Piercing, gleitend,<br \/>\nf\u00fcr alle Brustwarzengr\u00f6\u00dfen geeignet.<\/p>\n<p>Hochwertige Vergoldung 1 Mikron<br \/>\n16 Karat und Finish 24 Karat.<br \/>\nH\u00e4matitperlen. Hypoallergen.<\/p>\n<p>&nbsp;<\/p>\n","protected":false},"featured_media":99596,"template":"","meta":{"_acf_changed":false},"product_brand":[],"product_cat":[1683,1692],"product_tag":[],"class_list":{"0":"post-99997","1":"product","2":"type-product","3":"status-publish","4":"has-post-thumbnail","6":"product_cat-schmuck-fur-sie","7":"product_cat-brustschmuck-ohne-piercing","8":"collection-der-atem-der-sinnlichkeit","10":"first","11":"instock","12":"taxable","13":"shipping-taxable","14":"purchasable","15":"product-type-simple"},"acf":[],"_links":{"self":[{"href":"https:\/\/www.sylvie-monthule.com\/de\/wp-json\/wp\/v2\/product\/99997","targetHints":{"allow":["GET"]}}],"collection":[{"href":"https:\/\/www.sylvie-monthule.com\/de\/wp-json\/wp\/v2\/product"}],"about":[{"href":"https:\/\/www.sylvie-monthule.com\/de\/wp-json\/wp\/v2\/types\/product"}],"wp:featuredmedia":[{"embeddable":true,"href":"https:\/\/www.sylvie-monthule.com\/de\/wp-json\/wp\/v2\/media\/99596"}],"wp:attachment":[{"href":"https:\/\/www.sylvie-monthule.com\/de\/wp-json\/wp\/v2\/media?parent=99997"}],"wp:term":[{"taxonomy":"product_brand","embeddable":true,"href":"https:\/\/www.sylvie-monthule.com\/de\/wp-json\/wp\/v2\/product_brand?post=99997"},{"taxonomy":"product_cat","embeddable":true,"href":"https:\/\/www.sylvie-monthule.com\/de\/wp-json\/wp\/v2\/product_cat?post=99997"},{"taxonomy":"product_tag","embeddable":true,"href":"https:\/\/www.sylvie-monthule.com\/de\/wp-json\/wp\/v2\/product_tag?post=99997"}],"curies":[{"name":"wp","href":"https:\/\/api.w.org\/{rel}","templated":true}]}}