{"id":99987,"date":"2020-11-08T10:28:32","date_gmt":"2020-11-07T10:28:32","guid":{"rendered":"https:\/\/www.sylvie-monthule.com\/?post_type=product&#038;p=99987\/"},"modified":"2025-02-17T08:47:20","modified_gmt":"2025-02-17T07:47:20","slug":"brustkette-heilige-kobra-silber","status":"publish","type":"product","link":"https:\/\/www.sylvie-monthule.com\/de\/juwel\/brustkette-heilige-kobra-silber\/","title":{"rendered":"Brustkette heilige Kobra Silber"},"content":{"rendered":"<p style=\"text-align: justify;\">Eine majest\u00e4tische Kobra in Schwarz und Silber richtet sich zwischen Ihren Br\u00fcsten auf und enth\u00fcllt die Macht Ihrer Wollust. Die sinnlichen Bewegungen der Ketten, die \u00fcber Ihre Brust gleiten, gleichen wohligen Wogen \u2026, und schwarz-silbernes Schimmern legt sich auf Ihre erregten Brustwarzen \u2026 Niemand vermag dem magischen Anblick dieser provokanten Kobra zu widerstehen, die Ihren K\u00f6rper liebkost!<\/p>\n","protected":false},"excerpt":{"rendered":"<p>Mit der verstellbaren Kette am<br \/>\nHals justieren Sie Ihr Brust-Collier nach Belieben.<br \/>\n\u201eBrustbefestigungen\u201c ohne Piercing, gleitend,<br \/>\nf\u00fcr alle Brustwarzengr\u00f6\u00dfen<br \/>\ngeeignet.<\/p>\n<p>Silber 10 Mikron auf Metall.<br \/>\nSchwarze Emaille. Schwarze Steine.<br \/>\nHypoallergen.<\/p>\n<p>&nbsp;<\/p>\n","protected":false},"featured_media":99668,"template":"","meta":{"_acf_changed":false},"product_brand":[],"product_cat":[1683,1692],"product_tag":[],"class_list":{"0":"post-99987","1":"product","2":"type-product","3":"status-publish","4":"has-post-thumbnail","6":"product_cat-schmuck-fur-sie","7":"product_cat-brustschmuck-ohne-piercing","8":"collection-30-jahre-erotik","9":"collection-der-atem-der-sinnlichkeit","11":"first","12":"instock","13":"taxable","14":"shipping-taxable","15":"purchasable","16":"product-type-simple"},"acf":[],"_links":{"self":[{"href":"https:\/\/www.sylvie-monthule.com\/de\/wp-json\/wp\/v2\/product\/99987","targetHints":{"allow":["GET"]}}],"collection":[{"href":"https:\/\/www.sylvie-monthule.com\/de\/wp-json\/wp\/v2\/product"}],"about":[{"href":"https:\/\/www.sylvie-monthule.com\/de\/wp-json\/wp\/v2\/types\/product"}],"wp:featuredmedia":[{"embeddable":true,"href":"https:\/\/www.sylvie-monthule.com\/de\/wp-json\/wp\/v2\/media\/99668"}],"wp:attachment":[{"href":"https:\/\/www.sylvie-monthule.com\/de\/wp-json\/wp\/v2\/media?parent=99987"}],"wp:term":[{"taxonomy":"product_brand","embeddable":true,"href":"https:\/\/www.sylvie-monthule.com\/de\/wp-json\/wp\/v2\/product_brand?post=99987"},{"taxonomy":"product_cat","embeddable":true,"href":"https:\/\/www.sylvie-monthule.com\/de\/wp-json\/wp\/v2\/product_cat?post=99987"},{"taxonomy":"product_tag","embeddable":true,"href":"https:\/\/www.sylvie-monthule.com\/de\/wp-json\/wp\/v2\/product_tag?post=99987"}],"curies":[{"name":"wp","href":"https:\/\/api.w.org\/{rel}","templated":true}]}}