{"id":99968,"date":"2020-11-08T10:28:38","date_gmt":"2020-11-07T10:28:38","guid":{"rendered":"https:\/\/www.sylvie-monthule.com\/?post_type=product&#038;p=99968\/"},"modified":"2025-02-27T14:26:41","modified_gmt":"2025-02-27T13:26:41","slug":"anhanger-skarabaus-silber","status":"publish","type":"product","link":"https:\/\/www.sylvie-monthule.com\/de\/juwel\/anhanger-skarabaus-silber\/","title":{"rendered":"Anh\u00e4nger Skarab\u00e4us Silber"},"content":{"rendered":"<p>Ein geheimnisvoller Skarab\u00e4us-Anh\u00e4nger schm\u00fcckt Ihren Hals. In Silber und Schwarz zieht er die Blicke auf sich und steigert Ihre Sch\u00f6nheit \u2026<\/p>\n","protected":false},"excerpt":{"rendered":"<p>Anh\u00e4nger mit Kette<br \/>\nvon 50 cm L\u00e4nge (ca.)<br \/>\nSilber 10 Mikron auf Metall.<br \/>\nSchwarze Emaille.<br \/>\nHypoallergen.<\/p>\n","protected":false},"featured_media":99704,"template":"","meta":{"_acf_changed":false},"product_brand":[],"product_cat":[1683,1696],"product_tag":[],"class_list":{"0":"post-99968","1":"product","2":"type-product","3":"status-publish","4":"has-post-thumbnail","6":"product_cat-schmuck-fur-sie","7":"product_cat-halsketten-und-ohrringe","8":"collection-der-atem-der-sinnlichkeit","10":"first","11":"instock","12":"taxable","13":"shipping-taxable","14":"purchasable","15":"product-type-simple"},"acf":[],"_links":{"self":[{"href":"https:\/\/www.sylvie-monthule.com\/de\/wp-json\/wp\/v2\/product\/99968","targetHints":{"allow":["GET"]}}],"collection":[{"href":"https:\/\/www.sylvie-monthule.com\/de\/wp-json\/wp\/v2\/product"}],"about":[{"href":"https:\/\/www.sylvie-monthule.com\/de\/wp-json\/wp\/v2\/types\/product"}],"wp:featuredmedia":[{"embeddable":true,"href":"https:\/\/www.sylvie-monthule.com\/de\/wp-json\/wp\/v2\/media\/99704"}],"wp:attachment":[{"href":"https:\/\/www.sylvie-monthule.com\/de\/wp-json\/wp\/v2\/media?parent=99968"}],"wp:term":[{"taxonomy":"product_brand","embeddable":true,"href":"https:\/\/www.sylvie-monthule.com\/de\/wp-json\/wp\/v2\/product_brand?post=99968"},{"taxonomy":"product_cat","embeddable":true,"href":"https:\/\/www.sylvie-monthule.com\/de\/wp-json\/wp\/v2\/product_cat?post=99968"},{"taxonomy":"product_tag","embeddable":true,"href":"https:\/\/www.sylvie-monthule.com\/de\/wp-json\/wp\/v2\/product_tag?post=99968"}],"curies":[{"name":"wp","href":"https:\/\/api.w.org\/{rel}","templated":true}]}}