{"id":99960,"date":"2020-11-08T10:28:41","date_gmt":"2020-11-07T10:28:41","guid":{"rendered":"https:\/\/www.sylvie-monthule.com\/?post_type=product&#038;p=99960\/"},"modified":"2025-02-17T08:46:48","modified_gmt":"2025-02-17T07:46:48","slug":"schmuckstring-kobra-heimliches-vergnugen-gold","status":"publish","type":"product","link":"https:\/\/www.sylvie-monthule.com\/de\/juwel\/schmuckstring-kobra-heimliches-vergnugen-gold\/","title":{"rendered":"Schmuckstring \u201eKobra heimliches Vergn\u00fcgen\u201c Gold"},"content":{"rendered":"<p style=\"text-align: justify;\">Ein Kobraschmuck in Schwarz und Gold richtet sich auf ihrem Schambereich auf! Sie bewundern ihre Sch\u00f6nheit, ihre Details, ihre Sanftheit. Ihre W\u00f6lbung auf der Haut ist so sinnlich \u2026 Unterhalb der Schlange f\u00fchren goldene Ketten beiderseits Ihres blo\u00dfen Geschlechts vorbei, wie ein heiliger Fluss. Hin und wieder laden Ihre Finger den Anh\u00e4nger aus massiven Kugeln dazu ein, Ihre Geheimnisse zu liebkosen, dar\u00fcber, darunter, darin \u2026 Die H\u00e4matite gleiten zwischen Ihre Schamlippen, pulsieren auf Ihrer Klitoris, erregen Ihr gesamtes Geschlecht \u2026 Ein Schmuckstring mit Kobra von sublimer Erotik!<\/p>\n","protected":false},"excerpt":{"rendered":"<p>Dank der elastischen Halterungen<br \/>\naus weicher Baumwolle kann der Kobra-String<br \/>\nperfekt platziert werden.<\/p>\n<p>Hohe Vergoldung 1 Mikron 16 Karat<br \/>\nund Finish 24 Karat auf Metall.<br \/>\nSchwarze Emaille. Abnehmbarer Anh\u00e4nger<br \/>\nmit H\u00e4matitkugeln.<br \/>\nHypoallergen.<\/p>\n","protected":false},"featured_media":99816,"template":"","meta":{"_acf_changed":false},"product_brand":[],"product_cat":[1683,1698,1695],"product_tag":[],"class_list":{"0":"post-99960","1":"product","2":"type-product","3":"status-publish","4":"has-post-thumbnail","6":"product_cat-schmuck-fur-sie","7":"product_cat-schmuckstrings","8":"product_cat-stimulierender-und-penetrierender-schmuck","9":"collection-der-atem-der-sinnlichkeit","10":"product_option-size-information-de","12":"first","13":"instock","14":"taxable","15":"shipping-taxable","16":"purchasable","17":"product-type-simple"},"acf":[],"_links":{"self":[{"href":"https:\/\/www.sylvie-monthule.com\/de\/wp-json\/wp\/v2\/product\/99960","targetHints":{"allow":["GET"]}}],"collection":[{"href":"https:\/\/www.sylvie-monthule.com\/de\/wp-json\/wp\/v2\/product"}],"about":[{"href":"https:\/\/www.sylvie-monthule.com\/de\/wp-json\/wp\/v2\/types\/product"}],"wp:featuredmedia":[{"embeddable":true,"href":"https:\/\/www.sylvie-monthule.com\/de\/wp-json\/wp\/v2\/media\/99816"}],"wp:attachment":[{"href":"https:\/\/www.sylvie-monthule.com\/de\/wp-json\/wp\/v2\/media?parent=99960"}],"wp:term":[{"taxonomy":"product_brand","embeddable":true,"href":"https:\/\/www.sylvie-monthule.com\/de\/wp-json\/wp\/v2\/product_brand?post=99960"},{"taxonomy":"product_cat","embeddable":true,"href":"https:\/\/www.sylvie-monthule.com\/de\/wp-json\/wp\/v2\/product_cat?post=99960"},{"taxonomy":"product_tag","embeddable":true,"href":"https:\/\/www.sylvie-monthule.com\/de\/wp-json\/wp\/v2\/product_tag?post=99960"}],"curies":[{"name":"wp","href":"https:\/\/api.w.org\/{rel}","templated":true}]}}