{"id":99957,"date":"2020-11-08T10:28:42","date_gmt":"2020-11-07T10:28:42","guid":{"rendered":"https:\/\/www.sylvie-monthule.com\/?post_type=product&#038;p=99957\/"},"modified":"2025-02-17T08:46:47","modified_gmt":"2025-02-17T07:46:47","slug":"schmuckstring-kobra-heimliches-vergnugen-silber","status":"publish","type":"product","link":"https:\/\/www.sylvie-monthule.com\/de\/juwel\/schmuckstring-kobra-heimliches-vergnugen-silber\/","title":{"rendered":"Schmuckstring \u201eKobra heimliches Vergn\u00fcgen\u201c Silber"},"content":{"rendered":"<p style=\"text-align: justify;\">Ein Kobraschmuck in Schwarz und Silber richtet sich auf ihrem Schambereich auf! Sie bewundern ihre Sch\u00f6nheit, ihre Details, ihre Sanftheit. Ihre W\u00f6lbung auf der Haut ist so sinnlich \u2026 Unterhalb der Schlange f\u00fchren silberne Ketten beiderseits Ihres blo\u00dfen Geschlechts vorbei, wie ein heiliger Fluss. Hin und wieder laden Ihre Finger den Anh\u00e4nger aus massiven Kugeln dazu ein, Ihre Geheimnisse zu liebkosen, dar\u00fcber, darunter, darin \u2026 Die H\u00e4matite gleiten zwischen Ihre Schamlippen, pulsieren auf Ihrer Klitoris, erregen Ihr gesamtes Geschlecht \u2026 Ein Schmuckstring mit Kobra von sublimer Erotik!<\/p>\n","protected":false},"excerpt":{"rendered":"<p>Dank der elastischen Halterungen aus<br \/>\nweicher Baumwolle kann der Kobra-String<br \/>\nperfekt platziert werden.<\/p>\n<p>Silber 10 Mikron auf Metall.<br \/>\nSchwarze Emaille. Abnehmbarer Anh\u00e4nger<br \/>\nmit H\u00e4matitkugeln.<br \/>\nHypoallergen.<\/p>\n","protected":false},"featured_media":99844,"template":"","meta":{"_acf_changed":false},"product_brand":[],"product_cat":[1683,1698,1695],"product_tag":[],"class_list":{"0":"post-99957","1":"product","2":"type-product","3":"status-publish","4":"has-post-thumbnail","6":"product_cat-schmuck-fur-sie","7":"product_cat-schmuckstrings","8":"product_cat-stimulierender-und-penetrierender-schmuck","9":"collection-30-jahre-erotik","10":"collection-der-atem-der-sinnlichkeit","11":"product_option-size-information-de","13":"first","14":"instock","15":"taxable","16":"shipping-taxable","17":"purchasable","18":"product-type-simple"},"acf":[],"_links":{"self":[{"href":"https:\/\/www.sylvie-monthule.com\/de\/wp-json\/wp\/v2\/product\/99957","targetHints":{"allow":["GET"]}}],"collection":[{"href":"https:\/\/www.sylvie-monthule.com\/de\/wp-json\/wp\/v2\/product"}],"about":[{"href":"https:\/\/www.sylvie-monthule.com\/de\/wp-json\/wp\/v2\/types\/product"}],"wp:featuredmedia":[{"embeddable":true,"href":"https:\/\/www.sylvie-monthule.com\/de\/wp-json\/wp\/v2\/media\/99844"}],"wp:attachment":[{"href":"https:\/\/www.sylvie-monthule.com\/de\/wp-json\/wp\/v2\/media?parent=99957"}],"wp:term":[{"taxonomy":"product_brand","embeddable":true,"href":"https:\/\/www.sylvie-monthule.com\/de\/wp-json\/wp\/v2\/product_brand?post=99957"},{"taxonomy":"product_cat","embeddable":true,"href":"https:\/\/www.sylvie-monthule.com\/de\/wp-json\/wp\/v2\/product_cat?post=99957"},{"taxonomy":"product_tag","embeddable":true,"href":"https:\/\/www.sylvie-monthule.com\/de\/wp-json\/wp\/v2\/product_tag?post=99957"}],"curies":[{"name":"wp","href":"https:\/\/api.w.org\/{rel}","templated":true}]}}