{"id":85448,"date":"2020-01-16T15:07:04","date_gmt":"2020-01-16T14:49:45","guid":{"rendered":"https:\/\/www.sylvie-monthule.com\/?post_type=product&#038;p=85448\/"},"modified":"2025-02-17T08:47:24","modified_gmt":"2025-02-17T07:47:24","slug":"nippelschmuck-silbertropfen-und-kristalle-blaue","status":"publish","type":"product","link":"https:\/\/www.sylvie-monthule.com\/de\/juwel\/nippelschmuck-silbertropfen-und-kristalle-blaue\/","title":{"rendered":"Nippelschmuck Silbertropfen und Kristalle blaue"},"content":{"rendered":"<p style=\"text-align: justify;\">Zwei pr\u00e4chtige Tropfen wiegen unter Ihren Nippels, zwei silberne Tr\u00e4nen, die mit einem sch\u00f6nen blauen Kristall verziert sind! An Ihren Brustwarzen h\u00e4ngend tanzen sie und streicheln die exquisite Rundung Ihrer Br\u00fcste. Die facettierten blauen Kristalle funkeln und spielen mit dem Licht&#8230; Zwei &#8222;Tropfen Juwelen&#8220; ohne Piercing, die Ihre Br\u00fcste sublimieren, zwei Nippel-Anh\u00e4nger zum Verf\u00fchren!<\/p>\n","protected":false},"excerpt":{"rendered":"<p>Brustwarzenschmuck ohne Piercing-System.<br \/>\nSchiebesystem, das sich an den Durchmesser des Nippels anpasst.<\/p>\n<p>Tropfen und blaue Kristalle (facettierte Kristalle)<br \/>\nSilber 10 Mikrometer auf Metall<br \/>\nHypoallergen.<\/p>\n","protected":false},"featured_media":85380,"template":"","meta":{"_acf_changed":false},"product_brand":[],"product_cat":[1683,1692],"product_tag":[],"class_list":{"0":"post-85448","1":"product","2":"type-product","3":"status-publish","4":"has-post-thumbnail","6":"product_cat-schmuck-fur-sie","7":"product_cat-brustschmuck-ohne-piercing","8":"product_option-sold-in-pairs-de","10":"first","11":"instock","12":"taxable","13":"shipping-taxable","14":"purchasable","15":"product-type-simple"},"acf":[],"_links":{"self":[{"href":"https:\/\/www.sylvie-monthule.com\/de\/wp-json\/wp\/v2\/product\/85448","targetHints":{"allow":["GET"]}}],"collection":[{"href":"https:\/\/www.sylvie-monthule.com\/de\/wp-json\/wp\/v2\/product"}],"about":[{"href":"https:\/\/www.sylvie-monthule.com\/de\/wp-json\/wp\/v2\/types\/product"}],"wp:featuredmedia":[{"embeddable":true,"href":"https:\/\/www.sylvie-monthule.com\/de\/wp-json\/wp\/v2\/media\/85380"}],"wp:attachment":[{"href":"https:\/\/www.sylvie-monthule.com\/de\/wp-json\/wp\/v2\/media?parent=85448"}],"wp:term":[{"taxonomy":"product_brand","embeddable":true,"href":"https:\/\/www.sylvie-monthule.com\/de\/wp-json\/wp\/v2\/product_brand?post=85448"},{"taxonomy":"product_cat","embeddable":true,"href":"https:\/\/www.sylvie-monthule.com\/de\/wp-json\/wp\/v2\/product_cat?post=85448"},{"taxonomy":"product_tag","embeddable":true,"href":"https:\/\/www.sylvie-monthule.com\/de\/wp-json\/wp\/v2\/product_tag?post=85448"}],"curies":[{"name":"wp","href":"https:\/\/api.w.org\/{rel}","templated":true}]}}