{"id":85441,"date":"2020-01-16T15:04:56","date_gmt":"2020-01-16T14:51:25","guid":{"rendered":"https:\/\/www.sylvie-monthule.com\/?post_type=product&#038;p=85441\/"},"modified":"2025-02-17T08:47:08","modified_gmt":"2025-02-17T07:47:08","slug":"klitoris-tropfenjuwel-silber-mit-strass","status":"publish","type":"product","link":"https:\/\/www.sylvie-monthule.com\/de\/juwel\/klitoris-tropfenjuwel-silber-mit-strass\/","title":{"rendered":"Klitoris-Tropfenjuwel Silber mit Strass"},"content":{"rendered":"<p>Sylvie Monthul\u00e9 stellt den neuen Klitorisschmuck, versilbert, mit blauen Kristallen. Dieses Juwel passt bequem in Ihr Geschlecht und f\u00e4ngt Ihre Klitoris .Ihre Klitoris erregt sich! Der Tropfenanh\u00e4nger streichelt die Klitoris&#8230; Eine sehr erotische und aufregende Kreation! Ein sehr sch\u00f6nes und elegantes Juwel mit funkelnden Kristallen.<\/p>\n","protected":false},"excerpt":{"rendered":"<p>Klitoris-Juwel. Sehr komfortabel.<br \/>\nSilber 10 Mikrons auf Metall mit facettierten Kristallen,<br \/>\nsaphirblaue Farbe.<\/p>\n<p>Elastische Baumwolle.<br \/>\nVon Hand waschbar.<br \/>\nHypoallergen<\/p>\n","protected":false},"featured_media":85420,"template":"","meta":{"_acf_changed":false},"product_brand":[],"product_cat":[1683,1689],"product_tag":[],"class_list":{"0":"post-85441","1":"product","2":"type-product","3":"status-publish","4":"has-post-thumbnail","6":"product_cat-schmuck-fur-sie","7":"product_cat-klitoris-schmuck","8":"product_option-size-information-de","10":"first","11":"instock","12":"taxable","13":"shipping-taxable","14":"purchasable","15":"product-type-simple"},"acf":[],"_links":{"self":[{"href":"https:\/\/www.sylvie-monthule.com\/de\/wp-json\/wp\/v2\/product\/85441","targetHints":{"allow":["GET"]}}],"collection":[{"href":"https:\/\/www.sylvie-monthule.com\/de\/wp-json\/wp\/v2\/product"}],"about":[{"href":"https:\/\/www.sylvie-monthule.com\/de\/wp-json\/wp\/v2\/types\/product"}],"wp:featuredmedia":[{"embeddable":true,"href":"https:\/\/www.sylvie-monthule.com\/de\/wp-json\/wp\/v2\/media\/85420"}],"wp:attachment":[{"href":"https:\/\/www.sylvie-monthule.com\/de\/wp-json\/wp\/v2\/media?parent=85441"}],"wp:term":[{"taxonomy":"product_brand","embeddable":true,"href":"https:\/\/www.sylvie-monthule.com\/de\/wp-json\/wp\/v2\/product_brand?post=85441"},{"taxonomy":"product_cat","embeddable":true,"href":"https:\/\/www.sylvie-monthule.com\/de\/wp-json\/wp\/v2\/product_cat?post=85441"},{"taxonomy":"product_tag","embeddable":true,"href":"https:\/\/www.sylvie-monthule.com\/de\/wp-json\/wp\/v2\/product_tag?post=85441"}],"curies":[{"name":"wp","href":"https:\/\/api.w.org\/{rel}","templated":true}]}}