{"id":81503,"date":"2019-11-13T10:40:24","date_gmt":"2019-11-12T10:40:24","guid":{"rendered":"https:\/\/www.sylvie-monthule.com\/?post_type=product&#038;p=81503\/"},"modified":"2025-02-17T08:47:03","modified_gmt":"2025-02-17T07:47:03","slug":"schmuck-string-mit-schmetterlingen-hoehepunkt-der-sinne-goldfarben","status":"publish","type":"product","link":"https:\/\/www.sylvie-monthule.com\/de\/juwel\/schmuck-string-mit-schmetterlingen-hoehepunkt-der-sinne-goldfarben\/","title":{"rendered":"Schmuck-String mit Schmetterlingen \u201eH\u00f6hepunkt der Sinne\u201c goldfarben"},"content":{"rendered":"<p>Dieser Schmuck-String sorgt f\u00fcr einen \u00dcberraschungseffekt. Mit zwei Profil-Schmetterlingen, in goldfarben und rot, die sich auf Ihrem Intimbereich vereinen. Die wundervollen Fl\u00fcgel verschmelzen in ein leuchtendes rot und lassen hier und da die Schamgegend durchscheinen&#8230; Sich der intimen Z\u00e4rtlichkeit hingeben, dem Flattern der Schmetterlinge und sich von der Lust berauschen lassen, wenn sich die Freiz\u00fcgigkeit dieses Schmuck-Strings mit Ihrem Frauenduft vereint&#8230;wenn die Perlen mit Ihren Lippen spielen! Ein erotisches Schmuckst\u00fcck, dass als Rausch f\u00fcr die Sinne kreiert wurde. Bis zum roten Splitter, an Ihrem unteren R\u00fccken.<\/p>\n","protected":false},"excerpt":{"rendered":"<p>Dank der elastischen Halterungen aus weicher Baumwolle, kann der Schmuck-String perfekt platziert werden.<\/p>\n<p>Hohe Vergoldung 1 Mikron 16 Karat und Finish 24 Karat auf Metall Rot emailliert. Roter Stein am R\u00fccken. Hypoallergen.<\/p>\n","protected":false},"featured_media":80972,"template":"","meta":{"_acf_changed":false},"product_brand":[],"product_cat":[1683,1698],"product_tag":[],"class_list":{"0":"post-81503","1":"product","2":"type-product","3":"status-publish","4":"has-post-thumbnail","6":"product_cat-schmuck-fur-sie","7":"product_cat-schmuckstrings","8":"collection-schmuck-schwindel-der-sinne","9":"product_option-size-information-de","11":"first","12":"instock","13":"taxable","14":"shipping-taxable","15":"purchasable","16":"product-type-simple"},"acf":[],"_links":{"self":[{"href":"https:\/\/www.sylvie-monthule.com\/de\/wp-json\/wp\/v2\/product\/81503","targetHints":{"allow":["GET"]}}],"collection":[{"href":"https:\/\/www.sylvie-monthule.com\/de\/wp-json\/wp\/v2\/product"}],"about":[{"href":"https:\/\/www.sylvie-monthule.com\/de\/wp-json\/wp\/v2\/types\/product"}],"wp:featuredmedia":[{"embeddable":true,"href":"https:\/\/www.sylvie-monthule.com\/de\/wp-json\/wp\/v2\/media\/80972"}],"wp:attachment":[{"href":"https:\/\/www.sylvie-monthule.com\/de\/wp-json\/wp\/v2\/media?parent=81503"}],"wp:term":[{"taxonomy":"product_brand","embeddable":true,"href":"https:\/\/www.sylvie-monthule.com\/de\/wp-json\/wp\/v2\/product_brand?post=81503"},{"taxonomy":"product_cat","embeddable":true,"href":"https:\/\/www.sylvie-monthule.com\/de\/wp-json\/wp\/v2\/product_cat?post=81503"},{"taxonomy":"product_tag","embeddable":true,"href":"https:\/\/www.sylvie-monthule.com\/de\/wp-json\/wp\/v2\/product_tag?post=81503"}],"curies":[{"name":"wp","href":"https:\/\/api.w.org\/{rel}","templated":true}]}}