{"id":81485,"date":"2019-11-13T10:40:28","date_gmt":"2019-11-12T10:40:28","guid":{"rendered":"https:\/\/www.sylvie-monthule.com\/?post_type=product&#038;p=81485\/"},"modified":"2025-02-17T08:47:26","modified_gmt":"2025-02-17T07:47:26","slug":"brust-collier-mit-schmetterlingsflugel-rot-goldfarben","status":"publish","type":"product","link":"https:\/\/www.sylvie-monthule.com\/de\/juwel\/brust-collier-mit-schmetterlingsflugel-rot-goldfarben\/","title":{"rendered":"Brust-Collier mit Schmetterlingsfl\u00fcgel rot-goldfarben"},"content":{"rendered":"<p style=\"text-align: justify;\">Zwischen Ihren Br\u00fcsten gl\u00e4nzt ein goldener Schmetterlingsfl\u00fcgel in tausend roten Farbreflexen. Geschmeidig wie ein Bl\u00fctenblatt, streichelt er Ihre Haut mit Lust! Darunter zwei feine Goldkettchen, die weiter runter ragen, in Ihr Dekollet\u00e9, sinnlich und freiz\u00fcgig, um Ihre Brustwarzen zu umschlingen und einen roten Glanz zu hinterlassen, wie ein Nektartropfen&#8230; Ein Brust-Collier ohne Piercing, das f\u00fcr herrliche Erotik sorgt!<\/p>\n","protected":false},"excerpt":{"rendered":"<p>Durch die anpassbare Kette am Hals<br \/>\nk\u00f6nnen Sie Ihr Brustcollier nach Belieben regulieren.<\/p>\n<p>Hohe Vergoldung 1 Mikron 16 Karat und Finish 24 Karat auf Metall<br \/>\nRot emailliert. Feine Kette. Rote Steine.<br \/>\nHypoallergen.<\/p>\n<p>Brustbefestigung ohne Piercing.<br \/>\nSchmerzlos und gleitend, f\u00fcr alle<br \/>\nBrustwarzengr\u00f6\u00dfen geeignet.<\/p>\n","protected":false},"featured_media":80844,"template":"","meta":{"_acf_changed":false},"product_brand":[],"product_cat":[1683,1692],"product_tag":[],"class_list":{"0":"post-81485","1":"product","2":"type-product","3":"status-publish","4":"has-post-thumbnail","6":"product_cat-schmuck-fur-sie","7":"product_cat-brustschmuck-ohne-piercing","8":"collection-schmuck-schwindel-der-sinne","10":"first","11":"instock","12":"taxable","13":"shipping-taxable","14":"purchasable","15":"product-type-simple"},"acf":[],"_links":{"self":[{"href":"https:\/\/www.sylvie-monthule.com\/de\/wp-json\/wp\/v2\/product\/81485","targetHints":{"allow":["GET"]}}],"collection":[{"href":"https:\/\/www.sylvie-monthule.com\/de\/wp-json\/wp\/v2\/product"}],"about":[{"href":"https:\/\/www.sylvie-monthule.com\/de\/wp-json\/wp\/v2\/types\/product"}],"wp:featuredmedia":[{"embeddable":true,"href":"https:\/\/www.sylvie-monthule.com\/de\/wp-json\/wp\/v2\/media\/80844"}],"wp:attachment":[{"href":"https:\/\/www.sylvie-monthule.com\/de\/wp-json\/wp\/v2\/media?parent=81485"}],"wp:term":[{"taxonomy":"product_brand","embeddable":true,"href":"https:\/\/www.sylvie-monthule.com\/de\/wp-json\/wp\/v2\/product_brand?post=81485"},{"taxonomy":"product_cat","embeddable":true,"href":"https:\/\/www.sylvie-monthule.com\/de\/wp-json\/wp\/v2\/product_cat?post=81485"},{"taxonomy":"product_tag","embeddable":true,"href":"https:\/\/www.sylvie-monthule.com\/de\/wp-json\/wp\/v2\/product_tag?post=81485"}],"curies":[{"name":"wp","href":"https:\/\/api.w.org\/{rel}","templated":true}]}}