{"id":81466,"date":"2019-11-13T10:40:31","date_gmt":"2019-11-12T10:40:31","guid":{"rendered":"https:\/\/www.sylvie-monthule.com\/?post_type=product&#038;p=81466\/"},"modified":"2025-02-17T08:47:02","modified_gmt":"2025-02-17T07:47:02","slug":"schmuck-string-geheime-zartlichkeit-goldfarben","status":"publish","type":"product","link":"https:\/\/www.sylvie-monthule.com\/de\/juwel\/schmuck-string-geheime-zartlichkeit-goldfarben\/","title":{"rendered":"Schmuck-String \u201egeheime Z\u00e4rtlichkeit\u201c goldfarben"},"content":{"rendered":"<p style=\"text-align: justify;\">Stellen Sie sich vor, zwei H\u00e4nde streicheln Ihre Intimregion&#8230; zwei H\u00e4nde aus Gold \u2013 freiz\u00fcgig, die all Ihre Geheimnisse entdecken. Ihre Erscheinung auf Ihrem Schambereich l\u00f6st ein Flattern aus! Sie umschlingen einen transparenten Stein, einen Tropfen der Lust. Ein Tanz der geheimen Z\u00e4rtlichkeiten, die um Ihre Intimzone werben, um Ihre Lippen: Ketten, die die Haut verzieren, flatternde Tropfen, die von Ihren Lippen verschlungen werden, um Sie zu entdecken und Sie zu berauschen!<\/p>\n","protected":false},"excerpt":{"rendered":"<p>Dank der elastischen Halterungen aus weicher Baumwolle,<br \/>\nkann der Schmuck-String perfekt platziert werden.<\/p>\n<p>Hohe Vergoldung 1 Mikron 16 Karat und Finish 24 Karat auf Metall<br \/>\nFeine Kette. Transparenter Stein am R\u00fccken.<br \/>\nHypoallergen.<\/p>\n","protected":false},"featured_media":81028,"template":"","meta":{"_acf_changed":false},"product_brand":[],"product_cat":[1683,1698],"product_tag":[],"class_list":{"0":"post-81466","1":"product","2":"type-product","3":"status-publish","4":"has-post-thumbnail","6":"product_cat-schmuck-fur-sie","7":"product_cat-schmuckstrings","8":"collection-30-jahre-erotik","9":"collection-schmuck-schwindel-der-sinne","10":"product_option-size-information-de","12":"first","13":"instock","14":"taxable","15":"shipping-taxable","16":"purchasable","17":"product-type-simple"},"acf":[],"_links":{"self":[{"href":"https:\/\/www.sylvie-monthule.com\/de\/wp-json\/wp\/v2\/product\/81466","targetHints":{"allow":["GET"]}}],"collection":[{"href":"https:\/\/www.sylvie-monthule.com\/de\/wp-json\/wp\/v2\/product"}],"about":[{"href":"https:\/\/www.sylvie-monthule.com\/de\/wp-json\/wp\/v2\/types\/product"}],"wp:featuredmedia":[{"embeddable":true,"href":"https:\/\/www.sylvie-monthule.com\/de\/wp-json\/wp\/v2\/media\/81028"}],"wp:attachment":[{"href":"https:\/\/www.sylvie-monthule.com\/de\/wp-json\/wp\/v2\/media?parent=81466"}],"wp:term":[{"taxonomy":"product_brand","embeddable":true,"href":"https:\/\/www.sylvie-monthule.com\/de\/wp-json\/wp\/v2\/product_brand?post=81466"},{"taxonomy":"product_cat","embeddable":true,"href":"https:\/\/www.sylvie-monthule.com\/de\/wp-json\/wp\/v2\/product_cat?post=81466"},{"taxonomy":"product_tag","embeddable":true,"href":"https:\/\/www.sylvie-monthule.com\/de\/wp-json\/wp\/v2\/product_tag?post=81466"}],"curies":[{"name":"wp","href":"https:\/\/api.w.org\/{rel}","templated":true}]}}