{"id":81458,"date":"2019-11-13T10:40:32","date_gmt":"2019-11-12T10:40:32","guid":{"rendered":"https:\/\/www.sylvie-monthule.com\/?post_type=product&#038;p=81458\/"},"modified":"2025-02-17T08:47:25","modified_gmt":"2025-02-17T07:47:25","slug":"brust-schmuck-kristall-silberfarben","status":"publish","type":"product","link":"https:\/\/www.sylvie-monthule.com\/de\/juwel\/brust-schmuck-kristall-silberfarben\/","title":{"rendered":"Brust-Schmuck Kristall-silberfarben"},"content":{"rendered":"<p>Ein blauer Kristall unter Ihrer Brustwarze, der in tausend Facetten glitzert! Ihre Brust wird mit einem silbernen Schmuckst\u00fcck verziert, so sexy und raffiniert. Die feine h\u00e4ngende Kette ist mit blauen Steinen verziert und schwingt vor Lust, sobald sich Ihre Br\u00fcste bewegen&#8230;Das Silber streichelt Ihre Br\u00fcste.<\/p>\n","protected":false},"excerpt":{"rendered":"<p>Brustbefestigung ohne Piercing.<br \/>\nSchmerzlos und gleitend, f\u00fcr alle<br \/>\nBrustwarzengr\u00f6\u00dfen geeignet.<\/p>\n<p>Silber 10 Mikrons auf Metall.<br \/>\nBlaue Steine und Ketten.<br \/>\nHypoallergen.<\/p>\n","protected":false},"featured_media":80552,"template":"","meta":{"_acf_changed":false},"product_brand":[],"product_cat":[1683,1692],"product_tag":[],"class_list":{"0":"post-81458","1":"product","2":"type-product","3":"status-publish","4":"has-post-thumbnail","6":"product_cat-schmuck-fur-sie","7":"product_cat-brustschmuck-ohne-piercing","8":"collection-schmuck-schwindel-der-sinne","9":"product_option-sold-in-pairs-de","11":"first","12":"instock","13":"taxable","14":"shipping-taxable","15":"purchasable","16":"product-type-simple"},"acf":[],"_links":{"self":[{"href":"https:\/\/www.sylvie-monthule.com\/de\/wp-json\/wp\/v2\/product\/81458","targetHints":{"allow":["GET"]}}],"collection":[{"href":"https:\/\/www.sylvie-monthule.com\/de\/wp-json\/wp\/v2\/product"}],"about":[{"href":"https:\/\/www.sylvie-monthule.com\/de\/wp-json\/wp\/v2\/types\/product"}],"wp:featuredmedia":[{"embeddable":true,"href":"https:\/\/www.sylvie-monthule.com\/de\/wp-json\/wp\/v2\/media\/80552"}],"wp:attachment":[{"href":"https:\/\/www.sylvie-monthule.com\/de\/wp-json\/wp\/v2\/media?parent=81458"}],"wp:term":[{"taxonomy":"product_brand","embeddable":true,"href":"https:\/\/www.sylvie-monthule.com\/de\/wp-json\/wp\/v2\/product_brand?post=81458"},{"taxonomy":"product_cat","embeddable":true,"href":"https:\/\/www.sylvie-monthule.com\/de\/wp-json\/wp\/v2\/product_cat?post=81458"},{"taxonomy":"product_tag","embeddable":true,"href":"https:\/\/www.sylvie-monthule.com\/de\/wp-json\/wp\/v2\/product_tag?post=81458"}],"curies":[{"name":"wp","href":"https:\/\/api.w.org\/{rel}","templated":true}]}}