{"id":81450,"date":"2019-11-13T10:40:34","date_gmt":"2019-11-12T10:40:34","guid":{"rendered":"https:\/\/www.sylvie-monthule.com\/?post_type=product&#038;p=81450\/"},"modified":"2026-01-18T09:31:20","modified_gmt":"2026-01-18T08:31:20","slug":"brust-collier-geheime-zartlichkeit-goldfarben","status":"publish","type":"product","link":"https:\/\/www.sylvie-monthule.com\/de\/juwel\/brust-collier-geheime-zartlichkeit-goldfarben\/","title":{"rendered":"Brust-Collier \u201egeheime Z\u00e4rtlichkeit\u201c goldfarben"},"content":{"rendered":"<p style=\"text-align: justify;\">Eine freiz\u00fcgige Hand rutscht zwischen Ihre Br\u00fcste um einen glitzernden Kristall zu fassen&#8230; In Ihrem Dekollet\u00e9 streichelt sie eine goldene Hand. Die feinen Finger lassen auf sinnliche Weise goldene Ketten entgleiten, die lustvoll<br \/>\ndie Rundungen Ihrer Br\u00fcste umschlingen, um zuletzt die Kristalle Ihrer Brustwarzen zu erreichen! Ein Brust-Schmuck ohne Piercing, wie eine sinnliche Umarmung, eine geheime Z\u00e4rtlichkeit! Dieser Strass, der sich unter Ihren Brustwarzen versteckt, einfach sch\u00f6n! Dieses Collier, so sexy und erotisch!<\/p>\n","protected":false},"excerpt":{"rendered":"<p>Durch die anpassbare Kette am Hals,<br \/>\nk\u00f6nnen Sie Ihr Brust-Collier nach Belieben justieren.<\/p>\n<p>Hochwertige Vergoldung 1 Mikron<br \/>\n16 Karat und Finish 24 Karat.<br \/>\nFacettenkristalle. Hypoallergen.<\/p>\n<p>Brustbefestigung ohne Piercing, schmerzlos und<br \/>\ngleitend, f\u00fcr alle Brustwarzengr\u00f6\u00dfen<br \/>\ngeeignet.<\/p>\n","protected":false},"featured_media":80884,"template":"","meta":{"_acf_changed":false},"product_brand":[],"product_cat":[1683,1692],"product_tag":[],"class_list":{"0":"post-81450","1":"product","2":"type-product","3":"status-publish","4":"has-post-thumbnail","6":"product_cat-schmuck-fur-sie","7":"product_cat-brustschmuck-ohne-piercing","8":"collection-30-jahre-erotik","9":"collection-schmuck-schwindel-der-sinne","11":"first","12":"instock","13":"taxable","14":"shipping-taxable","15":"purchasable","16":"product-type-simple"},"acf":[],"_links":{"self":[{"href":"https:\/\/www.sylvie-monthule.com\/de\/wp-json\/wp\/v2\/product\/81450","targetHints":{"allow":["GET"]}}],"collection":[{"href":"https:\/\/www.sylvie-monthule.com\/de\/wp-json\/wp\/v2\/product"}],"about":[{"href":"https:\/\/www.sylvie-monthule.com\/de\/wp-json\/wp\/v2\/types\/product"}],"wp:featuredmedia":[{"embeddable":true,"href":"https:\/\/www.sylvie-monthule.com\/de\/wp-json\/wp\/v2\/media\/80884"}],"wp:attachment":[{"href":"https:\/\/www.sylvie-monthule.com\/de\/wp-json\/wp\/v2\/media?parent=81450"}],"wp:term":[{"taxonomy":"product_brand","embeddable":true,"href":"https:\/\/www.sylvie-monthule.com\/de\/wp-json\/wp\/v2\/product_brand?post=81450"},{"taxonomy":"product_cat","embeddable":true,"href":"https:\/\/www.sylvie-monthule.com\/de\/wp-json\/wp\/v2\/product_cat?post=81450"},{"taxonomy":"product_tag","embeddable":true,"href":"https:\/\/www.sylvie-monthule.com\/de\/wp-json\/wp\/v2\/product_tag?post=81450"}],"curies":[{"name":"wp","href":"https:\/\/api.w.org\/{rel}","templated":true}]}}