{"id":81443,"date":"2019-11-13T10:40:35","date_gmt":"2019-11-12T10:40:35","guid":{"rendered":"https:\/\/www.sylvie-monthule.com\/?post_type=product&#038;p=81443\/"},"modified":"2025-02-17T08:48:41","modified_gmt":"2025-02-17T07:48:41","slug":"bauch-kette-geheime-zartlichkeit-goldfarben","status":"publish","type":"product","link":"https:\/\/www.sylvie-monthule.com\/de\/juwel\/bauch-kette-geheime-zartlichkeit-goldfarben\/","title":{"rendered":"Bauch-Kette \u201egeheime Z\u00e4rtlichkeit\u201c goldfarben"},"content":{"rendered":"<p>Eine elegantes und sexy Schmuckst\u00fcck&#8230;<br \/>\nAn Ihrer Taille mit einer goldenen Kette h\u00e4ngend,<br \/>\neine feine Hand greift nach einem glitzernden Kristall!<br \/>\nBei jeder Bewegung Ihres K\u00f6rpers<br \/>\ntanzt die Hand und streichelt Ihre Haut&#8230;<\/p>\n","protected":false},"excerpt":{"rendered":"<p>Geben Sie im Block Ihre Gr\u00f6\u00dfe ein:<br \/>\nS, M, L, XL&#8230; Egal welche Gr\u00f6\u00dfe Sie ausw\u00e4hlen,<br \/>\nunser Schmuck ist stets justierbar werden.<\/p>\n<p>Hohe Vergoldung 1 Mikron 16 Karat und Finish 24 Karat auf Metall<br \/>\nFacetten-Kristall. Maschenkette fein und Panzerkette zur Justierung.<br \/>\nHypoallergen.<\/p>\n","protected":false},"featured_media":80764,"template":"","meta":{"_acf_changed":false},"product_brand":[],"product_cat":[1683,1694],"product_tag":[],"class_list":{"0":"post-81443","1":"product","2":"type-product","3":"status-publish","4":"has-post-thumbnail","6":"product_cat-schmuck-fur-sie","7":"product_cat-taillenketten-fusketten","8":"collection-schmuck-schwindel-der-sinne","10":"first","11":"instock","12":"taxable","13":"shipping-taxable","14":"purchasable","15":"product-type-variable","16":"has-default-attributes"},"acf":[],"_links":{"self":[{"href":"https:\/\/www.sylvie-monthule.com\/de\/wp-json\/wp\/v2\/product\/81443","targetHints":{"allow":["GET"]}}],"collection":[{"href":"https:\/\/www.sylvie-monthule.com\/de\/wp-json\/wp\/v2\/product"}],"about":[{"href":"https:\/\/www.sylvie-monthule.com\/de\/wp-json\/wp\/v2\/types\/product"}],"wp:featuredmedia":[{"embeddable":true,"href":"https:\/\/www.sylvie-monthule.com\/de\/wp-json\/wp\/v2\/media\/80764"}],"wp:attachment":[{"href":"https:\/\/www.sylvie-monthule.com\/de\/wp-json\/wp\/v2\/media?parent=81443"}],"wp:term":[{"taxonomy":"product_brand","embeddable":true,"href":"https:\/\/www.sylvie-monthule.com\/de\/wp-json\/wp\/v2\/product_brand?post=81443"},{"taxonomy":"product_cat","embeddable":true,"href":"https:\/\/www.sylvie-monthule.com\/de\/wp-json\/wp\/v2\/product_cat?post=81443"},{"taxonomy":"product_tag","embeddable":true,"href":"https:\/\/www.sylvie-monthule.com\/de\/wp-json\/wp\/v2\/product_tag?post=81443"}],"curies":[{"name":"wp","href":"https:\/\/api.w.org\/{rel}","templated":true}]}}